{"id":12266,"date":"2022-01-27T14:27:23","date_gmt":"2022-01-27T13:27:23","guid":{"rendered":"https:\/\/www.idisantiago.es\/agenda-de-formacion\/"},"modified":"2022-03-01T14:10:09","modified_gmt":"2022-03-01T13:10:09","slug":"agenda-de-formacion","status":"publish","type":"page","link":"https:\/\/www.idisantiago.es\/en\/agenda-de-formacion\/","title":{"rendered":"Training events"},"content":{"rendered":"<p>[et_pb_section fb_built=&#8221;1&#8243; admin_label=&#8221;T\u00edtulo&#8221; _builder_version=&#8221;4.14.1&#8243; _module_preset=&#8221;default&#8221; custom_margin=&#8221;64px||0px||false|false&#8221; custom_padding=&#8221;0px||||false|false&#8221; locked=&#8221;off&#8221; collapsed=&#8221;on&#8221; global_colors_info=&#8221;{}&#8221;][et_pb_row _builder_version=&#8221;4.10.7&#8243; _module_preset=&#8221;default&#8221; width=&#8221;100%&#8221; custom_padding=&#8221;0px||||false|false&#8221; global_colors_info=&#8221;{}&#8221;][et_pb_column type=&#8221;4_4&#8243; _builder_version=&#8221;4.10.7&#8243; _module_preset=&#8221;default&#8221; global_colors_info=&#8221;{}&#8221;][et_pb_post_title meta=&#8221;off&#8221; featured_image=&#8221;off&#8221; _builder_version=&#8221;4.14.1&#8243; _module_preset=&#8221;default&#8221; global_colors_info=&#8221;{}&#8221;][\/et_pb_post_title][\/et_pb_column][\/et_pb_row][\/et_pb_section][et_pb_section fb_built=&#8221;1&#8243; _builder_version=&#8221;4.10.7&#8243; _module_preset=&#8221;default&#8221; global_colors_info=&#8221;{}&#8221;][et_pb_row _builder_version=&#8221;4.10.7&#8243; _module_preset=&#8221;default&#8221; global_colors_info=&#8221;{}&#8221;][et_pb_column type=&#8221;4_4&#8243; _builder_version=&#8221;4.10.7&#8243; _module_preset=&#8221;default&#8221; global_colors_info=&#8221;{}&#8221;][et_pb_text admin_label=&#8221;Shortcode calendario futuro&#8221; _builder_version=&#8221;4.14.7&#8243; _module_preset=&#8221;default&#8221; global_colors_info=&#8221;{}&#8221;]<\/p>\n<!=========list Template 3.6.1=========><script type=\"application\/ld+json\">\r\n[{\"@context\":\"http:\/\/schema.org\",\"@type\":\"Event\",\"name\":\"XXXVIII Reuni\\u00f3n anual de la Sociedad Gallega de Medicina Intensiva y Unidades Coronarias (SOGAMIUC)\",\"description\":\"&lt;p&gt;La Sociedad Gallega de Medicina Intensiva y unidades coronarias (SOGAMIUC), comprometida con la formaci\\u00f3n continuada de los intensivistas gallegos, tal y como dice sus estatutos, organiza esta XXXVIII reuni\\u00f3n anual. [&hellip;]&lt;\/p&gt;\\\\n\",\"image\":\"https:\/\/www.idisantiago.es\/wp-content\/uploads\/2026\/03\/PHOTO-2026-03-17-21-21-54.jpg\",\"url\":\"https:\/\/www.idisantiago.es\/en\/event\/xxxviii-reunion-anual-sogamiuc\/\",\"eventAttendanceMode\":\"https:\/\/schema.org\/OfflineEventAttendanceMode\",\"eventStatus\":\"https:\/\/schema.org\/EventScheduled\",\"startDate\":\"2026-05-07T16:00:00+02:00\",\"endDate\":\"2026-05-08T19:30:00+02:00\",\"location\":{\"@type\":\"Place\",\"name\":\"Hospital Cl\\u00ednico Universitario de Santiago de Compostela\",\"description\":\"\",\"url\":\"\",\"address\":{\"@type\":\"PostalAddress\"},\"telephone\":\"\",\"sameAs\":\"\"},\"performer\":\"Organization\"},{\"@context\":\"http:\/\/schema.org\",\"@type\":\"Event\",\"name\":\"Actualizaci\\u00f3n en Enfermedades Reum\\u00e1ticas Inflamatorias: Riesgo \\u00d3seo, Terapias Biol\\u00f3gicas y Peque\\u00f1as Mol\\u00e9culas\",\"description\":\"&lt;p&gt;Descarga el programa completo aqu\\u00ed.&lt;\/p&gt;\\\\n\",\"image\":\"https:\/\/www.idisantiago.es\/wp-content\/uploads\/2026\/04\/Captura-de-pantalla-2026-04-17-141511.png\",\"url\":\"https:\/\/www.idisantiago.es\/en\/event\/actualizacion-en-enfermedades-reumaticas-inflamatorias-riesgo-oseo-terapias-biologicas-y-pequenas-moleculas\/\",\"eventAttendanceMode\":\"https:\/\/schema.org\/OfflineEventAttendanceMode\",\"eventStatus\":\"https:\/\/schema.org\/EventScheduled\",\"startDate\":\"2026-06-05T16:00:00+02:00\",\"endDate\":\"2026-07-17T18:30:00+02:00\",\"location\":{\"@type\":\"Place\",\"name\":\"Hospital Universitario Lucus Augusti\",\"description\":\"\",\"url\":\"\",\"address\":{\"@type\":\"PostalAddress\",\"streetAddress\":\"Dr. Ulises Romero, 1\",\"addressLocality\":\"Lugo\",\"addressRegion\":\"Lugo\",\"postalCode\":\"27003\",\"addressCountry\":\"Espa\\u00f1a\"},\"telephone\":\"982 296 000\",\"sameAs\":\"\"},\"performer\":\"Organization\"},{\"@context\":\"http:\/\/schema.org\",\"@type\":\"Event\",\"name\":\"BioIntegraSa\\u00fade 2026\",\"description\":\"&lt;p&gt;El jueves d\\u00eda 18 de junio tendr\\u00e1 lugar la jornada BioIntegraSa\\u00fade 2026\\u00a0en A Coru\\u00f1a, co-organizada por los tres institutos de Investigaci\\u00f3n de Galicia: INIBIC, IDIS y IISGS. Este a\\u00f1o, el [&hellip;]&lt;\/p&gt;\\\\n\",\"image\":\"https:\/\/www.idisantiago.es\/wp-content\/uploads\/2026\/04\/Captura-de-pantalla-2026-04-16-094120.png\",\"url\":\"https:\/\/www.idisantiago.es\/event\/biointegrasaude-2026\/\",\"eventAttendanceMode\":\"https:\/\/schema.org\/OfflineEventAttendanceMode\",\"eventStatus\":\"https:\/\/schema.org\/EventScheduled\",\"startDate\":\"2026-06-18T08:30:00+02:00\",\"endDate\":\"2026-06-18T16:00:00+02:00\",\"location\":{\"@type\":\"Place\",\"name\":\"Sal\\u00f3n de Actos. 4\\u00aa planta. Complejo Hospitalario Universitario de A Coru\\u00f1a (CHUAC)\",\"description\":\"\",\"url\":\"\",\"address\":{\"@type\":\"PostalAddress\",\"streetAddress\":\"As, Xubias, 84\",\"addressLocality\":\"A Coru\\u00f1a\",\"addressRegion\":\"A Coru\\u00f1a\",\"postalCode\":\"15006\",\"addressCountry\":\"Spain\"},\"telephone\":\"981 17 80 00\",\"sameAs\":\"\"},\"organizer\":{\"@type\":\"Person\",\"name\":\"Instituto de Investigaci\\u00f3n Biom\\u00e9dica de A Coru\\u00f1a\",\"description\":\"\",\"url\":\"http:\/\/www.inibic.es\/\",\"telephone\":\"981178150\",\"email\":\"f&#117;&#110;&#100;&#97;&#99;i&#111;&#110;.prof&#101;&#115;or&#46;no&#118;&#111;a&#46;&#115;&#97;&#110;&#116;o&#115;&#64;ser&#103;a&#115;.&#101;s\",\"sameAs\":\"http:\/\/www.inibic.es\/\"},\"performer\":\"Organization\"},{\"@context\":\"http:\/\/schema.org\",\"@type\":\"Event\",\"name\":\"4th Theoretical &#038; Practical Course of Diagnosis in Thyroid Pathology\",\"description\":\"&lt;p&gt;Course Directors: Jos\\u00e9 Manuel Cameselle-Teijeiro, Ihab Abdulkader Nallib and Manuel Sobrinho-Sim\\u00f5es This is an intensive theoretical-practical course concerning thyroid pathology diagnosis with emphasis on cytological, histopathological, immunohistochemical and molecular features, [&hellip;]&lt;\/p&gt;\\\\n\",\"image\":\"https:\/\/www.idisantiago.es\/wp-content\/uploads\/2026\/03\/4cursoPatologiaTiroidea.png\",\"url\":\"https:\/\/www.idisantiago.es\/en\/event\/4th-theoretical-practical-course-of-diagnosis-in-thyroid-pathology\/\",\"eventAttendanceMode\":\"https:\/\/schema.org\/OfflineEventAttendanceMode\",\"eventStatus\":\"https:\/\/schema.org\/EventScheduled\",\"startDate\":\"2026-07-08T09:00:00+02:00\",\"endDate\":\"2026-07-10T13:30:00+02:00\",\"location\":{\"@type\":\"Place\",\"name\":\"Sal\\u00f3n de Actos 1. Hospital Cl\\u00ednico Universitario de Santiago de Compostela\",\"description\":\"\",\"url\":\"\",\"address\":{\"@type\":\"PostalAddress\",\"streetAddress\":\"R\\u00faa da Choupana, s\/n\",\"addressLocality\":\"Santiago de Compostela\",\"addressRegion\":\"A Coru\\u00f1a\",\"postalCode\":\"15706\",\"addressCountry\":\"Espa\\u00f1a\"},\"telephone\":\"\",\"sameAs\":\"https:\/\/xxisantiago.sergas.gal\"},\"organizer\":{\"@type\":\"Person\",\"name\":\"Fundaci\\u00f3n P\\u00fablica Galega Instituto de Investigaci\\u00f3n Sanitaria de Santiago de Compostela\",\"description\":\"\",\"url\":\"\",\"telephone\":\"\",\"email\":\"\",\"sameAs\":\"\"},\"offers\":{\"@type\":\"Offer\",\"price\":\"325\",\"priceCurrency\":\"EUR\",\"url\":\"https:\/\/www.idisantiago.es\/en\/event\/4th-theoretical-practical-course-of-diagnosis-in-thyroid-pathology\/\",\"category\":\"primary\",\"availability\":\"inStock\",\"validFrom\":\"2026-03-06T00:00:00+00:00\"},\"performer\":\"Organization\"}]\r\n<\/script><div id=\"ect-events-list-content\" class=\"ectt-list-wrapper\"><div id=\"list-wrp\" class=\"ect-list-wrapper formacion\">\n\t<div id=\"event-45822\"  class=\"ect-list-post style-1 ect-simple-event\" >\n\t\t<div class=\"ect-list-post-left \">\n\t\t\t<div class=\"ect-list-img\" style=\"background-image:url(&#039;https:\/\/www.idisantiago.es\/wp-content\/uploads\/2026\/03\/PHOTO-2026-03-17-21-21-54-683x1024.jpg&#039;);background-size:cover;\"><a href=\"https:\/\/www.idisantiago.es\/en\/event\/xxxviii-reunion-anual-sogamiuc\/\" alt=\"XXXVIII Reuni\u00f3n anual de la Sociedad Gallega de Medicina Intensiva y Unidades Coronarias (SOGAMIUC)\" rel=\"bookmark\">\n\t\t\t\t\t<div class=\"ect-list-date\"><div class=\"ect-date-area default-schedule\">\n\t\t\t\t\t\t\t<span class=\"ev-day\">07<\/span>\n\t\t\t\t\t\t\t<span class=\"ev-mo\">May<\/span>\n\t\t\t\t\t\t\t<span class=\"ev-yr\">2026<\/span>\n\t\t\t\t\t\t\t<span class=\"ev-time\"><span class=\"ect-icon\"><i class=\"ect-icon-clock\" aria-hidden=\"true\"><\/i><\/span> 16:00 - 19:30<\/span>\n\t\t\t\t\t\t\t<\/div><\/div>\n\t\t\t\t<\/a><\/div><\/div><!-- left-post close -->\n\t\t<div class=\"ect-list-post-right\">\n\t\t\t<div class=\"ect-list-post-right-table\"><div class=\"ect-list-description\"><h2 class=\"ect-list-title\"><a class=\"ect-event-url\" href=\"https:\/\/www.idisantiago.es\/en\/event\/xxxviii-reunion-anual-sogamiuc\/\" rel=\"bookmark\">XXXVIII Reuni\u00f3n anual de la Sociedad Gallega de Medicina Intensiva y Unidades Coronarias (SOGAMIUC)<\/a><\/h2><!-- Event Content --><div class=\"ect-event-content\"><p>La Sociedad Gallega de Medicina Intensiva y unidades coronarias (SOGAMIUC), comprometida con la formaci\u00f3n continuada de los intensivistas gallegos, tal y como dice sus estatutos, organiza esta XXXVIII reuni\u00f3n anual.[...]<\/p><\/div><a href=\"https:\/\/www.idisantiago.es\/en\/event\/xxxviii-reunion-anual-sogamiuc\/\" class=\"ect-events-read-more\" rel=\"bookmark\">Find out more<\/a><\/div><div class=\"ect-list-venue default-venue\"><span class=\"ect-icon\"><i class=\"ect-icon-location\" aria-hidden=\"true\"><\/i><\/span><!-- Venue Display Info -->\n                        <span class=\"ect-venue-details ect-address\">\n                       \n                        <div>Hospital Cl\u00ednico Universitario de Santiago de Compostela,<span class=\"tribe-address\">\n\n\n\n\n\n\n<\/span>\n<\/div><\/span><\/div><\/div><\/div><!-- right-wrapper close -->\n\t<\/div><!-- event-loop-end -->\n\t<div id=\"event-46604\"  class=\"ect-list-post style-1 ect-simple-event\" >\n\t\t<div class=\"ect-list-post-left \">\n\t\t\t<div class=\"ect-list-img\" style=\"background-image:url(&#039;https:\/\/www.idisantiago.es\/wp-content\/uploads\/2026\/04\/Captura-de-pantalla-2026-04-17-141511.png&#039;);background-size:cover;\"><a href=\"https:\/\/www.idisantiago.es\/en\/event\/actualizacion-en-enfermedades-reumaticas-inflamatorias-riesgo-oseo-terapias-biologicas-y-pequenas-moleculas\/\" alt=\"Actualizaci\u00f3n en Enfermedades Reum\u00e1ticas Inflamatorias: Riesgo \u00d3seo, Terapias Biol\u00f3gicas y Peque\u00f1as Mol\u00e9culas\" rel=\"bookmark\">\n\t\t\t\t\t<div class=\"ect-list-date\"><div class=\"ect-date-area default-schedule\">\n\t\t\t\t\t\t\t<span class=\"ev-day\">05<\/span>\n\t\t\t\t\t\t\t<span class=\"ev-mo\">June<\/span>\n\t\t\t\t\t\t\t<span class=\"ev-yr\">2026<\/span>\n\t\t\t\t\t\t\t<span class=\"ev-time\"><span class=\"ect-icon\"><i class=\"ect-icon-clock\" aria-hidden=\"true\"><\/i><\/span> 16:00 - 18:30<\/span>\n\t\t\t\t\t\t\t<\/div><\/div>\n\t\t\t\t<\/a><\/div><\/div><!-- left-post close -->\n\t\t<div class=\"ect-list-post-right\">\n\t\t\t<div class=\"ect-list-post-right-table\"><div class=\"ect-list-description\"><h2 class=\"ect-list-title\"><a class=\"ect-event-url\" href=\"https:\/\/www.idisantiago.es\/en\/event\/actualizacion-en-enfermedades-reumaticas-inflamatorias-riesgo-oseo-terapias-biologicas-y-pequenas-moleculas\/\" rel=\"bookmark\">Actualizaci\u00f3n en Enfermedades Reum\u00e1ticas Inflamatorias: Riesgo \u00d3seo, Terapias Biol\u00f3gicas y Peque\u00f1as Mol\u00e9culas<\/a><\/h2><!-- Event Content --><div class=\"ect-event-content\"><p>Descarga el programa completo aqu\u00ed.<\/p><\/div><a href=\"https:\/\/www.idisantiago.es\/en\/event\/actualizacion-en-enfermedades-reumaticas-inflamatorias-riesgo-oseo-terapias-biologicas-y-pequenas-moleculas\/\" class=\"ect-events-read-more\" rel=\"bookmark\">Find out more<\/a><\/div><div class=\"ect-list-venue default-venue\"><span class=\"ect-icon\"><i class=\"ect-icon-location\" aria-hidden=\"true\"><\/i><\/span><!-- Venue Display Info -->\n                        <span class=\"ect-venue-details ect-address\">\n                       \n                        <div>Hospital Universitario Lucus Augusti,<span class=\"tribe-address\">\n\n<span class=\"tribe-street-address\">Dr. Ulises Romero, 1<\/span>\n\t\n\t\t<br>\n\t\t<span class=\"tribe-locality\">Lugo<\/span><span class=\"tribe-delimiter\">,<\/span>\n\n\t<abbr class=\"tribe-region tribe-events-abbr\" title=\"Lugo\">Lugo<\/abbr>\n\n\t<span class=\"tribe-postal-code\">27003<\/span>\n\n\t<span class=\"tribe-country-name\">Espa\u00f1a<\/span>\n\n<\/span>\n<\/div><span class=\"ect-google\"><a class=\"tribe-events-gmap\" href=\"https:\/\/maps.google.com\/maps?f=q&#038;source=s_q&#038;hl=en&#038;geocode=&#038;q=Dr.+Ulises+Romero%2C+1+Lugo+Lugo+27003+Espa%C3%B1a\" title=\"Click to view a Google Map\" target=\"_blank\" rel=\"noreferrer noopener\">+ Google Map<\/a><\/span><\/span><\/div><\/div><\/div><!-- right-wrapper close -->\n\t<\/div><!-- event-loop-end -->\n\t<div id=\"event-46491\"  class=\"ect-list-post style-1 ect-featured-event\" >\n\t\t<div class=\"ect-list-post-left \">\n\t\t\t<div class=\"ect-list-img\" style=\"background-image:url(&#039;https:\/\/www.idisantiago.es\/wp-content\/uploads\/2026\/04\/Captura-de-pantalla-2026-04-16-094120.png&#039;);background-size:cover;\"><a href=\"https:\/\/www.idisantiago.es\/event\/biointegrasaude-2026\/\" alt=\"BioIntegraSa\u00fade 2026\" rel=\"bookmark\">\n\t\t\t\t\t<div class=\"ect-list-date\"><div class=\"ect-date-area default-schedule\">\n\t\t\t\t\t\t\t<span class=\"ev-day\">18<\/span>\n\t\t\t\t\t\t\t<span class=\"ev-mo\">June<\/span>\n\t\t\t\t\t\t\t<span class=\"ev-yr\">2026<\/span>\n\t\t\t\t\t\t\t<span class=\"ev-time\"><span class=\"ect-icon\"><i class=\"ect-icon-clock\" aria-hidden=\"true\"><\/i><\/span> 08:30 - 16:00<\/span>\n\t\t\t\t\t\t\t<\/div><\/div>\n\t\t\t\t<\/a><\/div><\/div><!-- left-post close -->\n\t\t<div class=\"ect-list-post-right\">\n\t\t\t<div class=\"ect-list-post-right-table\"><div class=\"ect-list-description\"><h2 class=\"ect-list-title\"><a class=\"ect-event-url\" href=\"https:\/\/www.idisantiago.es\/event\/biointegrasaude-2026\/\" rel=\"bookmark\">BioIntegraSa\u00fade 2026<\/a><\/h2><!-- Event Content --><div class=\"ect-event-content\"><p>El jueves d\u00eda 18 de junio tendr\u00e1 lugar la jornada BioIntegraSa\u00fade 2026\u00a0en A Coru\u00f1a, co-organizada por los tres institutos de Investigaci\u00f3n de Galicia: INIBIC, IDIS y IISGS. Este a\u00f1o, el[...]<\/p><\/div><a href=\"https:\/\/www.idisantiago.es\/event\/biointegrasaude-2026\/\" class=\"ect-events-read-more\" rel=\"bookmark\">Find out more<\/a><\/div><div class=\"ect-list-venue default-venue\"><span class=\"ect-icon\"><i class=\"ect-icon-location\" aria-hidden=\"true\"><\/i><\/span><!-- Venue Display Info -->\n                        <span class=\"ect-venue-details ect-address\">\n                       \n                        <div>Sal\u00f3n de Actos. 4\u00aa planta. Complejo Hospitalario Universitario de A Coru\u00f1a (CHUAC),<span class=\"tribe-address\">\n\n<span class=\"tribe-street-address\">As, Xubias, 84<\/span>\n\t\n\t\t<br>\n\t\t<span class=\"tribe-locality\">A Coru\u00f1a<\/span><span class=\"tribe-delimiter\">,<\/span>\n\n\t<abbr class=\"tribe-region tribe-events-abbr\" title=\"A Coru\u00f1a\">A Coru\u00f1a<\/abbr>\n\n\t<span class=\"tribe-postal-code\">15006<\/span>\n\n\t<span class=\"tribe-country-name\">Spain<\/span>\n\n<\/span>\n<\/div><span class=\"ect-google\"><a class=\"tribe-events-gmap\" href=\"https:\/\/maps.google.com\/maps?f=q&#038;source=s_q&#038;hl=en&#038;geocode=&#038;q=As%2C+Xubias%2C+84+A+Coru%C3%B1a+A+Coru%C3%B1a+15006+Spain\" title=\"Click to view a Google Map\" target=\"_blank\" rel=\"noreferrer noopener\">+ Google Map<\/a><\/span><\/span><\/div><\/div><\/div><!-- right-wrapper close -->\n\t<\/div><!-- event-loop-end -->\n\t<div id=\"event-45101\"  class=\"ect-list-post style-1 ect-simple-event\" >\n\t\t<div class=\"ect-list-post-left \">\n\t\t\t<div class=\"ect-list-img\" style=\"background-image:url(&#039;https:\/\/www.idisantiago.es\/wp-content\/uploads\/2026\/03\/4cursoPatologiaTiroidea.png&#039;);background-size:cover;\"><a href=\"https:\/\/www.idisantiago.es\/en\/event\/4th-theoretical-practical-course-of-diagnosis-in-thyroid-pathology\/\" alt=\"4th Theoretical &#038; Practical Course of Diagnosis in Thyroid Pathology\" rel=\"bookmark\">\n\t\t\t\t\t<div class=\"ect-list-date\"><div class=\"ect-date-area default-schedule\">\n\t\t\t\t\t\t\t<span class=\"ev-day\">08<\/span>\n\t\t\t\t\t\t\t<span class=\"ev-mo\">July<\/span>\n\t\t\t\t\t\t\t<span class=\"ev-yr\">2026<\/span>\n\t\t\t\t\t\t\t<span class=\"ev-time\"><span class=\"ect-icon\"><i class=\"ect-icon-clock\" aria-hidden=\"true\"><\/i><\/span> 09:00 - 13:30<\/span>\n\t\t\t\t\t\t\t<\/div><\/div>\n\t\t\t\t<\/a><\/div><\/div><!-- left-post close -->\n\t\t<div class=\"ect-list-post-right\">\n\t\t\t<div class=\"ect-list-post-right-table\"><div class=\"ect-list-description\"><h2 class=\"ect-list-title\"><a class=\"ect-event-url\" href=\"https:\/\/www.idisantiago.es\/en\/event\/4th-theoretical-practical-course-of-diagnosis-in-thyroid-pathology\/\" rel=\"bookmark\">4th Theoretical &#038; Practical Course of Diagnosis in Thyroid Pathology<\/a><\/h2><!-- Event Content --><div class=\"ect-event-content\"><p>Course Directors: Jos\u00e9 Manuel Cameselle-Teijeiro, Ihab Abdulkader Nallib and Manuel Sobrinho-Sim\u00f5es This is an intensive theoretical-practical course concerning thyroid pathology diagnosis with emphasis on cytological, histopathological, immunohistochemical and molecular features,[...]<\/p><\/div><div class=\"ect-list-cost\"><div class=\"ect-rate-area\">\n                <span class=\"ect-rate-icon\"><i class=\"ect-icon-ticket\" aria-hidden=\"true\"><\/i><\/span>\n                <span class=\"ect-rate\">325\u20ac<\/span><\/div><\/div><a href=\"https:\/\/www.idisantiago.es\/en\/event\/4th-theoretical-practical-course-of-diagnosis-in-thyroid-pathology\/\" class=\"ect-events-read-more\" rel=\"bookmark\">Find out more<\/a><\/div><div class=\"ect-list-venue default-venue\"><span class=\"ect-icon\"><i class=\"ect-icon-location\" aria-hidden=\"true\"><\/i><\/span><!-- Venue Display Info -->\n                        <span class=\"ect-venue-details ect-address\">\n                       \n                        <div>Sal\u00f3n de Actos 1. Hospital Cl\u00ednico Universitario de Santiago de Compostela,<span class=\"tribe-address\">\n\n<span class=\"tribe-street-address\">R\u00faa da Choupana, s\/n<\/span>\n\t\n\t\t<br>\n\t\t<span class=\"tribe-locality\">Santiago de Compostela<\/span><span class=\"tribe-delimiter\">,<\/span>\n\n\t<abbr class=\"tribe-region tribe-events-abbr\" title=\"A Coru\u00f1a\">A Coru\u00f1a<\/abbr>\n\n\t<span class=\"tribe-postal-code\">15706<\/span>\n\n\t<span class=\"tribe-country-name\">Espa\u00f1a<\/span>\n\n<\/span>\n<\/div><span class=\"ect-google\"><a class=\"tribe-events-gmap\" href=\"https:\/\/maps.google.com\/maps?f=q&#038;source=s_q&#038;hl=en&#038;geocode=&#038;q=R%C3%BAa+da+Choupana%2C+s%2Fn+Santiago+de+Compostela+A+Coru%C3%B1a+15706+Espa%C3%B1a\" title=\"Click to view a Google Map\" target=\"_blank\" rel=\"noreferrer noopener\">+ Google Map<\/a><\/span><\/span><\/div><\/div><\/div><!-- right-wrapper close -->\n\t<\/div><!-- event-loop-end --><\/div><\/div>\n<p>[\/et_pb_text][et_pb_button button_url=&#8221;@ET-DC@eyJkeW5hbWljIjp0cnVlLCJjb250ZW50IjoicG9zdF9saW5rX3VybF9wYWdlIiwic2V0dGluZ3MiOnsicG9zdF9pZCI6IjgyMjkifX0=@&#8221; button_text=&#8221;SEE ALL THE EVENTS&#8221; button_alignment=&#8221;center&#8221; _builder_version=&#8221;4.14.7&#8243; _dynamic_attributes=&#8221;button_url&#8221; _module_preset=&#8221;default&#8221; custom_button=&#8221;on&#8221; button_text_size=&#8221;17px&#8221; button_text_color=&#8221;#FFFFFF&#8221; button_bg_color=&#8221;#8a730f&#8221; button_border_width=&#8221;0px&#8221; button_border_radius=&#8221;0px&#8221; button_letter_spacing=&#8221;0px&#8221; button_font=&#8221;Roboto|300|||||||&#8221; button_use_icon=&#8221;off&#8221; background_layout=&#8221;dark&#8221; custom_padding=&#8221;9px|81px|9px|81px|false|false&#8221; global_colors_info=&#8221;{}&#8221;][\/et_pb_button][\/et_pb_column][\/et_pb_row][\/et_pb_section][et_pb_section fb_built=&#8221;1&#8243; admin_label=&#8221;Logos_internas&#8221; _builder_version=&#8221;4.14.7&#8243; _module_preset=&#8221;default&#8221; background_color=&#8221;RGBA(255,255,255,0)&#8221; custom_margin=&#8221;5px|||||&#8221; custom_padding=&#8221;27px||0px|||&#8221; locked=&#8221;off&#8221; global_colors_info=&#8221;{}&#8221; global_module=&#8221;11879&#8243; theme_builder_area=&#8221;post_content&#8221;][et_pb_row column_structure=&#8221;1_4,1_4,1_4,1_4&#8243; use_custom_gutter=&#8221;on&#8221; gutter_width=&#8221;4&#8243; _builder_version=&#8221;4.14.7&#8243; _module_preset=&#8221;default&#8221; width=&#8221;100%&#8221; max_width=&#8221;957px&#8221; custom_margin=&#8221;5px|auto|36px|auto||&#8221; global_colors_info=&#8221;{}&#8221; theme_builder_area=&#8221;post_content&#8221;][et_pb_column type=&#8221;1_4&#8243; _builder_version=&#8221;4.14.1&#8243; _module_preset=&#8221;default&#8221; global_colors_info=&#8221;{}&#8221; theme_builder_area=&#8221;post_content&#8221;][et_pb_image src=&#8221;https:\/\/www.idisantiago.es\/wp-content\/uploads\/2022\/02\/consellaria.png&#8221; title_text=&#8221;consellaria&#8221; module_class=&#8221;logo1&#8243; _builder_version=&#8221;4.14.7&#8243; _module_preset=&#8221;default&#8221; global_colors_info=&#8221;{}&#8221; theme_builder_area=&#8221;post_content&#8221;][\/et_pb_image][\/et_pb_column][et_pb_column type=&#8221;1_4&#8243; _builder_version=&#8221;4.14.1&#8243; _module_preset=&#8221;default&#8221; global_colors_info=&#8221;{}&#8221; theme_builder_area=&#8221;post_content&#8221;][et_pb_image src=&#8221;https:\/\/www.idisantiago.es\/wp-content\/uploads\/2022\/02\/servizo_galego_saude.png&#8221; title_text=&#8221;servizo_galego_saude&#8221; module_class=&#8221;logo2&#8243; _builder_version=&#8221;4.14.7&#8243; _module_preset=&#8221;default&#8221; custom_margin=&#8221;|||14px||&#8221; global_colors_info=&#8221;{}&#8221; theme_builder_area=&#8221;post_content&#8221;][\/et_pb_image][\/et_pb_column][et_pb_column type=&#8221;1_4&#8243; _builder_version=&#8221;4.14.1&#8243; _module_preset=&#8221;default&#8221; global_colors_info=&#8221;{}&#8221; theme_builder_area=&#8221;post_content&#8221;][et_pb_image src=&#8221;https:\/\/www.idisantiago.es\/wp-content\/uploads\/2022\/02\/usc.png&#8221; title_text=&#8221;usc&#8221; module_class=&#8221;logo3&#8243; _builder_version=&#8221;4.14.7&#8243; _module_preset=&#8221;default&#8221; custom_margin=&#8221;|||-2px||&#8221; custom_padding=&#8221;|||15px||&#8221; global_colors_info=&#8221;{}&#8221; theme_builder_area=&#8221;post_content&#8221;][\/et_pb_image][\/et_pb_column][et_pb_column type=&#8221;1_4&#8243; _builder_version=&#8221;4.14.1&#8243; _module_preset=&#8221;default&#8221; global_colors_info=&#8221;{}&#8221; theme_builder_area=&#8221;post_content&#8221;][et_pb_image src=&#8221;https:\/\/www.idisantiago.es\/wp-content\/uploads\/2022\/02\/idis.png&#8221; title_text=&#8221;idis&#8221; module_class=&#8221;logo4&#8243; _builder_version=&#8221;4.14.7&#8243; _module_preset=&#8221;default&#8221; global_colors_info=&#8221;{}&#8221; theme_builder_area=&#8221;post_content&#8221;][\/et_pb_image][\/et_pb_column][\/et_pb_row][\/et_pb_section]<\/p>\n","protected":false},"excerpt":{"rendered":"<p>[et_pb_section fb_built=&#8221;1&#8243; admin_label=&#8221;T\u00edtulo&#8221; _builder_version=&#8221;4.14.1&#8243; _module_preset=&#8221;default&#8221; custom_margin=&#8221;64px||0px||false|false&#8221; custom_padding=&#8221;0px||||false|false&#8221; locked=&#8221;off&#8221; collapsed=&#8221;on&#8221; global_colors_info=&#8221;{}&#8221;][et_pb_row _builder_version=&#8221;4.10.7&#8243; _module_preset=&#8221;default&#8221; width=&#8221;100%&#8221; custom_padding=&#8221;0px||||false|false&#8221; global_colors_info=&#8221;{}&#8221;][et_pb_column type=&#8221;4_4&#8243; _builder_version=&#8221;4.10.7&#8243; _module_preset=&#8221;default&#8221; global_colors_info=&#8221;{}&#8221;][et_pb_post_title meta=&#8221;off&#8221; featured_image=&#8221;off&#8221; _builder_version=&#8221;4.14.1&#8243; _module_preset=&#8221;default&#8221; global_colors_info=&#8221;{}&#8221;][\/et_pb_post_title][\/et_pb_column][\/et_pb_row][\/et_pb_section][et_pb_section fb_built=&#8221;1&#8243; _builder_version=&#8221;4.10.7&#8243; _module_preset=&#8221;default&#8221; global_colors_info=&#8221;{}&#8221;][et_pb_row _builder_version=&#8221;4.10.7&#8243; _module_preset=&#8221;default&#8221; [&hellip;]<\/p>\n","protected":false},"author":11,"featured_media":0,"parent":0,"menu_order":0,"comment_status":"closed","ping_status":"closed","template":"","meta":{"_et_pb_use_builder":"on","_et_pb_old_content":"","_et_gb_content_width":"","inline_featured_image":false,"footnotes":""},"class_list":["post-12266","page","type-page","status-publish","hentry","cat_formacion-en","cat_general-en"],"publishpress_future_workflow_manual_trigger":{"enabledWorkflows":[]},"_links":{"self":[{"href":"https:\/\/www.idisantiago.es\/en\/wp-json\/wp\/v2\/pages\/12266","targetHints":{"allow":["GET"]}}],"collection":[{"href":"https:\/\/www.idisantiago.es\/en\/wp-json\/wp\/v2\/pages"}],"about":[{"href":"https:\/\/www.idisantiago.es\/en\/wp-json\/wp\/v2\/types\/page"}],"author":[{"embeddable":true,"href":"https:\/\/www.idisantiago.es\/en\/wp-json\/wp\/v2\/users\/11"}],"replies":[{"embeddable":true,"href":"https:\/\/www.idisantiago.es\/en\/wp-json\/wp\/v2\/comments?post=12266"}],"version-history":[{"count":3,"href":"https:\/\/www.idisantiago.es\/en\/wp-json\/wp\/v2\/pages\/12266\/revisions"}],"predecessor-version":[{"id":14910,"href":"https:\/\/www.idisantiago.es\/en\/wp-json\/wp\/v2\/pages\/12266\/revisions\/14910"}],"wp:attachment":[{"href":"https:\/\/www.idisantiago.es\/en\/wp-json\/wp\/v2\/media?parent=12266"}],"curies":[{"name":"wp","href":"https:\/\/api.w.org\/{rel}","templated":true}]}}