{"id":14805,"date":"2022-03-01T12:13:47","date_gmt":"2022-03-01T11:13:47","guid":{"rendered":"https:\/\/www.idisantiago.es\/scientific-technical-coordination\/"},"modified":"2024-09-24T13:39:41","modified_gmt":"2024-09-24T11:39:41","slug":"scientific-technical-coordination","status":"publish","type":"page","link":"https:\/\/www.idisantiago.es\/en\/scientific-technical-coordination\/","title":{"rendered":"Scientific-Technical Coordination"},"content":{"rendered":"<p>[et_pb_section fb_built=&#8221;1&#8243; _builder_version=&#8221;4.16&#8243; _module_preset=&#8221;default&#8221; custom_margin=&#8221;24px||0px||false|false&#8221; custom_padding=&#8221;0px||||false|false&#8221; da_disable_devices=&#8221;off|off|off&#8221; locked=&#8221;on&#8221; collapsed=&#8221;on&#8221; global_colors_info=&#8221;{}&#8221; da_is_popup=&#8221;off&#8221; da_exit_intent=&#8221;off&#8221; da_has_close=&#8221;on&#8221; da_alt_close=&#8221;off&#8221; da_dark_close=&#8221;off&#8221; da_not_modal=&#8221;on&#8221; da_is_singular=&#8221;off&#8221; da_with_loader=&#8221;off&#8221; da_has_shadow=&#8221;on&#8221;][et_pb_row _builder_version=&#8221;4.16&#8243; _module_preset=&#8221;default&#8221; width=&#8221;100%&#8221; custom_padding=&#8221;0px||||false|false&#8221; global_colors_info=&#8221;{}&#8221;][et_pb_column type=&#8221;4_4&#8243; _builder_version=&#8221;4.16&#8243; _module_preset=&#8221;default&#8221; global_colors_info=&#8221;{}&#8221;][et_pb_post_title meta=&#8221;off&#8221; featured_image=&#8221;off&#8221; _builder_version=&#8221;4.16&#8243; _module_preset=&#8221;default&#8221; global_colors_info=&#8221;{}&#8221;][\/et_pb_post_title][\/et_pb_column][\/et_pb_row][\/et_pb_section][et_pb_section fb_built=&#8221;1&#8243; _builder_version=&#8221;4.16&#8243; _module_preset=&#8221;default&#8221; da_disable_devices=&#8221;off|off|off&#8221; global_colors_info=&#8221;{}&#8221; da_is_popup=&#8221;off&#8221; da_exit_intent=&#8221;off&#8221; da_has_close=&#8221;on&#8221; da_alt_close=&#8221;off&#8221; da_dark_close=&#8221;off&#8221; da_not_modal=&#8221;on&#8221; da_is_singular=&#8221;off&#8221; da_with_loader=&#8221;off&#8221; da_has_shadow=&#8221;on&#8221;][et_pb_row column_structure=&#8221;2_3,1_3&#8243; _builder_version=&#8221;4.16&#8243; _module_preset=&#8221;default&#8221; global_colors_info=&#8221;{}&#8221;][et_pb_column type=&#8221;2_3&#8243; _builder_version=&#8221;4.16&#8243; _module_preset=&#8221;default&#8221; global_colors_info=&#8221;{}&#8221;][et_pb_text _builder_version=&#8221;4.16&#8243; _module_preset=&#8221;default&#8221; text_font=&#8221;|300|||||||&#8221; global_colors_info=&#8221;{}&#8221;]The purpose of the Scientific and Technical Coordination is to enhance, manage, analyze and promote IDIS\u2019s indicators and activities; to boost its strategic plan; to offer institutional support to researchers; and to adapt the institute\u2019s management to the criteria of the ISCIII\u2019s health research institute accreditation system.<\/p>\n<p>It serves as a connecting link between researchers and the Scientific Management department, and the governing bodies and advisory committees of the Institute are coordinated from here, and it also acts as a representative before other research institutes and before ISCIII.<\/p>\n<p>IDIS\u2019s intramural subsidy calls and the incorporation, registration and control of the members and groups of the institute are managed and processed from here. It provides support in the organization of training and outreach activities carried out in the Institute, as well as the reception of visiting researchers. In addition to this, it manages the administrative organization of the IDIS\u2019s Animal Experimentation Ethics Committee and Authorized Body.[\/et_pb_text][\/et_pb_column][et_pb_column type=&#8221;1_3&#8243; _builder_version=&#8221;4.16&#8243; _module_preset=&#8221;default&#8221; global_colors_info=&#8221;{}&#8221;][et_pb_text admin_label=&#8221;Contacto&#8221; _builder_version=&#8221;4.16&#8243; _module_preset=&#8221;default&#8221; text_text_color=&#8221;#FFFFFF&#8221; header_text_color=&#8221;#FFFFFF&#8221; header_2_text_align=&#8221;left&#8221; header_2_text_color=&#8221;#FFFFFF&#8221; background_color=&#8221;#10294c&#8221; custom_margin=&#8221;0px||||false|false&#8221; custom_padding=&#8221;6px||0px|6px|false|false&#8221; locked=&#8221;on&#8221; global_colors_info=&#8221;{}&#8221;]<\/p>\n<h2>Contact<\/h2>\n<p>[\/et_pb_text][et_pb_text _builder_version=&#8221;4.21.0&#8243; _module_preset=&#8221;default&#8221; hover_enabled=&#8221;0&#8243; locked=&#8221;off&#8221; global_colors_info=&#8221;{}&#8221; sticky_enabled=&#8221;0&#8243;]<\/p>\n<p>Jos\u00e9 Ram\u00f3n Castro Ruibal<br \/>+34 981 955 308 (ext. 255 308)<br \/><a href=\"mailto:jose.ramon.castro.ruibal@sergas.es\">jose.ramon.castro.ruibal@sergas.es<\/a><\/p>\n<p>Yolanda Mar\u00eda Liste Mart\u00ednez<br \/>+34 981 955 307 (ext. 255 307)<br \/><a href=\"mailto:yolanda.maria.liste.martinez@sergas.es\">yolanda.maria.liste.martinez@sergas.es<\/a><\/p>\n<p>Iria Mar\u00eda Louzao Pernas<br \/>+34 981 950 409 (ext. 250 409)\u200b<br \/><a href=\"mailto:iria.maria.louzao.pernas@sergas.es\">iria.maria.louzao.pernas@sergas.es<\/a><\/p>\n<p>Mar\u00eda Rodr\u00edguez Carl\u00edn<br \/><a href=\"mailto:maria.rodriguez.carlin@sergas.es\">maria.rodriguez.carlin@sergas.es<\/a><\/p>\n<p>Agust\u00edn L\u00f3pez Sobrino (informatic)<br \/>+34 981 955 274 (ext. 255 274)<br \/><a href=\"mailto:jose.ramon.castro.ruibal@sergas.es\">agustin.lopez.sobrinol@sergas.es<\/a><\/p>\n<p>Jos\u00e9 Luis Balsa Otero (laboratory manager)<br \/>+34 638 726 576 (ext. 461 399)<br \/><a href=\"mailto:jose.luis.balsa.otero@sergas.es\">jose.luis.balsa.otero@sergas.es<\/a><\/p>\n<p>[\/et_pb_text][\/et_pb_column][\/et_pb_row][\/et_pb_section][et_pb_section fb_built=&#8221;1&#8243; admin_label=&#8221;Logos_internas&#8221; _builder_version=&#8221;4.16&#8243; _module_preset=&#8221;default&#8221; background_color=&#8221;RGBA(255,255,255,0)&#8221; custom_margin=&#8221;5px|||||&#8221; custom_padding=&#8221;27px||0px|||&#8221; da_disable_devices=&#8221;off|off|off&#8221; saved_tabs=&#8221;all&#8221; locked=&#8221;off&#8221; collapsed=&#8221;on&#8221; global_colors_info=&#8221;{}&#8221; da_is_popup=&#8221;off&#8221; da_exit_intent=&#8221;off&#8221; da_has_close=&#8221;on&#8221; da_alt_close=&#8221;off&#8221; da_dark_close=&#8221;off&#8221; da_not_modal=&#8221;on&#8221; da_is_singular=&#8221;off&#8221; da_with_loader=&#8221;off&#8221; da_has_shadow=&#8221;on&#8221;][et_pb_row column_structure=&#8221;1_4,1_4,1_4,1_4&#8243; use_custom_gutter=&#8221;on&#8221; gutter_width=&#8221;1&#8243; admin_label=&#8221;Fila&#8221; _builder_version=&#8221;4.16&#8243; _module_preset=&#8221;default&#8221; width=&#8221;100%&#8221; max_width=&#8221;1086px&#8221; custom_margin=&#8221;5px|auto|36px|auto||&#8221; global_colors_info=&#8221;{}&#8221;][et_pb_column type=&#8221;1_4&#8243; _builder_version=&#8221;4.16&#8243; _module_preset=&#8221;default&#8221; global_colors_info=&#8221;{}&#8221;][et_pb_image src=&#8221;https:\/\/www.idisantiago.es\/wp-content\/uploads\/2022\/02\/todos-1.png&#8221; title_text=&#8221;todos&#8221; url=&#8221;https:\/\/sanidade.xunta.gal\/portada&#8221; module_class=&#8221;logo1&#8243; _builder_version=&#8221;4.16&#8243; _module_preset=&#8221;default&#8221; custom_margin=&#8221;4%||||false|false&#8221; global_colors_info=&#8221;{}&#8221;][\/et_pb_image][\/et_pb_column][et_pb_column type=&#8221;1_4&#8243; _builder_version=&#8221;4.16&#8243; _module_preset=&#8221;default&#8221; global_colors_info=&#8221;{}&#8221;][et_pb_image src=&#8221;https:\/\/www.idisantiago.es\/wp-content\/uploads\/2022\/02\/sergas-1.png&#8221; title_text=&#8221;sergas&#8221; url=&#8221;https:\/\/www.sergas.es\/&#8221; align=&#8221;center&#8221; module_class=&#8221;logo2&#8243; _builder_version=&#8221;4.16&#8243; _module_preset=&#8221;default&#8221; custom_margin=&#8221;|||14px||&#8221; global_colors_info=&#8221;{}&#8221;][\/et_pb_image][\/et_pb_column][et_pb_column type=&#8221;1_4&#8243; _builder_version=&#8221;4.16&#8243; _module_preset=&#8221;default&#8221; global_colors_info=&#8221;{}&#8221;][et_pb_image src=&#8221;https:\/\/www.idisantiago.es\/wp-content\/uploads\/2022\/02\/usc-2.png&#8221; title_text=&#8221;usc&#8221; url=&#8221;https:\/\/www.usc.gal\/gl&#8221; align=&#8221;center&#8221; module_class=&#8221;logo3&#8243; _builder_version=&#8221;4.16&#8243; _module_preset=&#8221;default&#8221; custom_margin=&#8221;|||-2px||&#8221; custom_padding=&#8221;|||15px||&#8221; global_colors_info=&#8221;{}&#8221;][\/et_pb_image][\/et_pb_column][et_pb_column type=&#8221;1_4&#8243; _builder_version=&#8221;4.16&#8243; _module_preset=&#8221;default&#8221; global_colors_info=&#8221;{}&#8221;][et_pb_image src=&#8221;https:\/\/www.idisantiago.es\/wp-content\/uploads\/2022\/02\/idis-2.png&#8221; title_text=&#8221;idis&#8221; module_class=&#8221;logo4&#8243; _builder_version=&#8221;4.16&#8243; _module_preset=&#8221;default&#8221; global_colors_info=&#8221;{}&#8221;][\/et_pb_image][\/et_pb_column][\/et_pb_row][\/et_pb_section]<\/p>\n","protected":false},"excerpt":{"rendered":"<p>The purpose of the Scientific and Technical Coordination is to enhance, manage, analyze and promote IDIS\u2019s indicators and activities; to boost its strategic plan; to offer institutional support to researchers; [&hellip;]<\/p>\n","protected":false},"author":11,"featured_media":0,"parent":0,"menu_order":0,"comment_status":"closed","ping_status":"closed","template":"","meta":{"_et_pb_use_builder":"on","_et_pb_old_content":"<p>La Coordinaci\u00f3n Cient\u00edfico-T\u00e9cnica tiene por objetivo poner en valor, gestionar, analizar y dar a conocer los indicadores y actividades del IDIS; dinamizar su plan estrat\u00e9gico; ofrecer soporte institucional al investigador; as\u00ed como adaptar la gesti\u00f3n del instituto a los criterios del sistema acreditador de institutos de investigaci\u00f3n sanitaria del ISCIII.<\/p><p>Funciona como nexo de uni\u00f3n entre los investigadores y la Direcci\u00f3n cient\u00edfica, y desde ella se coordinan los \u00f3rganos de gobierno y comisiones asesoras del Instituto, sirviendo, adem\u00e1s, de interlocutor con otros institutos de investigaci\u00f3n y con el ISCIII.<\/p><p>Desde esta unidad se gestionan y tramitan las convocatorias de ayudas intramurales del IDIS y la incorporaci\u00f3n, registro y control de los miembros y grupos del Instituto. Ofrece soporte en la organizaci\u00f3n de actividades de formaci\u00f3n y de divulgaci\u00f3n que se desarrollan dentro del instituto, as\u00ed como la recepci\u00f3n de investigadores visitantes. Adem\u00e1s, gestiona la organizaci\u00f3n administrativa del Comit\u00e9 de \u00c9tica de Experimentaci\u00f3n Animal y el \u00d3rgano Habilitado del IDIS.<\/p>","_et_gb_content_width":"","inline_featured_image":false,"footnotes":""},"class_list":["post-14805","page","type-page","status-publish","hentry"],"publishpress_future_workflow_manual_trigger":{"enabledWorkflows":[]},"_links":{"self":[{"href":"https:\/\/www.idisantiago.es\/en\/wp-json\/wp\/v2\/pages\/14805","targetHints":{"allow":["GET"]}}],"collection":[{"href":"https:\/\/www.idisantiago.es\/en\/wp-json\/wp\/v2\/pages"}],"about":[{"href":"https:\/\/www.idisantiago.es\/en\/wp-json\/wp\/v2\/types\/page"}],"author":[{"embeddable":true,"href":"https:\/\/www.idisantiago.es\/en\/wp-json\/wp\/v2\/users\/11"}],"replies":[{"embeddable":true,"href":"https:\/\/www.idisantiago.es\/en\/wp-json\/wp\/v2\/comments?post=14805"}],"version-history":[{"count":7,"href":"https:\/\/www.idisantiago.es\/en\/wp-json\/wp\/v2\/pages\/14805\/revisions"}],"predecessor-version":[{"id":36140,"href":"https:\/\/www.idisantiago.es\/en\/wp-json\/wp\/v2\/pages\/14805\/revisions\/36140"}],"wp:attachment":[{"href":"https:\/\/www.idisantiago.es\/en\/wp-json\/wp\/v2\/media?parent=14805"}],"curies":[{"name":"wp","href":"https:\/\/api.w.org\/{rel}","templated":true}]}}