{"id":19592,"date":"2022-03-22T12:27:08","date_gmt":"2022-03-22T11:27:08","guid":{"rendered":"https:\/\/www.idisantiago.es\/organization-of-the-foundation\/"},"modified":"2025-10-24T10:50:23","modified_gmt":"2025-10-24T08:50:23","slug":"organization-of-the-foundation","status":"publish","type":"page","link":"https:\/\/www.idisantiago.es\/en\/organization-of-the-foundation\/","title":{"rendered":"Organization of the foundation"},"content":{"rendered":"<p>[et_pb_section fb_built=&#8221;1&#8243; disabled_on=&#8221;off|off|off&#8221; _builder_version=&#8221;4.16&#8243; _module_preset=&#8221;default&#8221; custom_margin=&#8221;24px||0px||false|false&#8221; custom_padding=&#8221;0px||||false|false&#8221; da_disable_devices=&#8221;off|off|off&#8221; locked=&#8221;off&#8221; collapsed=&#8221;on&#8221; global_colors_info=&#8221;{}&#8221; da_is_popup=&#8221;off&#8221; da_exit_intent=&#8221;off&#8221; da_has_close=&#8221;on&#8221; da_alt_close=&#8221;off&#8221; da_dark_close=&#8221;off&#8221; da_not_modal=&#8221;on&#8221; da_is_singular=&#8221;off&#8221; da_with_loader=&#8221;off&#8221; da_has_shadow=&#8221;on&#8221;][et_pb_row _builder_version=&#8221;4.16&#8243; _module_preset=&#8221;default&#8221; width=&#8221;100%&#8221; custom_padding=&#8221;0px||||false|false&#8221; global_colors_info=&#8221;{}&#8221;][et_pb_column type=&#8221;4_4&#8243; _builder_version=&#8221;4.16&#8243; _module_preset=&#8221;default&#8221; global_colors_info=&#8221;{}&#8221;][et_pb_post_title meta=&#8221;off&#8221; featured_image=&#8221;off&#8221; _builder_version=&#8221;4.16&#8243; _module_preset=&#8221;default&#8221; global_colors_info=&#8221;{}&#8221;][\/et_pb_post_title][\/et_pb_column][\/et_pb_row][\/et_pb_section][et_pb_section fb_built=&#8221;1&#8243; _builder_version=&#8221;4.16&#8243; _module_preset=&#8221;default&#8221; custom_margin=&#8221;24px||||false|false&#8221; da_disable_devices=&#8221;off|off|off&#8221; global_colors_info=&#8221;{}&#8221; da_is_popup=&#8221;off&#8221; da_exit_intent=&#8221;off&#8221; da_has_close=&#8221;on&#8221; da_alt_close=&#8221;off&#8221; da_dark_close=&#8221;off&#8221; da_not_modal=&#8221;on&#8221; da_is_singular=&#8221;off&#8221; da_with_loader=&#8221;off&#8221; da_has_shadow=&#8221;on&#8221;][et_pb_row column_structure=&#8221;2_3,1_3&#8243; _builder_version=&#8221;4.21.0&#8243; _module_preset=&#8221;default&#8221; global_colors_info=&#8221;{}&#8221;][et_pb_column type=&#8221;2_3&#8243; _builder_version=&#8221;4.21.0&#8243; _module_preset=&#8221;default&#8221; global_colors_info=&#8221;{}&#8221;][et_pb_text admin_label=&#8221;Quienes somos&#8221; _builder_version=&#8221;4.16&#8243; _module_preset=&#8221;default&#8221; header_2_font_size=&#8221;32px&#8221; locked=&#8221;off&#8221; global_colors_info=&#8221;{}&#8221;]<\/p>\n<h2>About us<\/h2>\n<p>[\/et_pb_text][et_pb_text _builder_version=&#8221;4.21.0&#8243; _module_preset=&#8221;default&#8221; text_font=&#8221;|300|||||||&#8221; global_colors_info=&#8221;{}&#8221;]<\/p>\n<p>The <strong>Fundaci\u00f3n P\u00fablica Galega Instituto de Investigaci\u00f3n Sanitaria de Santiago de Compostela (FIDIS)<\/strong> was created in 2001, as a result of the merger of the IDICHUS Foundation, the University Hospital Complex of Santiago and the FIDI-Xeral Calde Foundation of the Lucus Augusti University Hospital of Lugo.<\/p>\n<p>The Fundaci\u00f3n P\u00fablica Galega Instituto de Investigaci\u00f3n Sanitaria de Santiago de Compostela (FIDIS) is a non-profit foundation with its own legal entity, whose ultimate goal is to <strong>improve people\u2019s health and quality of life<\/strong>, creating a healthier future and transferring cutting-edge biomedical research results to society.<\/p>\n<p>[\/et_pb_text][et_pb_toggle title=&#8221;Board of Trustees&#8221; disabled_on=&#8221;off|off|off&#8221; admin_label=&#8221;Patronato&#8221; _builder_version=&#8221;4.21.0&#8243; _module_preset=&#8221;default&#8221; body_font=&#8221;|300|||||||&#8221; global_colors_info=&#8221;{}&#8221;]<\/p>\n<p><strong>President:<\/strong> Jos\u00e9 \u00c1ngel Facio Villanueva. Manager of the Health Area of Santiago de Compostela and Barbanza. <\/p>\n<p><strong>Vicepresidente:<\/strong> Ram\u00f3n Ares Rico. Manager of the Health Area of Lugo, A Mari\u00f1a and Monforte de Lemos. <\/p>\n<p><strong>Members:<\/strong><\/p>\n<ul>\n<li>Mar\u00eda Luz Couce Pico. Scientific Director of the Health Research Institute of Santiago de Compostela (IDIS). <\/li>\n<li>Jorge Aboal Vi\u00f1as. Head of Research in the management structure of Santiago de Compostela and Barbanza. <\/li>\n<li>Pilar Rodr\u00edguez Ledo. Responsible for Research in the management organization chart of Lugo, A Mari\u00f1a and Monforte de Lemos. <\/li>\n<li>Antonio Fern\u00e1ndez-Campa Garc\u00eda-Bernardo. Manager of the Galician Agency for Knowledge Management in Health. <\/li>\n<li>Mar\u00eda Isabel Loza Garc\u00eda. Scientific Director of Scientific Director of the Center for Research in Molecular Medicine and Chronic Diseases (CIMUS). <\/li>\n<li>Carmen Cotelo Queijo. Member appointed by the Directorate of the Galician Innovation Agency (GAIN). Director of the Galician Innovation Agency (GAIN).  <\/li>\n<li>Pilar Bermejo Barrera. Member appointed by the University of Santiago de Compostela (USC). Vice-Rector for Scientific Policy at USC.  <\/li>\n<li>Javier Quiles del R\u00edo. Member representing the Research, Innovation or Teaching Commissions of Santiago. Designated by the Management of the Health Area of Santiago de Compostela and Barbanza.  <\/li>\n<li>Luis P\u00e9rez de Llano. Member representing the Research, Innovation or Teaching Commissions of Lugo. Designated by the Management of the Health Area of Lugo, A Mari\u00f1a and Monforte de Lemos.  <\/li>\n<li>Sergio V\u00e1zquez Est\u00e9vez. Member appointed by the Ministry of Health at the proposal of the Chairman of the Board of Trustees. Head of the Medical Oncology Service at Lucus Augusti University Hospital.  <\/li>\n<li>Jos\u00e9 Ram\u00f3n Gonz\u00e1lez Juanatey. Member appointed by the Conseller\u00eda de Sanidade at the proposal of the President of the Board of Trustees. Head of the Cardiology Service of the Santiago de Compostela and Barbanza Health Area. IDIS group leader.   <\/li>\n<li>Enrique Dom\u00ednguez Mu\u00f1oz. Member appointed by the Conseller\u00eda de Sanidade at the proposal of the President of the Board of Trustees. Head of the Digestive System Service of the Santiago de Compostela and Barbanza Health Area. IDIS group leader.   <\/li>\n<li>Federico Martin\u00f3n Torres. Member appointed by the Conseller\u00eda de Sanidade at the proposal of the President of the Board of Trustees. Head of the Pediatrics Service of the Santiago de Compostela and Barbanza Health Area. IDIS group leader.   <\/li>\n<li>Juan Jos\u00e9 S\u00e1nchez Castro. Member appointed by the Conseller\u00eda de Sanidade at the proposal of the President of the Board of Trustees. Physician at the A Estrada Health Center. Member of the IDIS group.   <\/li>\n<li>Francisco Campos P\u00e9rez. Member appointed by the Board of Trustees. SNS researcher Miguel Servet (ISCIII\/IDIS). IDIS group leader.   <\/li>\n<li>Rafael L\u00f3pez L\u00f3pez. Member appointed by the Board of Trustees. Head of the Oncology Service of the Santiago de Compostela and Barbanza Health Area. IDIS group leader.   <\/li>\n<li>Mar\u00eda Pardo P\u00e9rez. Member appointed by the Board of Trustees. SNS researcher Miguel Servet (ISCIII\/IDIS). IDIS group leader.   <\/li>\n<li>Carlos Gonz\u00e1lez Juanatey. Member appointed by the Board of Trustees. Head of the Cardiology Service at Lucus Augusti University Hospital.  <\/li>\n<\/ul>\n<p><strong>Secretary:<\/strong> Isabel Lista Garc\u00eda. Director of Fundaci\u00f3n P\u00fablica Galega Instituto de Investigaci\u00f3n Sanitaria de Santiago de Compostela (FIDIS) <\/p>\n<p>[\/et_pb_toggle][et_pb_toggle title=&#8221;Departments&#8221; admin_label=&#8221;Departamentos&#8221; _builder_version=&#8221;4.21.0&#8243; _module_preset=&#8221;default&#8221; body_font=&#8221;|300|||||||&#8221; hover_enabled=&#8221;0&#8243; global_colors_info=&#8221;{}&#8221; sticky_enabled=&#8221;0&#8243;]<\/p>\n<h4>Human Resources<\/h4>\n<ul>\n<li>Tania Gonz\u00e1lez Fern\u00e1ndez<\/li>\n<li>Rut Pestonit Freire<\/li>\n<li>Desiree Mariano Cabreros<\/li>\n<\/ul>\n<h4>Financial management<\/h4>\n<ul>\n<li>Vanesa Garc\u00eda Mill\u00e1n<\/li>\n<li>Lorena Veiga Santamarina<\/li>\n<li>Andrea In\u00e9s Malvaso V\u00e1zquez<\/li>\n<li>Y\u00e9sika Torrado Mari\u00f1o<\/li>\n<li>Antonio Pi\u00f1eiro Garc\u00eda<\/li>\n<li>\u00c1lvaro Castro Barreiro<\/li>\n<li>Teresa Bra\u00f1as (Hospital de Lugo)<\/li>\n<\/ul>\n<h4>Projects<\/h4>\n<ul>\n<li>Victoria S\u00e1nchez Costa<\/li>\n<li>Eva Ben Garea<\/li>\n<li>Orlando Fern\u00e1ndez Lago<\/li>\n<li>Ana Igea Fern\u00e1ndez<\/li>\n<li>Mar\u00eda S\u00e1nchez Disla<\/li>\n<li>Alicia Ferreira Fern\u00e1ndez<\/li>\n<li>Eva Alonso L\u00f3pez (Hospital de Lugo)<\/li>\n<\/ul>\n<h4>Clinical trials<\/h4>\n<ul>\n<li>Teresa Cabaleiro Ocampo<\/li>\n<li>Loli Willisch Elorduy<\/li>\n<li>Eva Rial Pensado<\/li>\n<li>Ux\u00eda Blanco Pensado<\/li>\n<li>Mar\u00eda \u00c1lvarez Satta<\/li>\n<\/ul>\n<h4>Transfer and innovation<\/h4>\n<ul>\n<li>Mabel Sampedro Parada<\/li>\n<li>Miriam Cebey L\u00f3pez<\/li>\n<li>Laura L\u00f3pez Su\u00e1rez<\/li>\n<li>Patricia Pereira Barreiro<\/li>\n<\/ul>\n<h4>Research methodology<\/h4>\n<ul>\n<li>Ana Estany Gestal<\/li>\n<li>Andr\u00e9s Blanco Hortas (Hospital de Lugo)<\/li>\n<\/ul>\n<h4>Scientific-Technical Coordination of the Health Research Institute of Santiago de Compostela (IDIS)<\/h4>\n<ul>\n<li>Jos\u00e9 Ram\u00f3n Castro Ruibal<\/li>\n<li>Yolanda Mar\u00eda Liste Mart\u00ednez<\/li>\n<li>Iria Mar\u00eda Louzao Pernas<\/li>\n<li>Mar\u00eda Rodr\u00edguez Carl\u00edn<\/li>\n<li>Agust\u00edn L\u00f3pez Sobrino<\/li>\n<li>Jos\u00e9 Luis Balsa Otero<\/li>\n<\/ul>\n<p>[\/et_pb_toggle][et_pb_text disabled_on=&#8221;on|on|on&#8221; admin_label=&#8221;Organizaci\u00f3n&#8221; _builder_version=&#8221;4.16&#8243; _module_preset=&#8221;default&#8221; header_2_font_size=&#8221;32px&#8221; hover_enabled=&#8221;0&#8243; disabled=&#8221;on&#8221; locked=&#8221;off&#8221; global_colors_info=&#8221;{}&#8221; sticky_enabled=&#8221;0&#8243;]<\/p>\n<h2>Organization<\/h2>\n<p>[\/et_pb_text][\/et_pb_column][et_pb_column type=&#8221;1_3&#8243; _builder_version=&#8221;4.21.0&#8243; _module_preset=&#8221;default&#8221; global_colors_info=&#8221;{}&#8221;][et_pb_text admin_label=&#8221;Direcci\u00f3n&#8221; _builder_version=&#8221;4.21.0&#8243; _module_preset=&#8221;default&#8221; text_text_color=&#8221;#FFFFFF&#8221; header_text_color=&#8221;#FFFFFF&#8221; header_2_text_align=&#8221;left&#8221; header_2_text_color=&#8221;#FFFFFF&#8221; background_color=&#8221;#10294c&#8221; custom_margin=&#8221;0px||||false|false&#8221; custom_padding=&#8221;6px||0px|6px|false|false&#8221; locked=&#8221;off&#8221; global_colors_info=&#8221;{}&#8221;]<\/p>\n<h2>Direcci\u00f3n<\/h2>\n<p>[\/et_pb_text][et_pb_text admin_label=&#8221;WP Team&#8221; _builder_version=&#8221;4.21.0&#8243; _module_preset=&#8221;default&#8221; locked=&#8221;off&#8221; global_colors_info=&#8221;{}&#8221;]<\/p>\n<div class=\"sp-wp-team-pro-wrapper wp-team-pro-preloader\" >\n\n<div id=\"sptp-41479\" class=\"sp-team-pro sptp-section sptp-new_page pagination_normal sptp-even\" >\n\n\t<div class=\"sp-team-pro-page-loading-image\"><\/div>\n\t<div class=\"sptp-grid\">\n\t\t<div class=\"sptp-row  \">\n\t\t\t\t\t<div class=\"sp-team-pro-item sptp-col-lg-1 sptp-col-md-1 sptp-col-sm-1 sptp-col-xs-1\"\n\t\t\t data-member=\"13128\">\n\t\t\t\t<div class=\"sptp-member  border-bg-around-member sptp-square\">\n\t<a class=\"sptp-member-avatar \"  href=https:\/\/www.idisantiago.es\/en\/team\/isabel-lista-garcia\/ target=_blank >\n\t<div class=\"sptp-member-avatar-img-area\" data-id=\"13128\">\n\t\t<div class=\"sptp-member-avatar-img sptp-square sptp-icon-on-image none \">\n\t\t\t<div class=\"sptp-overflow-h\">\n\t\t\t\t\t\t\t\t\t<div class=\"sptp-icon text-center\">\n\t\t\t\t\t<i class=\"fa fa-plus\"><\/i>\t\t\t\t\t<\/div>\n\t\t\t\t\t\t\t\t<img loading=\"lazy\" decoding=\"async\" class=\"sptp_default_img\" srcset=\"https:\/\/www.idisantiago.es\/wp-content\/uploads\/2022\/02\/IsabelListaGarcia_CR-320x320.png\" src=\"https:\/\/www.idisantiago.es\/wp-content\/uploads\/2022\/02\/IsabelListaGarcia_CR-320x320.png\" alt=\"Isabel Lista Garc\u00eda\" width=\"320\" height=\"320\">\n\t\t\t\t\t\t\t<\/div>\n\t\t<\/div>\n\t<\/div>\n<\/a>\n\t<div class=\"sptp-member-name \">\n\t\t<h2>\n\t\t\t\t\tIsabel Lista Garc\u00eda\t\t\t\t<\/h2>\n\t<\/div>\n<div class=\"sptp-member-desc\">\n\t\tIsabel Lista Garc\u00eda has been the Director of the Fundaci\u00f3n P\u00fablica Galega Instituto de Investigaci\u00f3n Sanitaria de Santiago de Compostela (FIDIS) since 2019.<\/div>\n<div class=\"sptp-read-more-button\">\n\t<a class=\"sptp-member-read-more-button\" href=\"https:\/\/www.idisantiago.es\/en\/team\/isabel-lista-garcia\/\"> + INFO <\/a>\n<\/div>\n<\/div>\n\t\t\t\t<\/div>\n\t\t\t\t<\/div> <!-- end row -->\n\t<\/div> <!-- end grid -->\n\t\t\t<\/div>\n<\/div>\n\n<p>[\/et_pb_text][\/et_pb_column][\/et_pb_row][\/et_pb_section][et_pb_section fb_built=&#8221;1&#8243; admin_label=&#8221;Logos_internas&#8221; _builder_version=&#8221;4.16&#8243; _module_preset=&#8221;default&#8221; background_color=&#8221;RGBA(255,255,255,0)&#8221; custom_margin=&#8221;5px|||||&#8221; custom_padding=&#8221;27px||0px|||&#8221; da_disable_devices=&#8221;off|off|off&#8221; global_module=&#8221;11879&#8243; saved_tabs=&#8221;all&#8221; locked=&#8221;off&#8221; collapsed=&#8221;off&#8221; global_colors_info=&#8221;{}&#8221; da_is_popup=&#8221;off&#8221; da_exit_intent=&#8221;off&#8221; da_has_close=&#8221;on&#8221; da_alt_close=&#8221;off&#8221; da_dark_close=&#8221;off&#8221; da_not_modal=&#8221;on&#8221; da_is_singular=&#8221;off&#8221; da_with_loader=&#8221;off&#8221; da_has_shadow=&#8221;on&#8221;][et_pb_row column_structure=&#8221;1_4,1_4,1_4,1_4&#8243; use_custom_gutter=&#8221;on&#8221; gutter_width=&#8221;1&#8243; disabled_on=&#8221;on|on|off&#8221; admin_label=&#8221;Fila escritorio&#8221; _builder_version=&#8221;4.16&#8243; _module_preset=&#8221;default&#8221; width=&#8221;100%&#8221; max_width=&#8221;1086px&#8221; custom_margin=&#8221;5px|auto|36px|auto||&#8221; global_colors_info=&#8221;{}&#8221;][et_pb_column type=&#8221;1_4&#8243; _builder_version=&#8221;4.16&#8243; _module_preset=&#8221;default&#8221; global_colors_info=&#8221;{}&#8221;][et_pb_image src=&#8221;https:\/\/www.idisantiago.es\/wp-content\/uploads\/2022\/02\/todos-1.png&#8221; title_text=&#8221;todos&#8221; url=&#8221;https:\/\/sanidade.xunta.gal\/portada&#8221; module_class=&#8221;logo1&#8243; _builder_version=&#8221;4.21.0&#8243; _module_preset=&#8221;default&#8221; min_height=&#8221;47px&#8221; custom_margin=&#8221;4%||||false|false&#8221; custom_padding=&#8221;4px|||||&#8221; global_colors_info=&#8221;{}&#8221;][\/et_pb_image][\/et_pb_column][et_pb_column type=&#8221;1_4&#8243; _builder_version=&#8221;4.16&#8243; _module_preset=&#8221;default&#8221; global_colors_info=&#8221;{}&#8221;][et_pb_image src=&#8221;https:\/\/www.idisantiago.es\/wp-content\/uploads\/2022\/02\/sergas-1.png&#8221; title_text=&#8221;sergas&#8221; url=&#8221;https:\/\/www.sergas.es\/&#8221; align=&#8221;center&#8221; module_class=&#8221;logo2&#8243; _builder_version=&#8221;4.16&#8243; _module_preset=&#8221;default&#8221; custom_margin=&#8221;|||14px||&#8221; custom_padding=&#8221;12px|||||&#8221; global_colors_info=&#8221;{}&#8221;][\/et_pb_image][\/et_pb_column][et_pb_column type=&#8221;1_4&#8243; _builder_version=&#8221;4.16&#8243; _module_preset=&#8221;default&#8221; global_colors_info=&#8221;{}&#8221;][et_pb_image src=&#8221;https:\/\/www.idisantiago.es\/wp-content\/uploads\/2022\/02\/usc-2.png&#8221; title_text=&#8221;usc&#8221; url=&#8221;https:\/\/www.usc.gal\/gl&#8221; align=&#8221;center&#8221; module_class=&#8221;logo3&#8243; _builder_version=&#8221;4.16&#8243; _module_preset=&#8221;default&#8221; width=&#8221;102.2%&#8221; custom_margin=&#8221;3px|||-2px||&#8221; custom_padding=&#8221;7px|60px||0px||&#8221; global_colors_info=&#8221;{}&#8221;][\/et_pb_image][\/et_pb_column][et_pb_column type=&#8221;1_4&#8243; _builder_version=&#8221;4.16&#8243; _module_preset=&#8221;default&#8221; global_colors_info=&#8221;{}&#8221;][et_pb_image src=&#8221;https:\/\/www.idisantiago.es\/wp-content\/uploads\/2024\/09\/logo-FIDIS-31072024-2.png&#8221; title_text=&#8221;idis&#8221; module_class=&#8221;logo4&#8243; _builder_version=&#8221;4.21.0&#8243; _module_preset=&#8221;default&#8221; min_height=&#8221;59.7px&#8221; custom_margin=&#8221;||-5px|||&#8221; custom_padding=&#8221;0px||0px|||&#8221; custom_css_main_element=&#8221;padding-bottom: 10px;&#8221; global_colors_info=&#8221;{}&#8221;][\/et_pb_image][\/et_pb_column][\/et_pb_row][et_pb_row column_structure=&#8221;1_4,1_4,1_4,1_4&#8243; use_custom_gutter=&#8221;on&#8221; gutter_width=&#8221;1&#8243; disabled_on=&#8221;on|off|on&#8221; admin_label=&#8221;Fila tablet&#8221; module_class=&#8221;four-columns&#8221; _builder_version=&#8221;4.21.0&#8243; _module_preset=&#8221;default&#8221; width=&#8221;95%&#8221; max_width=&#8221;1086px&#8221; custom_margin=&#8221;5px|auto|36px|auto||&#8221; global_colors_info=&#8221;{}&#8221;][et_pb_column type=&#8221;1_4&#8243; _builder_version=&#8221;4.16&#8243; _module_preset=&#8221;default&#8221; global_colors_info=&#8221;{}&#8221;][et_pb_image src=&#8221;https:\/\/www.idisantiago.es\/wp-content\/uploads\/2022\/02\/todos-1.png&#8221; title_text=&#8221;todos&#8221; url=&#8221;https:\/\/sanidade.xunta.gal\/portada&#8221; disabled_on=&#8221;off|off|off&#8221; module_class=&#8221;logo1&#8243; _builder_version=&#8221;4.21.0&#8243; _module_preset=&#8221;default&#8221; custom_margin=&#8221;4%||||false|false&#8221; global_colors_info=&#8221;{}&#8221;][\/et_pb_image][\/et_pb_column][et_pb_column type=&#8221;1_4&#8243; _builder_version=&#8221;4.16&#8243; _module_preset=&#8221;default&#8221; global_colors_info=&#8221;{}&#8221;][et_pb_image src=&#8221;https:\/\/www.idisantiago.es\/wp-content\/uploads\/2022\/02\/sergas-1.png&#8221; title_text=&#8221;sergas&#8221; url=&#8221;https:\/\/www.sergas.es\/&#8221; align=&#8221;center&#8221; module_class=&#8221;logo2&#8243; _builder_version=&#8221;4.16&#8243; _module_preset=&#8221;default&#8221; custom_margin=&#8221;|||14px||&#8221; global_colors_info=&#8221;{}&#8221;][\/et_pb_image][\/et_pb_column][et_pb_column type=&#8221;1_4&#8243; _builder_version=&#8221;4.16&#8243; _module_preset=&#8221;default&#8221; global_colors_info=&#8221;{}&#8221;][et_pb_image src=&#8221;https:\/\/www.idisantiago.es\/wp-content\/uploads\/2022\/02\/usc-2.png&#8221; title_text=&#8221;usc&#8221; url=&#8221;https:\/\/www.usc.gal\/gl&#8221; align=&#8221;center&#8221; module_class=&#8221;logo3&#8243; _builder_version=&#8221;4.16&#8243; _module_preset=&#8221;default&#8221; custom_margin=&#8221;|||-2px||&#8221; custom_padding=&#8221;|||15px||&#8221; global_colors_info=&#8221;{}&#8221;][\/et_pb_image][\/et_pb_column][et_pb_column type=&#8221;1_4&#8243; _builder_version=&#8221;4.16&#8243; _module_preset=&#8221;default&#8221; global_colors_info=&#8221;{}&#8221;][et_pb_image src=&#8221;https:\/\/www.idisantiago.es\/wp-content\/uploads\/2022\/02\/idis-2.png&#8221; title_text=&#8221;idis&#8221; module_class=&#8221;logo4&#8243; _builder_version=&#8221;4.16&#8243; _module_preset=&#8221;default&#8221; global_colors_info=&#8221;{}&#8221;][\/et_pb_image][\/et_pb_column][\/et_pb_row][et_pb_row column_structure=&#8221;1_2,1_2&#8243; use_custom_gutter=&#8221;on&#8221; gutter_width=&#8221;1&#8243; disabled_on=&#8221;off|on|on&#8221; admin_label=&#8221;Fila m\u00f3vil&#8221; _builder_version=&#8221;4.21.0&#8243; _module_preset=&#8221;default&#8221; width=&#8221;90%&#8221; max_width=&#8221;1376px&#8221; custom_margin=&#8221;|auto||auto|false|false&#8221; custom_css_main_element=&#8221;display:flex;&#8221; locked=&#8221;off&#8221; global_colors_info=&#8221;{}&#8221;][et_pb_column type=&#8221;1_2&#8243; _builder_version=&#8221;4.16&#8243; _module_preset=&#8221;default&#8221; global_colors_info=&#8221;{}&#8221;][et_pb_image src=&#8221;https:\/\/www.idisantiago.es\/wp-content\/uploads\/2022\/02\/todos-1.png&#8221; title_text=&#8221;todos&#8221; url=&#8221;https:\/\/sanidade.xunta.gal\/&#8221; align=&#8221;center&#8221; module_class=&#8221;logo1&#8243; _builder_version=&#8221;4.16&#8243; _module_preset=&#8221;default&#8221; custom_margin=&#8221;||||false|false&#8221; custom_padding=&#8221;||||false|false&#8221; global_colors_info=&#8221;{}&#8221;][\/et_pb_image][\/et_pb_column][et_pb_column type=&#8221;1_2&#8243; _builder_version=&#8221;4.16&#8243; _module_preset=&#8221;default&#8221; global_colors_info=&#8221;{}&#8221;][et_pb_image src=&#8221;https:\/\/www.idisantiago.es\/wp-content\/uploads\/2022\/02\/sergas-1.png&#8221; title_text=&#8221;todos&#8221; url=&#8221;https:\/\/www.sergas.es\/&#8221; align=&#8221;center&#8221; module_class=&#8221;logo1&#8243; _builder_version=&#8221;4.16&#8243; _module_preset=&#8221;default&#8221; custom_margin=&#8221;||||false|false&#8221; custom_padding=&#8221;||||false|false&#8221; global_colors_info=&#8221;{}&#8221;][\/et_pb_image][\/et_pb_column][\/et_pb_row][et_pb_row column_structure=&#8221;1_2,1_2&#8243; use_custom_gutter=&#8221;on&#8221; gutter_width=&#8221;1&#8243; disabled_on=&#8221;off|on|on&#8221; admin_label=&#8221;Fila m\u00f3vil&#8221; _builder_version=&#8221;4.21.0&#8243; _module_preset=&#8221;default&#8221; width=&#8221;90%&#8221; max_width=&#8221;1376px&#8221; custom_margin=&#8221;|auto|32px|auto|false|false&#8221; custom_css_main_element=&#8221;display:flex;&#8221; locked=&#8221;off&#8221; global_colors_info=&#8221;{}&#8221;][et_pb_column type=&#8221;1_2&#8243; _builder_version=&#8221;4.16&#8243; _module_preset=&#8221;default&#8221; global_colors_info=&#8221;{}&#8221;][et_pb_image src=&#8221;https:\/\/www.idisantiago.es\/wp-content\/uploads\/2022\/02\/usc-2.png&#8221; title_text=&#8221;todos&#8221; url=&#8221;https:\/\/www.usc.gal\/gl&#8221; align=&#8221;center&#8221; module_class=&#8221;logo1&#8243; _builder_version=&#8221;4.16&#8243; _module_preset=&#8221;default&#8221; custom_margin=&#8221;||||false|false&#8221; custom_padding=&#8221;||24px||false|false&#8221; global_colors_info=&#8221;{}&#8221;][\/et_pb_image][\/et_pb_column][et_pb_column type=&#8221;1_2&#8243; _builder_version=&#8221;4.16&#8243; _module_preset=&#8221;default&#8221; global_colors_info=&#8221;{}&#8221;][et_pb_image src=&#8221;https:\/\/www.idisantiago.es\/wp-content\/uploads\/2022\/02\/idis-2.png&#8221; title_text=&#8221;todos&#8221; align=&#8221;center&#8221; module_class=&#8221;logo1&#8243; _builder_version=&#8221;4.16&#8243; _module_preset=&#8221;default&#8221; custom_margin=&#8221;||||false|false&#8221; custom_padding=&#8221;||24px||false|false&#8221; locked=&#8221;off&#8221; global_colors_info=&#8221;{}&#8221;][\/et_pb_image][\/et_pb_column][\/et_pb_row][\/et_pb_section]<\/p>\n","protected":false},"excerpt":{"rendered":"<p>About us The Fundaci\u00f3n P\u00fablica Galega Instituto de Investigaci\u00f3n Sanitaria de Santiago de Compostela (FIDIS) was created in 2001, as a result of the merger of the IDICHUS Foundation, the [&hellip;]<\/p>\n","protected":false},"author":11,"featured_media":0,"parent":0,"menu_order":0,"comment_status":"closed","ping_status":"closed","template":"","meta":{"_et_pb_use_builder":"on","_et_pb_old_content":"","_et_gb_content_width":"","inline_featured_image":false,"footnotes":""},"class_list":["post-19592","page","type-page","status-publish","hentry"],"publishpress_future_workflow_manual_trigger":{"enabledWorkflows":[]},"_links":{"self":[{"href":"https:\/\/www.idisantiago.es\/en\/wp-json\/wp\/v2\/pages\/19592","targetHints":{"allow":["GET"]}}],"collection":[{"href":"https:\/\/www.idisantiago.es\/en\/wp-json\/wp\/v2\/pages"}],"about":[{"href":"https:\/\/www.idisantiago.es\/en\/wp-json\/wp\/v2\/types\/page"}],"author":[{"embeddable":true,"href":"https:\/\/www.idisantiago.es\/en\/wp-json\/wp\/v2\/users\/11"}],"replies":[{"embeddable":true,"href":"https:\/\/www.idisantiago.es\/en\/wp-json\/wp\/v2\/comments?post=19592"}],"version-history":[{"count":29,"href":"https:\/\/www.idisantiago.es\/en\/wp-json\/wp\/v2\/pages\/19592\/revisions"}],"predecessor-version":[{"id":42685,"href":"https:\/\/www.idisantiago.es\/en\/wp-json\/wp\/v2\/pages\/19592\/revisions\/42685"}],"wp:attachment":[{"href":"https:\/\/www.idisantiago.es\/en\/wp-json\/wp\/v2\/media?parent=19592"}],"curies":[{"name":"wp","href":"https:\/\/api.w.org\/{rel}","templated":true}]}}