{"id":24728,"date":"2022-07-20T15:28:21","date_gmt":"2022-07-20T13:28:21","guid":{"rendered":"https:\/\/www.idisantiago.es\/?page_id=24728"},"modified":"2025-11-03T10:05:56","modified_gmt":"2025-11-03T09:05:56","slug":"genomics","status":"publish","type":"page","link":"https:\/\/www.idisantiago.es\/en\/plataformas-de-apoyo-comun\/genomics\/","title":{"rendered":"Genomics"},"content":{"rendered":"<p>[et_pb_section fb_built=&#8221;1&#8243; admin_label=&#8221;T\u00edtulo&#8221; _builder_version=&#8221;4.16&#8243; _module_preset=&#8221;default&#8221; custom_margin=&#8221;64px||0px||false|false&#8221; custom_padding=&#8221;0px||||false|false&#8221; da_disable_devices=&#8221;off|off|off&#8221; locked=&#8221;off&#8221; collapsed=&#8221;on&#8221; global_colors_info=&#8221;{}&#8221; da_is_popup=&#8221;off&#8221; da_exit_intent=&#8221;off&#8221; da_has_close=&#8221;on&#8221; da_alt_close=&#8221;off&#8221; da_dark_close=&#8221;off&#8221; da_not_modal=&#8221;on&#8221; da_is_singular=&#8221;off&#8221; da_with_loader=&#8221;off&#8221; da_has_shadow=&#8221;on&#8221;][et_pb_row _builder_version=&#8221;4.16&#8243; _module_preset=&#8221;default&#8221; width=&#8221;100%&#8221; custom_padding=&#8221;0px||||false|false&#8221; global_colors_info=&#8221;{}&#8221;][et_pb_column type=&#8221;4_4&#8243; _builder_version=&#8221;4.16&#8243; _module_preset=&#8221;default&#8221; global_colors_info=&#8221;{}&#8221;][et_pb_post_title meta=&#8221;off&#8221; featured_image=&#8221;off&#8221; _builder_version=&#8221;4.16&#8243; _module_preset=&#8221;default&#8221; global_colors_info=&#8221;{}&#8221;][\/et_pb_post_title][\/et_pb_column][\/et_pb_row][\/et_pb_section][et_pb_section fb_built=&#8221;1&#8243; _builder_version=&#8221;4.16&#8243; _module_preset=&#8221;default&#8221; custom_padding=&#8221;0px||||false|false&#8221; da_disable_devices=&#8221;off|off|off&#8221; global_colors_info=&#8221;{}&#8221; da_is_popup=&#8221;off&#8221; da_exit_intent=&#8221;off&#8221; da_has_close=&#8221;on&#8221; da_alt_close=&#8221;off&#8221; da_dark_close=&#8221;off&#8221; da_not_modal=&#8221;on&#8221; da_is_singular=&#8221;off&#8221; da_with_loader=&#8221;off&#8221; da_has_shadow=&#8221;on&#8221;][et_pb_row _builder_version=&#8221;4.16&#8243; _module_preset=&#8221;default&#8221; width=&#8221;100%&#8221; custom_padding=&#8221;0px||||false|false&#8221; locked=&#8221;on&#8221; collapsed=&#8221;on&#8221; global_colors_info=&#8221;{}&#8221;][et_pb_column type=&#8221;4_4&#8243; _builder_version=&#8221;4.16&#8243; _module_preset=&#8221;default&#8221; global_colors_info=&#8221;{}&#8221;][et_pb_text _builder_version=&#8221;4.16&#8243; _dynamic_attributes=&#8221;link_option_url&#8221; _module_preset=&#8221;default&#8221; link_option_url=&#8221;@ET-DC@eyJkeW5hbWljIjp0cnVlLCJjb250ZW50IjoicG9zdF9saW5rX3VybF9wYWdlIiwic2V0dGluZ3MiOnsicG9zdF9pZCI6Ijk1MDAifX0=@&#8221; global_colors_info=&#8221;{}&#8221;]<\/p>\n<p>COMMON SUPPORT PLATFORMS<\/p>\n<p>[\/et_pb_text][\/et_pb_column][\/et_pb_row][et_pb_row column_structure=&#8221;2_3,1_3&#8243; _builder_version=&#8221;4.16&#8243; _module_preset=&#8221;default&#8221; width=&#8221;100%&#8221; global_colors_info=&#8221;{}&#8221;][et_pb_column type=&#8221;2_3&#8243; _builder_version=&#8221;4.16&#8243; _module_preset=&#8221;default&#8221; global_colors_info=&#8221;{}&#8221;][et_pb_toggle title=&#8221;Equipment&#8221; disabled_on=&#8221;off|off|off&#8221; admin_label=&#8221;Equipamiento&#8221; _builder_version=&#8221;4.21.0&#8243; _module_preset=&#8221;default&#8221; body_font=&#8221;|300|||||||&#8221; global_colors_info=&#8221;{}&#8221;]<\/p>\n<p>Sequencers:<\/p>\n<ul>\n<li>Illumina NovaSeq 6000<\/li>\n<li>Illumina NextSeq 500<\/li>\n<li>Illumina NextSeq 550Dx<\/li>\n<li>Illumina MiSeq<\/li>\n<li>Ion GeneStudio S5 Plus System<\/li>\n<li>Ion Genexus Sequencer<\/li>\n<\/ul>\n<p>Complementary equipment:<\/p>\n<ul>\n<li>Covaris E220 Ultrasonicator<\/li>\n<li>Liquid dispensing robots (3 Tecan Freedom Evo)<\/li>\n<li>Plate readers<\/li>\n<li>SpeedVac DNA 130 Evaporator<\/li>\n<li>TapeStation 4200<\/li>\n<\/ul>\n<p>[\/et_pb_toggle][et_pb_toggle title=&#8221;Descripci\u00f3n&#8221; disabled_on=&#8221;off|off|off&#8221; admin_label=&#8221;Descripci\u00f3n&#8221; _builder_version=&#8221;4.21.0&#8243; _module_preset=&#8221;default&#8221; body_font=&#8221;|300|||||||&#8221; hover_enabled=&#8221;0&#8243; global_colors_info=&#8221;{}&#8221; sticky_enabled=&#8221;0&#8243;]<\/p>\n<p>The Massive Sequencing Unit has the necessary equipment to carry out sequencing experiments on complete genomes, exomes, RNAseq, etc. It has seven second-generation sequencers and complementary equipment for sample preparation such as liquid dispensing robots, the Covaris E220 ultrasonicator, DNA quantification systems, etc.<\/p>\n<p>On the other hand, the Sequencing Unit has a powerful infrastructure for data storage and computing through an agreement with the Galician Supercomputing Center (CESGA).<\/p>\n<p>[\/et_pb_toggle][et_pb_toggle title=&#8221;Servicios&#8221; disabled_on=&#8221;on|on|on&#8221; admin_label=&#8221;Servicios&#8221; _builder_version=&#8221;4.16&#8243; _module_preset=&#8221;default&#8221; body_font=&#8221;|300|||||||&#8221; disabled=&#8221;on&#8221; global_colors_info=&#8221;{}&#8221;]<\/p>\n<p>Nuestra Unidad de Epigen\u00f3mica ofrece soporte y ayuda en diferentes fases del estudio epigen\u00f3mico:<\/p>\n<ul>\n<li>Asesoramiento y ayuda en el dise\u00f1o del estudio.<\/li>\n<li>Preparaci\u00f3n y procesamiento de muestras biol\u00f3gicas.<\/li>\n<li>Realizaci\u00f3n de diferentes tipos de metodolog\u00edas epigen\u00e9ticas y\/o epigen\u00f3micas<\/li>\n<li>An\u00e1lisis, interpretaci\u00f3n y entrega de resultados.<\/li>\n<\/ul>\n<p>[\/et_pb_toggle][et_pb_toggle title=&#8221;Fees&#8221; admin_label=&#8221;Tarifas&#8221; _builder_version=&#8221;4.21.0&#8243; _module_preset=&#8221;default&#8221; body_font=&#8221;|300|||||||&#8221; global_colors_info=&#8221;{}&#8221;]<\/p>\n<p><a href=\"https:\/\/www.idisantiago.es\/wp-content\/uploads\/2024\/03\/PLATAFORMA-GENOMICA-Tarifas-v1.3_resumido_ENG.pdf\"><span style=\"color: #808000;\"><strong>Fees<\/strong><\/span><\/a><\/p>\n<p>VAT not included.<\/p>\n<p>[\/et_pb_toggle][\/et_pb_column][et_pb_column type=&#8221;1_3&#8243; _builder_version=&#8221;4.16&#8243; _module_preset=&#8221;default&#8221; global_colors_info=&#8221;{}&#8221;][et_pb_text admin_label=&#8221;Contacto&#8221; _builder_version=&#8221;4.16&#8243; _module_preset=&#8221;default&#8221; text_text_color=&#8221;#FFFFFF&#8221; header_text_color=&#8221;#FFFFFF&#8221; header_2_text_align=&#8221;left&#8221; header_2_text_color=&#8221;#FFFFFF&#8221; background_color=&#8221;#10294c&#8221; custom_margin=&#8221;0px||||false|false&#8221; custom_padding=&#8221;6px||0px|6px|false|false&#8221; locked=&#8221;on&#8221; global_colors_info=&#8221;{}&#8221;]<\/p>\n<h2>Contact<\/h2>\n<p>[\/et_pb_text][et_pb_text disabled_on=&#8221;off|off|off&#8221; _builder_version=&#8221;4.21.0&#8243; _module_preset=&#8221;default&#8221; global_colors_info=&#8221;{}&#8221;]<\/p>\n<p><strong>Beatriz Sobrino Rey<\/strong><\/p>\n<h6 class=\"western\"><a href=\"mailto:Beatriz.sobrino.rey@sergas.es\">Beatriz.sobrino.rey@sergas.es<\/a><\/h6>\n<p>&nbsp;<\/p>\n<p>[\/et_pb_text][\/et_pb_column][\/et_pb_row][\/et_pb_section][et_pb_section fb_built=&#8221;1&#8243; admin_label=&#8221;Logos_internas&#8221; _builder_version=&#8221;4.16&#8243; _module_preset=&#8221;default&#8221; background_color=&#8221;RGBA(255,255,255,0)&#8221; custom_margin=&#8221;5px|||||&#8221; custom_padding=&#8221;27px||0px|||&#8221; da_disable_devices=&#8221;off|off|off&#8221; saved_tabs=&#8221;all&#8221; locked=&#8221;off&#8221; collapsed=&#8221;off&#8221; global_colors_info=&#8221;{}&#8221; da_is_popup=&#8221;off&#8221; da_exit_intent=&#8221;off&#8221; da_has_close=&#8221;on&#8221; da_alt_close=&#8221;off&#8221; da_dark_close=&#8221;off&#8221; da_not_modal=&#8221;on&#8221; da_is_singular=&#8221;off&#8221; da_with_loader=&#8221;off&#8221; da_has_shadow=&#8221;on&#8221;][et_pb_row column_structure=&#8221;1_4,1_4,1_4,1_4&#8243; use_custom_gutter=&#8221;on&#8221; gutter_width=&#8221;1&#8243; disabled_on=&#8221;on|on|off&#8221; admin_label=&#8221;Fila escritorio&#8221; _builder_version=&#8221;4.16&#8243; _module_preset=&#8221;default&#8221; width=&#8221;100%&#8221; max_width=&#8221;1086px&#8221; custom_margin=&#8221;5px|auto|36px|auto||&#8221; global_colors_info=&#8221;{}&#8221;][et_pb_column type=&#8221;1_4&#8243; _builder_version=&#8221;4.16&#8243; _module_preset=&#8221;default&#8221; global_colors_info=&#8221;{}&#8221;][et_pb_image src=&#8221;https:\/\/www.idisantiago.es\/wp-content\/uploads\/2022\/02\/todos-1.png&#8221; title_text=&#8221;todos&#8221; url=&#8221;https:\/\/sanidade.xunta.gal\/portada&#8221; module_class=&#8221;logo1&#8243; _builder_version=&#8221;4.16&#8243; _module_preset=&#8221;default&#8221; custom_margin=&#8221;4%||||false|false&#8221; global_colors_info=&#8221;{}&#8221;][\/et_pb_image][\/et_pb_column][et_pb_column type=&#8221;1_4&#8243; _builder_version=&#8221;4.16&#8243; _module_preset=&#8221;default&#8221; global_colors_info=&#8221;{}&#8221;][et_pb_image src=&#8221;https:\/\/www.idisantiago.es\/wp-content\/uploads\/2022\/02\/sergas-1.png&#8221; title_text=&#8221;sergas&#8221; url=&#8221;https:\/\/www.sergas.es\/&#8221; align=&#8221;center&#8221; module_class=&#8221;logo2&#8243; _builder_version=&#8221;4.16&#8243; _module_preset=&#8221;default&#8221; custom_margin=&#8221;|||14px||&#8221; global_colors_info=&#8221;{}&#8221;][\/et_pb_image][\/et_pb_column][et_pb_column type=&#8221;1_4&#8243; _builder_version=&#8221;4.16&#8243; _module_preset=&#8221;default&#8221; global_colors_info=&#8221;{}&#8221;][et_pb_image src=&#8221;https:\/\/www.idisantiago.es\/wp-content\/uploads\/2022\/02\/usc-2.png&#8221; title_text=&#8221;usc&#8221; url=&#8221;https:\/\/www.usc.gal\/gl&#8221; align=&#8221;center&#8221; module_class=&#8221;logo3&#8243; _builder_version=&#8221;4.16&#8243; _module_preset=&#8221;default&#8221; custom_margin=&#8221;|||-2px||&#8221; custom_padding=&#8221;|||15px||&#8221; global_colors_info=&#8221;{}&#8221;][\/et_pb_image][\/et_pb_column][et_pb_column type=&#8221;1_4&#8243; _builder_version=&#8221;4.16&#8243; _module_preset=&#8221;default&#8221; global_colors_info=&#8221;{}&#8221;][et_pb_image src=&#8221;https:\/\/www.idisantiago.es\/wp-content\/uploads\/2022\/02\/idis-2.png&#8221; title_text=&#8221;idis&#8221; module_class=&#8221;logo4&#8243; _builder_version=&#8221;4.16&#8243; _module_preset=&#8221;default&#8221; global_colors_info=&#8221;{}&#8221;][\/et_pb_image][\/et_pb_column][\/et_pb_row][et_pb_row column_structure=&#8221;1_4,1_4,1_4,1_4&#8243; use_custom_gutter=&#8221;on&#8221; gutter_width=&#8221;1&#8243; disabled_on=&#8221;on|off|on&#8221; admin_label=&#8221;Fila tablet&#8221; module_class=&#8221;four-columns&#8221; _builder_version=&#8221;4.16&#8243; _module_preset=&#8221;default&#8221; width=&#8221;95%&#8221; max_width=&#8221;1086px&#8221; custom_margin=&#8221;5px|auto|36px|auto||&#8221; global_colors_info=&#8221;{}&#8221;][et_pb_column type=&#8221;1_4&#8243; _builder_version=&#8221;4.16&#8243; _module_preset=&#8221;default&#8221; global_colors_info=&#8221;{}&#8221;][et_pb_image src=&#8221;https:\/\/www.idisantiago.es\/wp-content\/uploads\/2022\/02\/todos-1.png&#8221; title_text=&#8221;todos&#8221; url=&#8221;https:\/\/sanidade.xunta.gal\/portada&#8221; module_class=&#8221;logo1&#8243; _builder_version=&#8221;4.16&#8243; _module_preset=&#8221;default&#8221; custom_margin=&#8221;4%||||false|false&#8221; global_colors_info=&#8221;{}&#8221;][\/et_pb_image][\/et_pb_column][et_pb_column type=&#8221;1_4&#8243; _builder_version=&#8221;4.16&#8243; _module_preset=&#8221;default&#8221; global_colors_info=&#8221;{}&#8221;][et_pb_image src=&#8221;https:\/\/www.idisantiago.es\/wp-content\/uploads\/2022\/02\/sergas-1.png&#8221; title_text=&#8221;sergas&#8221; url=&#8221;https:\/\/www.sergas.es\/&#8221; align=&#8221;center&#8221; module_class=&#8221;logo2&#8243; _builder_version=&#8221;4.16&#8243; _module_preset=&#8221;default&#8221; custom_margin=&#8221;|||14px||&#8221; global_colors_info=&#8221;{}&#8221;][\/et_pb_image][\/et_pb_column][et_pb_column type=&#8221;1_4&#8243; _builder_version=&#8221;4.16&#8243; _module_preset=&#8221;default&#8221; global_colors_info=&#8221;{}&#8221;][et_pb_image src=&#8221;https:\/\/www.idisantiago.es\/wp-content\/uploads\/2022\/02\/usc-2.png&#8221; title_text=&#8221;usc&#8221; url=&#8221;https:\/\/www.usc.gal\/gl&#8221; align=&#8221;center&#8221; module_class=&#8221;logo3&#8243; _builder_version=&#8221;4.16&#8243; _module_preset=&#8221;default&#8221; custom_margin=&#8221;|||-2px||&#8221; custom_padding=&#8221;|||15px||&#8221; global_colors_info=&#8221;{}&#8221;][\/et_pb_image][\/et_pb_column][et_pb_column type=&#8221;1_4&#8243; _builder_version=&#8221;4.16&#8243; _module_preset=&#8221;default&#8221; global_colors_info=&#8221;{}&#8221;][et_pb_image src=&#8221;https:\/\/www.idisantiago.es\/wp-content\/uploads\/2022\/02\/idis-2.png&#8221; title_text=&#8221;idis&#8221; module_class=&#8221;logo4&#8243; _builder_version=&#8221;4.16&#8243; _module_preset=&#8221;default&#8221; global_colors_info=&#8221;{}&#8221;][\/et_pb_image][\/et_pb_column][\/et_pb_row][et_pb_row column_structure=&#8221;1_2,1_2&#8243; use_custom_gutter=&#8221;on&#8221; gutter_width=&#8221;1&#8243; disabled_on=&#8221;off|on|on&#8221; admin_label=&#8221;Fila m\u00f3vil&#8221; _builder_version=&#8221;4.16&#8243; _module_preset=&#8221;default&#8221; width=&#8221;90%&#8221; max_width=&#8221;1376px&#8221; custom_margin=&#8221;|auto||auto|false|false&#8221; custom_css_main_element=&#8221;display:flex;&#8221; locked=&#8221;off&#8221; global_colors_info=&#8221;{}&#8221;][et_pb_column type=&#8221;1_2&#8243; _builder_version=&#8221;4.16&#8243; _module_preset=&#8221;default&#8221; global_colors_info=&#8221;{}&#8221;][et_pb_image src=&#8221;https:\/\/www.idisantiago.es\/wp-content\/uploads\/2022\/02\/todos-1.png&#8221; title_text=&#8221;todos&#8221; url=&#8221;https:\/\/sanidade.xunta.gal\/&#8221; align=&#8221;center&#8221; module_class=&#8221;logo1&#8243; _builder_version=&#8221;4.16&#8243; _module_preset=&#8221;default&#8221; custom_margin=&#8221;||||false|false&#8221; custom_padding=&#8221;||||false|false&#8221; global_colors_info=&#8221;{}&#8221;][\/et_pb_image][\/et_pb_column][et_pb_column type=&#8221;1_2&#8243; _builder_version=&#8221;4.16&#8243; _module_preset=&#8221;default&#8221; global_colors_info=&#8221;{}&#8221;][et_pb_image src=&#8221;https:\/\/www.idisantiago.es\/wp-content\/uploads\/2022\/02\/sergas-1.png&#8221; title_text=&#8221;todos&#8221; url=&#8221;https:\/\/www.sergas.es\/&#8221; align=&#8221;center&#8221; module_class=&#8221;logo1&#8243; _builder_version=&#8221;4.16&#8243; _module_preset=&#8221;default&#8221; custom_margin=&#8221;||||false|false&#8221; custom_padding=&#8221;||||false|false&#8221; global_colors_info=&#8221;{}&#8221;][\/et_pb_image][\/et_pb_column][\/et_pb_row][et_pb_row column_structure=&#8221;1_2,1_2&#8243; use_custom_gutter=&#8221;on&#8221; gutter_width=&#8221;1&#8243; disabled_on=&#8221;off|on|on&#8221; admin_label=&#8221;Fila m\u00f3vil&#8221; _builder_version=&#8221;4.16&#8243; _module_preset=&#8221;default&#8221; width=&#8221;90%&#8221; max_width=&#8221;1376px&#8221; custom_margin=&#8221;|auto|32px|auto|false|false&#8221; custom_css_main_element=&#8221;display:flex;&#8221; locked=&#8221;off&#8221; global_colors_info=&#8221;{}&#8221;][et_pb_column type=&#8221;1_2&#8243; _builder_version=&#8221;4.16&#8243; _module_preset=&#8221;default&#8221; global_colors_info=&#8221;{}&#8221;][et_pb_image src=&#8221;https:\/\/www.idisantiago.es\/wp-content\/uploads\/2022\/02\/usc-2.png&#8221; title_text=&#8221;todos&#8221; url=&#8221;https:\/\/www.usc.gal\/gl&#8221; align=&#8221;center&#8221; module_class=&#8221;logo1&#8243; _builder_version=&#8221;4.16&#8243; _module_preset=&#8221;default&#8221; custom_margin=&#8221;||||false|false&#8221; custom_padding=&#8221;||24px||false|false&#8221; global_colors_info=&#8221;{}&#8221;][\/et_pb_image][\/et_pb_column][et_pb_column type=&#8221;1_2&#8243; _builder_version=&#8221;4.16&#8243; _module_preset=&#8221;default&#8221; global_colors_info=&#8221;{}&#8221;][et_pb_image src=&#8221;https:\/\/www.idisantiago.es\/wp-content\/uploads\/2022\/02\/idis-2.png&#8221; title_text=&#8221;todos&#8221; align=&#8221;center&#8221; module_class=&#8221;logo1&#8243; _builder_version=&#8221;4.16&#8243; _module_preset=&#8221;default&#8221; custom_margin=&#8221;||||false|false&#8221; custom_padding=&#8221;||24px||false|false&#8221; locked=&#8221;off&#8221; global_colors_info=&#8221;{}&#8221;][\/et_pb_image][\/et_pb_column][\/et_pb_row][\/et_pb_section]<\/p>\n","protected":false},"excerpt":{"rendered":"<p>COMMON SUPPORT PLATFORMSSequencers: Illumina NovaSeq 6000 Illumina NextSeq 500 Illumina NextSeq 550Dx Illumina MiSeq Ion GeneStudio S5 Plus System Ion Genexus Sequencer Complementary equipment: Covaris E220 Ultrasonicator Liquid dispensing robots [&hellip;]<\/p>\n","protected":false},"author":14,"featured_media":0,"parent":15372,"menu_order":0,"comment_status":"closed","ping_status":"closed","template":"","meta":{"_et_pb_use_builder":"on","_et_pb_old_content":"","_et_gb_content_width":"","inline_featured_image":false,"footnotes":""},"class_list":["post-24728","page","type-page","status-publish","hentry"],"publishpress_future_workflow_manual_trigger":{"enabledWorkflows":[]},"_links":{"self":[{"href":"https:\/\/www.idisantiago.es\/en\/wp-json\/wp\/v2\/pages\/24728","targetHints":{"allow":["GET"]}}],"collection":[{"href":"https:\/\/www.idisantiago.es\/en\/wp-json\/wp\/v2\/pages"}],"about":[{"href":"https:\/\/www.idisantiago.es\/en\/wp-json\/wp\/v2\/types\/page"}],"author":[{"embeddable":true,"href":"https:\/\/www.idisantiago.es\/en\/wp-json\/wp\/v2\/users\/14"}],"replies":[{"embeddable":true,"href":"https:\/\/www.idisantiago.es\/en\/wp-json\/wp\/v2\/comments?post=24728"}],"version-history":[{"count":16,"href":"https:\/\/www.idisantiago.es\/en\/wp-json\/wp\/v2\/pages\/24728\/revisions"}],"predecessor-version":[{"id":42844,"href":"https:\/\/www.idisantiago.es\/en\/wp-json\/wp\/v2\/pages\/24728\/revisions\/42844"}],"up":[{"embeddable":true,"href":"https:\/\/www.idisantiago.es\/en\/wp-json\/wp\/v2\/pages\/15372"}],"wp:attachment":[{"href":"https:\/\/www.idisantiago.es\/en\/wp-json\/wp\/v2\/media?parent=24728"}],"curies":[{"name":"wp","href":"https:\/\/api.w.org\/{rel}","templated":true}]}}