{"id":4408,"date":"2019-02-08T16:08:44","date_gmt":"2019-02-08T15:08:44","guid":{"rendered":"https:\/\/www.idisantiago.es\/politica-de-cookies\/"},"modified":"2022-02-18T14:25:36","modified_gmt":"2022-02-18T13:25:36","slug":"cookies-policy","status":"publish","type":"page","link":"https:\/\/www.idisantiago.es\/en\/cookies-policy\/","title":{"rendered":"Cookies policy"},"content":{"rendered":"<p>[et_pb_section fb_built=&#8221;1&#8243; admin_label=&#8221;T\u00edtulo&#8221; _builder_version=&#8221;4.14.1&#8243; _module_preset=&#8221;default&#8221; custom_margin=&#8221;64px||0px||false|false&#8221; custom_padding=&#8221;0px||||false|false&#8221; locked=&#8221;off&#8221; collapsed=&#8221;on&#8221; global_colors_info=&#8221;{}&#8221; theme_builder_area=&#8221;post_content&#8221; da_is_popup=&#8221;off&#8221; da_exit_intent=&#8221;off&#8221; da_has_close=&#8221;on&#8221; da_alt_close=&#8221;off&#8221; da_dark_close=&#8221;off&#8221; da_not_modal=&#8221;on&#8221; da_is_singular=&#8221;off&#8221; da_with_loader=&#8221;off&#8221; da_has_shadow=&#8221;on&#8221; da_disable_devices=&#8221;off|off|off&#8221;][et_pb_row _builder_version=&#8221;4.10.7&#8243; _module_preset=&#8221;default&#8221; width=&#8221;100%&#8221; custom_padding=&#8221;0px||||false|false&#8221; global_colors_info=&#8221;{}&#8221; theme_builder_area=&#8221;post_content&#8221;][et_pb_column type=&#8221;4_4&#8243; _builder_version=&#8221;4.10.7&#8243; _module_preset=&#8221;default&#8221; global_colors_info=&#8221;{}&#8221; theme_builder_area=&#8221;post_content&#8221;][et_pb_post_title meta=&#8221;off&#8221; featured_image=&#8221;off&#8221; _builder_version=&#8221;4.14.1&#8243; _module_preset=&#8221;default&#8221; global_colors_info=&#8221;{}&#8221; theme_builder_area=&#8221;post_content&#8221;][\/et_pb_post_title][\/et_pb_column][\/et_pb_row][\/et_pb_section][et_pb_section fb_built=&#8221;1&#8243; _builder_version=&#8221;3.22&#8243; global_colors_info=&#8221;{}&#8221; da_is_popup=&#8221;off&#8221; da_exit_intent=&#8221;off&#8221; da_has_close=&#8221;on&#8221; da_alt_close=&#8221;off&#8221; da_dark_close=&#8221;off&#8221; da_not_modal=&#8221;on&#8221; da_is_singular=&#8221;off&#8221; da_with_loader=&#8221;off&#8221; da_has_shadow=&#8221;on&#8221; da_disable_devices=&#8221;off|off|off&#8221;][et_pb_row _builder_version=&#8221;3.25&#8243; background_size=&#8221;initial&#8221; background_position=&#8221;top_left&#8221; background_repeat=&#8221;repeat&#8221; global_colors_info=&#8221;{}&#8221;][et_pb_column type=&#8221;4_4&#8243; _builder_version=&#8221;3.25&#8243; custom_padding=&#8221;|||&#8221; global_colors_info=&#8221;{}&#8221; custom_padding__hover=&#8221;|||&#8221;][et_pb_text _builder_version=&#8221;4.14.7&#8243; background_size=&#8221;initial&#8221; background_position=&#8221;top_left&#8221; background_repeat=&#8221;repeat&#8221; hover_enabled=&#8221;0&#8243; global_colors_info=&#8221;{}&#8221; sticky_enabled=&#8221;0&#8243;]<\/p>\n<h4>QUE SON AS COOKIES?<\/h4>\n<p>As cookies son arquivos almacenados polas p\u00e1xinas web nos navegadores do usuario, as cales conte\u00f1en datos de sesi\u00f3n que poden ser de utilidade m\u00e1is adiante na mesma p\u00e1xina web. Estes datos, que se gardan nas cookies, permiten manter a informaci\u00f3n de navegaci\u00f3n entre as diferentes p\u00e1xinas do sitio Web, ao tempo que analizan a forma de interactuar con este, de forma que pode identificarse unha preferencia de usuario.<\/p>\n<p>Este sitio web www.idisantiago.es pode utilizar cookies t\u00e9cnicas (pequenos arquivos de informaci\u00f3n que o servidor env\u00eda ao ordenador de quen accede \u00e1 p\u00e1xina) para levar a cabo determinadas funci\u00f3ns que son consideradas imprescindibles para o correcto funcionamento e visualizaci\u00f3n do sitio. As cookies utilizadas te\u00f1en, en todo caso, car\u00e1cter temporal, coa \u00fanica finalidade de facer m\u00e1is eficaz a navegaci\u00f3n, e desaparecen ao terminar a sesi\u00f3n do usuario. En ning\u00fan caso, estas cookies proporcionan por si mesmas datos de car\u00e1cter persoal e non se utilizar\u00e1n para a recollida dos mesmos.<\/p>\n<p>Mediante o uso de cookies tam\u00e9n \u00e9 posible que o servidor onde se atopa a web reco\u00f1eza o navegador utilizado polo usuario coa finalidade de que a navegaci\u00f3n sexa m\u00e1is sinxela, permitindo, por exemplo, o acceso dos usuarios que se te\u00f1an rexistrado previamente \u00e1s \u00e1reas, servizos, promoci\u00f3ns ou concursos reservados exclusivamente a eles sen ter que rexistrarse en cada visita. Tam\u00e9n se poden utilizar para medir a audiencia, par\u00e1metros de tr\u00e1fico, controlar o progreso e n\u00famero de entradas, etc., sendo nestes casos cookies prescindibles tecnicamente, pero beneficiosas para o usuario. Este sitio web non instalar\u00e1 cookies prescindibles sen o consentimento previo do usuario.<\/p>\n<h4>DESCRICI\u00d3N DAS COOKIES<\/h4>\n<p>Cookies t\u00e9cnicas: Son aquelas que permiten ao usuario a navegaci\u00f3n a trav\u00e9s dunha p\u00e1xina web, plataforma ou aplicaci\u00f3n e a utilizaci\u00f3n das diferentes opci\u00f3ns ou servizos que nela existan como, por exemplo, controlar o tr\u00e1fico e a comunicaci\u00f3n de datos, identificar a sesi\u00f3n, acceder a partes de acceso restrinxido, recordar os elementos que integran un pedido, realizar o proceso de compra dun pedido, utilizar elementos de seguridade durante a navegaci\u00f3n ou compartir contidos a trav\u00e9s de redes sociais.<\/p>\n<p>Cookies de personalizaci\u00f3n: Son aquelas que permiten ao usuario acceder ao servizo con algunhas caracter\u00edsticas de car\u00e1cter xeral predefinidas en funci\u00f3n dunha serie de criterios no terminal do usuario como por exemplo ser\u00edan o idioma, o tipo de navegador a trav\u00e9s do cal accede ao servizo, a configuraci\u00f3n rexional desde onde accede ao servizo, etc.<\/p>\n<p>Cookies de sesi\u00f3n: son cookies temporais que permanecen no arquivo de cookies do navegador ata que se abandona a p\u00e1xina web. S\u00f3ese comezar para analizar pautas de tr\u00e1fico na web. \u00c1 longo prazo, isto permite proporcionar unha mellor experiencia para mellorar o contido e facilitar o seu uso.<\/p>\n<p>Cookies de an\u00e1lise: Son aquelas que ben tratadas por n\u00f3s ou por terceiros, perm\u00edtennos cuantificar o n\u00famero de usuarios e as\u00ed realizar a medici\u00f3n e an\u00e1lise estat\u00edstica da utilizaci\u00f3n que fan os usuarios do servizo ofertado. Para isto se analiza a s\u00faa navegaci\u00f3n na nosa p\u00e1xina web co fin de mellorar a oferta de produtos ou servizos que lle ofrecemos.<\/p>\n<p>Cookies empregadas neste sitio<\/p>\n<ul>\n<li>_ga: Cookie de terceiros e de an\u00e1lise para rexistrar a identificaci\u00f3n de usuarios. Caducidade 2 a\u00f1os.<\/li>\n<li>_gat: Cookie de terceiros, e de an\u00e1lise, para analizar comportamentos de navegaci\u00f3n. Caducidade 10 minutos.<\/li>\n<li>_gid: Cookie de terceiros e de an\u00e1lise para rexistrar a ID de usuarios. Caducidade 24 horas.<\/li>\n<\/ul>\n<h4>COMO DESACTIVAR AS COOKIES?<\/h4>\n<ul>\n<li><a href=\"https:\/\/support.microsoft.com\/es-es\/kb\/278835\">Internet Explorer<\/a><\/li>\n<li><a href=\"https:\/\/support.mozilla.org\/es\/kb\/habilitar-y-deshabilitar-cookies-sitios-web-rastrear-preferencias\">Mozilla Firefox<\/a><\/li>\n<li><a href=\"http:\/\/support.google.com\/chrome\/answer\/95647?hl=es\">Google Chrome<\/a><\/li>\n<li><a href=\"https:\/\/support.apple.com\/es-es\/guide\/safari\/sfri11471\/mac\">Safari<\/a><\/li>\n<li><a href=\"https:\/\/www.opera.com\/help\/tutorials\/security\/privacy\/\">Opera<\/a><\/li>\n<\/ul>\n<p>[\/et_pb_text][\/et_pb_column][\/et_pb_row][\/et_pb_section][et_pb_section fb_built=&#8221;1&#8243; admin_label=&#8221;Logos_internas&#8221; _builder_version=&#8221;4.14.7&#8243; _module_preset=&#8221;default&#8221; background_color=&#8221;RGBA(255,255,255,0)&#8221; custom_margin=&#8221;5px|||||&#8221; custom_padding=&#8221;27px||0px|||&#8221; da_disable_devices=&#8221;off|off|off&#8221; saved_tabs=&#8221;all&#8221; locked=&#8221;off&#8221; collapsed=&#8221;off&#8221; global_colors_info=&#8221;{}&#8221; global_module=&#8221;11879&#8243; theme_builder_area=&#8221;post_content&#8221; da_is_popup=&#8221;off&#8221; da_exit_intent=&#8221;off&#8221; da_has_close=&#8221;on&#8221; da_alt_close=&#8221;off&#8221; da_dark_close=&#8221;off&#8221; da_not_modal=&#8221;on&#8221; da_is_singular=&#8221;off&#8221; da_with_loader=&#8221;off&#8221; da_has_shadow=&#8221;on&#8221;][et_pb_row column_structure=&#8221;1_4,1_4,1_4,1_4&#8243; use_custom_gutter=&#8221;on&#8221; gutter_width=&#8221;1&#8243; _builder_version=&#8221;4.14.7&#8243; _module_preset=&#8221;default&#8221; width=&#8221;100%&#8221; max_width=&#8221;1086px&#8221; custom_margin=&#8221;5px|auto|36px|auto||&#8221; global_colors_info=&#8221;{}&#8221; theme_builder_area=&#8221;post_content&#8221;][et_pb_column type=&#8221;1_4&#8243; _builder_version=&#8221;4.14.1&#8243; _module_preset=&#8221;default&#8221; global_colors_info=&#8221;{}&#8221; theme_builder_area=&#8221;post_content&#8221;][et_pb_image src=&#8221;https:\/\/www.idisantiago.es\/wp-content\/uploads\/2022\/02\/todos-1.png&#8221; title_text=&#8221;todos&#8221; url=&#8221;https:\/\/sanidade.xunta.gal\/portada&#8221; module_class=&#8221;logo1&#8243; _builder_version=&#8221;4.14.7&#8243; _module_preset=&#8221;default&#8221; custom_margin=&#8221;4%||||false|false&#8221; global_colors_info=&#8221;{}&#8221; theme_builder_area=&#8221;post_content&#8221;][\/et_pb_image][\/et_pb_column][et_pb_column type=&#8221;1_4&#8243; _builder_version=&#8221;4.14.1&#8243; _module_preset=&#8221;default&#8221; global_colors_info=&#8221;{}&#8221; theme_builder_area=&#8221;post_content&#8221;][et_pb_image src=&#8221;https:\/\/www.idisantiago.es\/wp-content\/uploads\/2022\/02\/sergas-1.png&#8221; title_text=&#8221;sergas&#8221; url=&#8221;https:\/\/www.sergas.es\/&#8221; align=&#8221;center&#8221; module_class=&#8221;logo2&#8243; _builder_version=&#8221;4.14.7&#8243; _module_preset=&#8221;default&#8221; custom_margin=&#8221;|||14px||&#8221; global_colors_info=&#8221;{}&#8221; theme_builder_area=&#8221;post_content&#8221;][\/et_pb_image][\/et_pb_column][et_pb_column type=&#8221;1_4&#8243; _builder_version=&#8221;4.14.1&#8243; _module_preset=&#8221;default&#8221; global_colors_info=&#8221;{}&#8221; theme_builder_area=&#8221;post_content&#8221;][et_pb_image src=&#8221;https:\/\/www.idisantiago.es\/wp-content\/uploads\/2022\/02\/usc-2.png&#8221; title_text=&#8221;usc&#8221; url=&#8221;https:\/\/www.usc.gal\/gl&#8221; align=&#8221;center&#8221; module_class=&#8221;logo3&#8243; _builder_version=&#8221;4.14.7&#8243; _module_preset=&#8221;default&#8221; custom_margin=&#8221;|||-2px||&#8221; custom_padding=&#8221;|||15px||&#8221; global_colors_info=&#8221;{}&#8221; theme_builder_area=&#8221;post_content&#8221;][\/et_pb_image][\/et_pb_column][et_pb_column type=&#8221;1_4&#8243; _builder_version=&#8221;4.14.1&#8243; _module_preset=&#8221;default&#8221; global_colors_info=&#8221;{}&#8221; theme_builder_area=&#8221;post_content&#8221;][et_pb_image src=&#8221;https:\/\/www.idisantiago.es\/wp-content\/uploads\/2022\/02\/idis-2.png&#8221; title_text=&#8221;idis&#8221; module_class=&#8221;logo4&#8243; _builder_version=&#8221;4.14.7&#8243; _module_preset=&#8221;default&#8221; global_colors_info=&#8221;{}&#8221; theme_builder_area=&#8221;post_content&#8221;][\/et_pb_image][\/et_pb_column][\/et_pb_row][\/et_pb_section]<\/p>\n","protected":false},"excerpt":{"rendered":"<p>QUE SON AS COOKIES? As cookies son arquivos almacenados polas p\u00e1xinas web nos navegadores do usuario, as cales conte\u00f1en datos de sesi\u00f3n que poden ser de utilidade m\u00e1is adiante na [&hellip;]<\/p>\n","protected":false},"author":6,"featured_media":0,"parent":0,"menu_order":0,"comment_status":"closed","ping_status":"closed","template":"","meta":{"_et_pb_use_builder":"on","_et_pb_old_content":"<p><strong>\u00bfQue son as cookies?<\/strong><\/p><p>As cookies son arquivos almacenados polas p\u00e1xinas web nos navegadores do usuario, as cales conte\u00f1en datos de sesi\u00f3n que poden ser de utilidade m\u00e1is adiante na mesma p\u00e1xina web. Estes datos, que se gardan nas cookies, permiten manter a informaci\u00f3n de navegaci\u00f3n entre as diferentes p\u00e1xinas do sitio Web, ao tempo que analizan a forma de interactuar con este, de forma que pode identificarse unha preferencia de usuario.<\/p><p>Este sitio web www.idisantiago.es pode utilizar cookies t\u00e9cnicas (pequenos arquivos de informaci\u00f3n que o servidor env\u00eda ao ordenador de quen accede \u00e1 p\u00e1xina) para levar a cabo determinadas funci\u00f3ns que son consideradas imprescindibles para o correcto funcionamento e visualizaci\u00f3n do sitio. As cookies utilizadas te\u00f1en, en todo caso, car\u00e1cter temporal, coa \u00fanica finalidade de facer m\u00e1is eficaz a navegaci\u00f3n, e desaparecen ao terminar a sesi\u00f3n do usuario. En ning\u00fan caso, estas cookies proporcionan por si mesmas datos de car\u00e1cter persoal e non se utilizar\u00e1n para a recollida dos mesmos.<\/p><p>Mediante o uso de cookies tam\u00e9n \u00e9 posible que o servidor onde se atopa a web reco\u00f1eza o navegador utilizado polo usuario coa finalidade de que a navegaci\u00f3n sexa m\u00e1is sinxela, permitindo, por exemplo, o acceso dos usuarios que se te\u00f1an rexistrado previamente \u00e1s \u00e1reas, servizos, promoci\u00f3ns ou concursos reservados exclusivamente a eles sen ter que rexistrarse en cada visita. Tam\u00e9n se poden utilizar para medir a audiencia, par\u00e1metros de tr\u00e1fico, controlar o progreso e n\u00famero de entradas, etc., sendo nestes casos cookies prescindibles tecnicamente, pero beneficiosas para o usuario. Este sitio web non instalar\u00e1 cookies prescindibles sen o consentimento previo do usuario.<\/p><p><strong>Descrici\u00f3n das cookies<\/strong><\/p><p>Cookies t\u00e9cnicas: Son aquelas que permiten ao usuario a navegaci\u00f3n a trav\u00e9s dunha p\u00e1xina web, plataforma ou aplicaci\u00f3n e a utilizaci\u00f3n das diferentes opci\u00f3ns ou servizos que nela existan como, por exemplo, controlar o tr\u00e1fico e a comunicaci\u00f3n de datos, identificar a sesi\u00f3n, acceder a partes de acceso restrinxido, recordar os elementos que integran un pedido, realizar o proceso de compra dun pedido, utilizar elementos de seguridade durante a navegaci\u00f3n ou compartir contidos a trav\u00e9s de redes sociais.<\/p><p>Cookies de personalizaci\u00f3n: Son aquelas que permiten ao usuario acceder ao servizo con algunhas caracter\u00edsticas de car\u00e1cter xeral predefinidas en funci\u00f3n dunha serie de criterios no terminal do usuario como por exemplo ser\u00edan o idioma, o tipo de navegador a trav\u00e9s do cal accede ao servizo, a configuraci\u00f3n rexional desde onde accede ao servizo, etc.<\/p><p>Cookies de sesi\u00f3n: son cookies temporais que permanecen no arquivo de cookies do navegador ata que se abandona a p\u00e1xina web. S\u00f3ese comezar para analizar pautas de tr\u00e1fico na web. \u00c1 longo prazo, isto permite proporcionar unha mellor experiencia para mellorar o contido e facilitar o seu uso.<\/p><p>Cookies de an\u00e1lise: Son aquelas que ben tratadas por n\u00f3s ou por terceiros, perm\u00edtennos cuantificar o n\u00famero de usuarios e as\u00ed realizar a medici\u00f3n e an\u00e1lise estat\u00edstica da utilizaci\u00f3n que fan os usuarios do servizo ofertado. Para isto se analiza a s\u00faa navegaci\u00f3n na nosa p\u00e1xina web co fin de mellorar a oferta de produtos ou servizos que lle ofrecemos.<\/p><p>Cookies empregadas neste sitio<\/p><ul><li>_ga: Cookie de terceiros e de an\u00e1lise para rexistrar a identificaci\u00f3n de usuarios. Caducidade 2 a\u00f1os.<\/li><li>_gat: Cookie de terceiros, e de an\u00e1lise, para analizar comportamentos de navegaci\u00f3n. Caducidade 10 minutos.<\/li><li>_gid: Cookie de terceiros e de an\u00e1lise para rexistrar a ID de usuarios. Caducidade 24 horas.<\/li><\/ul><p><strong>\u00bfComo desactivar as cookies?<\/strong><\/p><ul><li><a href=\"https:\/\/support.microsoft.com\/es-es\/kb\/278835\">Internet Explorer<\/a><\/li><li><a href=\"https:\/\/support.mozilla.org\/es\/kb\/habilitar-y-deshabilitar-cookies-sitios-web-rastrear-preferencias\">Mozilla Firefox<\/a><\/li><li><a href=\"http:\/\/support.google.com\/chrome\/answer\/95647?hl=es\">Google Chrome<\/a><\/li><li><a href=\"https:\/\/support.apple.com\/es-es\/guide\/safari\/sfri11471\/mac\">Safari<\/a><\/li><li><a href=\"https:\/\/www.opera.com\/help\/tutorials\/security\/privacy\/\">Opera<\/a><\/li><\/ul>","_et_gb_content_width":"","inline_featured_image":false,"footnotes":""},"class_list":["post-4408","page","type-page","status-publish","hentry"],"publishpress_future_workflow_manual_trigger":{"enabledWorkflows":[]},"_links":{"self":[{"href":"https:\/\/www.idisantiago.es\/en\/wp-json\/wp\/v2\/pages\/4408","targetHints":{"allow":["GET"]}}],"collection":[{"href":"https:\/\/www.idisantiago.es\/en\/wp-json\/wp\/v2\/pages"}],"about":[{"href":"https:\/\/www.idisantiago.es\/en\/wp-json\/wp\/v2\/types\/page"}],"author":[{"embeddable":true,"href":"https:\/\/www.idisantiago.es\/en\/wp-json\/wp\/v2\/users\/6"}],"replies":[{"embeddable":true,"href":"https:\/\/www.idisantiago.es\/en\/wp-json\/wp\/v2\/comments?post=4408"}],"version-history":[{"count":6,"href":"https:\/\/www.idisantiago.es\/en\/wp-json\/wp\/v2\/pages\/4408\/revisions"}],"predecessor-version":[{"id":13434,"href":"https:\/\/www.idisantiago.es\/en\/wp-json\/wp\/v2\/pages\/4408\/revisions\/13434"}],"wp:attachment":[{"href":"https:\/\/www.idisantiago.es\/en\/wp-json\/wp\/v2\/media?parent=4408"}],"curies":[{"name":"wp","href":"https:\/\/api.w.org\/{rel}","templated":true}]}}