{"id":13508,"date":"2022-01-13T12:12:14","date_gmt":"2022-01-13T11:12:14","guid":{"rendered":"https:\/\/www.idisantiago.es\/areas-de-investigacion\/a002-genetica-y-biologia-de-sistemas\/"},"modified":"2023-04-13T10:36:06","modified_gmt":"2023-04-13T08:36:06","slug":"a002-genetica-y-biologia-de-sistemas","status":"publish","type":"page","link":"https:\/\/www.idisantiago.es\/gl\/areas-de-investigacion\/a002-genetica-y-biologia-de-sistemas\/","title":{"rendered":"A002 &#8211; Xen\u00e9tica e biolox\u00eda de sistemas"},"content":{"rendered":"<p>[et_pb_section fb_built=&#8221;1&#8243; admin_label=&#8221;T\u00edtulo&#8221; _builder_version=&#8221;4.16&#8243; _module_preset=&#8221;default&#8221; custom_margin=&#8221;24px||0px||false|false&#8221; custom_padding=&#8221;0px||||false|false&#8221; da_disable_devices=&#8221;off|off|off&#8221; locked=&#8221;on&#8221; collapsed=&#8221;on&#8221; global_colors_info=&#8221;{}&#8221; da_is_popup=&#8221;off&#8221; da_exit_intent=&#8221;off&#8221; da_has_close=&#8221;on&#8221; da_alt_close=&#8221;off&#8221; da_dark_close=&#8221;off&#8221; da_not_modal=&#8221;on&#8221; da_is_singular=&#8221;off&#8221; da_with_loader=&#8221;off&#8221; da_has_shadow=&#8221;on&#8221;][et_pb_row _builder_version=&#8221;4.16&#8243; _module_preset=&#8221;default&#8221; width=&#8221;100%&#8221; custom_padding=&#8221;0px||||false|false&#8221; global_colors_info=&#8221;{}&#8221;][et_pb_column type=&#8221;4_4&#8243; _builder_version=&#8221;4.16&#8243; _module_preset=&#8221;default&#8221; global_colors_info=&#8221;{}&#8221;]<\/p>\n<p>[et_pb_post_title meta=&#8221;off&#8221; featured_image=&#8221;off&#8221; _builder_version=&#8221;4.14.1&#8243; _module_preset=&#8221;default&#8221; global_colors_info=&#8221;{}&#8221;][\/et_pb_post_title]<\/p>\n<p>[\/et_pb_column][\/et_pb_row][\/et_pb_section][et_pb_section fb_built=&#8221;1&#8243; _builder_version=&#8221;4.16&#8243; _module_preset=&#8221;default&#8221; da_disable_devices=&#8221;off|off|off&#8221; collapsed=&#8221;off&#8221; global_colors_info=&#8221;{}&#8221; da_is_popup=&#8221;off&#8221; da_exit_intent=&#8221;off&#8221; da_has_close=&#8221;on&#8221; da_alt_close=&#8221;off&#8221; da_dark_close=&#8221;off&#8221; da_not_modal=&#8221;on&#8221; da_is_singular=&#8221;off&#8221; da_with_loader=&#8221;off&#8221; da_has_shadow=&#8221;on&#8221;][et_pb_row column_structure=&#8221;2_3,1_3&#8243; _builder_version=&#8221;4.16&#8243; _module_preset=&#8221;default&#8221; global_colors_info=&#8221;{}&#8221;][et_pb_column type=&#8221;2_3&#8243; _builder_version=&#8221;4.16&#8243; _module_preset=&#8221;default&#8221; global_colors_info=&#8221;{}&#8221;][et_pb_image src=&#8221;https:\/\/www.idisantiago.es\/wp-content\/uploads\/2020\/02\/genetica.jpg&#8221; title_text=&#8221;genetica&#8221; _builder_version=&#8221;4.16&#8243; _module_preset=&#8221;default&#8221; global_colors_info=&#8221;{}&#8221;][\/et_pb_image][et_pb_text _builder_version=&#8221;4.16&#8243; _module_preset=&#8221;default&#8221; text_font=&#8221;|300|||||||&#8221; header_font=&#8221;Roboto||||||||&#8221; text_orientation=&#8221;center&#8221; global_colors_info=&#8221;{}&#8221;]<\/p>\n<h2 style=\"text-align: left;\">Obxectivos de investigaci\u00f3n<\/h2>\n<ul>\n<li style=\"text-align: left;\">Identificaci\u00f3n de biomarcadores xen\u00e9ticos de susceptibilidade e progn\u00f3stico de enfermidades.<\/li>\n<li style=\"text-align: left;\">Mellora da capacidade de estratificaci\u00f3n das poboaci\u00f3ns para avanzar cara terapias personalizadas e reduci\u00f3n dos efectos secundarios.<\/li>\n<li style=\"text-align: left;\">Optimizaci\u00f3n de t\u00e9cnicas de diagnose xen\u00e9tica: tecnolox\u00eda avanzada e estandarizaci\u00f3n.<\/li>\n<\/ul>\n<p>[\/et_pb_text][et_pb_text _builder_version=&#8221;4.16&#8243; _module_preset=&#8221;default&#8221; header_font=&#8221;Roboto||||||||&#8221; text_orientation=&#8221;center&#8221; global_colors_info=&#8221;{}&#8221;]<\/p>\n<h2>Grupos de investigaci\u00f3n<\/h2>\n<p>[\/et_pb_text][et_pb_portfolio fullwidth=&#8221;off&#8221; posts_number=&#8221;100&#8243; include_categories=&#8221;368&#8243; show_categories=&#8221;off&#8221; show_pagination=&#8221;off&#8221; zoom_icon_color=&#8221;#FFFFFF&#8221; hover_overlay_color=&#8221;rgba(0,0,0,0.33)&#8221; hover_icon=&#8221;&#x4c;||divi||400&#8243; _builder_version=&#8221;4.16&#8243; _module_preset=&#8221;default&#8221; title_level=&#8221;h3&#8243; title_font_size=&#8221;19px&#8221; global_colors_info=&#8221;{}&#8221;][\/et_pb_portfolio][\/et_pb_column][et_pb_column type=&#8221;1_3&#8243; _builder_version=&#8221;4.16&#8243; _module_preset=&#8221;default&#8221; global_colors_info=&#8221;{}&#8221;][et_pb_text admin_label=&#8221;Lider de \u00e1rea&#8221; _builder_version=&#8221;4.19.4&#8243; _module_preset=&#8221;default&#8221; text_text_color=&#8221;#FFFFFF&#8221; header_text_color=&#8221;#FFFFFF&#8221; header_2_text_align=&#8221;left&#8221; header_2_text_color=&#8221;#FFFFFF&#8221; background_color=&#8221;#10294c&#8221; custom_margin=&#8221;0px||||false|false&#8221; custom_padding=&#8221;6px||0px|6px|false|false&#8221; hover_enabled=&#8221;0&#8243; locked=&#8221;off&#8221; global_colors_info=&#8221;{}&#8221; sticky_enabled=&#8221;0&#8243;]<\/p>\n<h2>L\u00edder de \u00e1rea<\/h2>\n<p>[\/et_pb_text][et_pb_text admin_label=&#8221;WP Team&#8221; _builder_version=&#8221;4.16&#8243; _module_preset=&#8221;default&#8221; locked=&#8221;off&#8221; global_colors_info=&#8221;{}&#8221;]<\/p>\n<div class=\"sp-wp-team-pro-wrapper wp-team-pro-preloader\" >\n\n<div id=\"sptp-10188\" class=\"sp-team-pro sptp-section sptp-new_page pagination_normal sptp-even\" >\n\n\t<div class=\"sp-team-pro-page-loading-image\"><\/div>\n\t<div class=\"sptp-grid\">\n\t\t<div class=\"sptp-row  \">\n\t\t\t\t\t<div class=\"sp-team-pro-item sptp-col-lg-1 sptp-col-md-1 sptp-col-sm-1 sptp-col-xs-1\"\n\t\t\t data-member=\"13539\">\n\t\t\t\t<div class=\"sptp-member  border-bg-around-member sptp-square\">\n\t<a class=\"sptp-member-avatar \"  href=https:\/\/www.idisantiago.es\/gl\/team\/angel-carracedo-alvarez\/ target=_blank >\n\t<div class=\"sptp-member-avatar-img-area\" data-id=\"13539\">\n\t\t<div class=\"sptp-member-avatar-img sptp-square sptp-icon-on-image none \">\n\t\t\t<div class=\"sptp-overflow-h\">\n\t\t\t\t\t\t\t\t\t<div class=\"sptp-icon text-center\">\n\t\t\t\t\t<i class=\"fa fa-plus\"><\/i>\t\t\t\t\t<\/div>\n\t\t\t\t\t\t\t\t<img loading=\"lazy\" decoding=\"async\" class=\"sptp_default_img\" srcset=\"https:\/\/www.idisantiago.es\/wp-content\/uploads\/2020\/03\/c005-ip-angel-carracedo-alvarez.jpg\" src=\"https:\/\/www.idisantiago.es\/wp-content\/uploads\/2020\/03\/c005-ip-angel-carracedo-alvarez.jpg\" alt=\"Gen\u00e9tica &#8211; \u00c1ngel Carracedo\" width=\"600\" height=\"600\">\n\t\t\t\t\t\t\t<\/div>\n\t\t<\/div>\n\t<\/div>\n<\/a>\n\t<div class=\"sptp-member-name \">\n\t\t<h2>\n\t\t\t\t\t\u00c1ngel Carracedo \u00c1lvarez\t\t\t\t<\/h2>\n\t<\/div>\n<div class=\"sptp-member-desc\">\n\t\tCatedr\u00e1tico de Medicina Legal da Universidade de Santiago (USC) desde 1989. Director da Fundaci\u00f3n P\u00fablica Galega de Medicina Xen\u00f3mica (Servizo Galego de Sa\u00fade-Xunta de Galicia) desde 1997. Director do Centro Nacional de Genotipado-ISCIII desde 2002.<\/div>\n<div class=\"sptp-member-email\">\n\n<i class=\"fa fa-envelope\"><\/i>\t<a href=\"#0\"  class=\"\">\n\t\t<span>angel.carracedo@usc.es<\/span>\n\t<\/a>\n\t<\/div>\n<div class=\"sptp-member-phone\">\n<i class=\"fa fa-phone\"><\/i>\t<a href=\"#0\"  class=\"\" >\n\t\t<span>(+34) 981 951 490<\/span>\n\t<\/a>\n\t<\/div>\n<div class=\"sptp-member-website\">\n<i class=\"fa fa-globe\"><\/i>\t<a href=\"https:\/\/orcid.org\/0000-0003-1085-8986\"  class=\"\" target=\"_blank\">\n\t\t<span>https:\/\/orcid.org\/0000-0003-1085-8986<\/span>\n\t<\/a>\n\t<\/div>\n<div class=\"sptp-read-more-button\">\n\t<a class=\"sptp-member-read-more-button\" href=\"https:\/\/www.idisantiago.es\/gl\/team\/angel-carracedo-alvarez\/\"> + INFO <\/a>\n<\/div>\n<\/div>\n\t\t\t\t<\/div>\n\t\t\t\t<\/div> <!-- end row -->\n\t<\/div> <!-- end grid -->\n\t\t\t<\/div>\n<\/div>\n\n<p>[\/et_pb_text][et_pb_text admin_label=&#8221;Co-l\u00edder de \u00e1rea&#8221; _builder_version=&#8221;4.19.4&#8243; _module_preset=&#8221;default&#8221; text_text_color=&#8221;#FFFFFF&#8221; header_text_color=&#8221;#FFFFFF&#8221; header_2_text_align=&#8221;left&#8221; header_2_text_color=&#8221;#FFFFFF&#8221; background_color=&#8221;#10294c&#8221; custom_margin=&#8221;0px||||false|false&#8221; custom_padding=&#8221;6px||0px|6px|false|false&#8221; hover_enabled=&#8221;0&#8243; locked=&#8221;off&#8221; global_colors_info=&#8221;{}&#8221; sticky_enabled=&#8221;0&#8243;]<\/p>\n<h2>Co-l\u00edder de \u00e1rea<\/h2>\n<p>[\/et_pb_text][et_pb_text admin_label=&#8221;WP Team&#8221; _builder_version=&#8221;4.17.4&#8243; _module_preset=&#8221;default&#8221; locked=&#8221;off&#8221; global_colors_info=&#8221;{}&#8221;]<\/p>\n<div class=\"sp-wp-team-pro-wrapper wp-team-pro-preloader\" >\n\n<div id=\"sptp-24328\" class=\"sp-team-pro sptp-section sptp-new_page pagination_normal sptp-even\" >\n\n\t<div class=\"sp-team-pro-page-loading-image\"><\/div>\n\t<div class=\"sptp-grid\">\n\t\t<div class=\"sptp-row  \">\n\t\t\t\t\t<div class=\"sp-team-pro-item sptp-col-lg-1 sptp-col-md-1 sptp-col-sm-1 sptp-col-xs-1\"\n\t\t\t data-member=\"17999\">\n\t\t\t\t<div class=\"sptp-member  border-bg-around-member sptp-square\">\n\t<a class=\"sptp-member-avatar \"  href=https:\/\/www.idisantiago.es\/gl\/team\/mabel-loza-garcia\/ target=_blank >\n\t<div class=\"sptp-member-avatar-img-area\" data-id=\"17999\">\n\t\t<div class=\"sptp-member-avatar-img sptp-square sptp-icon-on-image none \">\n\t\t\t<div class=\"sptp-overflow-h\">\n\t\t\t\t\t\t\t\t\t<div class=\"sptp-icon text-center\">\n\t\t\t\t\t<i class=\"fa fa-plus\"><\/i>\t\t\t\t\t<\/div>\n\t\t\t\t\t\t\t\t<img loading=\"lazy\" decoding=\"async\" class=\"sptp_default_img\" srcset=\"https:\/\/www.idisantiago.es\/wp-content\/uploads\/2022\/02\/MABEL-LOZA--scaled.jpg\" src=\"https:\/\/www.idisantiago.es\/wp-content\/uploads\/2022\/02\/MABEL-LOZA--scaled.jpg\" alt=\"A002 subcoordinadora &#8211; Mabel Loza\" width=\"2560\" height=\"1707\">\n\t\t\t\t\t\t\t<\/div>\n\t\t<\/div>\n\t<\/div>\n<\/a>\n\t<div class=\"sptp-member-name \">\n\t\t<h2>\n\t\t\t\t\tMabel Loza Garc\u00eda\t\t\t\t<\/h2>\n\t<\/div>\n<div class=\"sptp-member-desc\">\n\t\tDoutora en Farmacia pola Universidade de Santiago de Compostela. Catedr\u00e1tica de Farmacolox\u00eda da USC e l\u00edder do grupo de investigaci\u00f3n BioFarma.<\/div>\n<div class=\"sptp-read-more-button\">\n\t<a class=\"sptp-member-read-more-button\" href=\"https:\/\/www.idisantiago.es\/gl\/team\/mabel-loza-garcia\/\"> + INFO <\/a>\n<\/div>\n<\/div>\n\t\t\t\t<\/div>\n\t\t\t\t<\/div> <!-- end row -->\n\t<\/div> <!-- end grid -->\n\t\t\t<\/div>\n<\/div>\n\n<p>[\/et_pb_text][\/et_pb_column][\/et_pb_row][\/et_pb_section][et_pb_section fb_built=&#8221;1&#8243; admin_label=&#8221;Logos_internas&#8221; _builder_version=&#8221;4.14.7&#8243; _module_preset=&#8221;default&#8221; background_color=&#8221;RGBA(255,255,255,0)&#8221; custom_margin=&#8221;5px|||||&#8221; custom_padding=&#8221;27px||0px|||&#8221; da_disable_devices=&#8221;off|off|off&#8221; global_module=&#8221;11879&#8243; saved_tabs=&#8221;all&#8221; locked=&#8221;off&#8221; collapsed=&#8221;off&#8221; global_colors_info=&#8221;{}&#8221; da_is_popup=&#8221;off&#8221; da_exit_intent=&#8221;off&#8221; da_has_close=&#8221;on&#8221; da_alt_close=&#8221;off&#8221; da_dark_close=&#8221;off&#8221; da_not_modal=&#8221;on&#8221; da_is_singular=&#8221;off&#8221; da_with_loader=&#8221;off&#8221; da_has_shadow=&#8221;on&#8221;][et_pb_row column_structure=&#8221;1_4,1_4,1_4,1_4&#8243; use_custom_gutter=&#8221;on&#8221; gutter_width=&#8221;1&#8243; disabled_on=&#8221;on|on|off&#8221; admin_label=&#8221;Fila escritorio&#8221; _builder_version=&#8221;4.16&#8243; _module_preset=&#8221;default&#8221; width=&#8221;100%&#8221; max_width=&#8221;1086px&#8221; custom_margin=&#8221;5px|auto|36px|auto||&#8221; global_colors_info=&#8221;{}&#8221;][et_pb_column type=&#8221;1_4&#8243; _builder_version=&#8221;4.16&#8243; _module_preset=&#8221;default&#8221; global_colors_info=&#8221;{}&#8221;][et_pb_image src=&#8221;https:\/\/www.idisantiago.es\/wp-content\/uploads\/2022\/02\/todos-1.png&#8221; title_text=&#8221;todos&#8221; url=&#8221;https:\/\/sanidade.xunta.gal\/portada&#8221; module_class=&#8221;logo1&#8243; _builder_version=&#8221;4.16&#8243; _module_preset=&#8221;default&#8221; custom_margin=&#8221;4%||||false|false&#8221; global_colors_info=&#8221;{}&#8221;][\/et_pb_image][\/et_pb_column][et_pb_column type=&#8221;1_4&#8243; _builder_version=&#8221;4.16&#8243; _module_preset=&#8221;default&#8221; global_colors_info=&#8221;{}&#8221;][et_pb_image src=&#8221;https:\/\/www.idisantiago.es\/wp-content\/uploads\/2022\/02\/sergas-1.png&#8221; title_text=&#8221;sergas&#8221; url=&#8221;https:\/\/www.sergas.es\/&#8221; align=&#8221;center&#8221; module_class=&#8221;logo2&#8243; _builder_version=&#8221;4.16&#8243; _module_preset=&#8221;default&#8221; custom_margin=&#8221;|||14px||&#8221; global_colors_info=&#8221;{}&#8221;][\/et_pb_image][\/et_pb_column][et_pb_column type=&#8221;1_4&#8243; _builder_version=&#8221;4.16&#8243; _module_preset=&#8221;default&#8221; global_colors_info=&#8221;{}&#8221;][et_pb_image src=&#8221;https:\/\/www.idisantiago.es\/wp-content\/uploads\/2022\/02\/usc-2.png&#8221; title_text=&#8221;usc&#8221; url=&#8221;https:\/\/www.usc.gal\/gl&#8221; align=&#8221;center&#8221; module_class=&#8221;logo3&#8243; _builder_version=&#8221;4.16&#8243; _module_preset=&#8221;default&#8221; custom_margin=&#8221;|||-2px||&#8221; custom_padding=&#8221;|||15px||&#8221; global_colors_info=&#8221;{}&#8221;][\/et_pb_image][\/et_pb_column][et_pb_column type=&#8221;1_4&#8243; _builder_version=&#8221;4.16&#8243; _module_preset=&#8221;default&#8221; global_colors_info=&#8221;{}&#8221;][et_pb_image src=&#8221;https:\/\/www.idisantiago.es\/wp-content\/uploads\/2022\/02\/idis-2.png&#8221; title_text=&#8221;idis&#8221; module_class=&#8221;logo4&#8243; _builder_version=&#8221;4.16&#8243; _module_preset=&#8221;default&#8221; global_colors_info=&#8221;{}&#8221;][\/et_pb_image][\/et_pb_column][\/et_pb_row][et_pb_row column_structure=&#8221;1_4,1_4,1_4,1_4&#8243; use_custom_gutter=&#8221;on&#8221; gutter_width=&#8221;1&#8243; disabled_on=&#8221;on|off|on&#8221; admin_label=&#8221;Fila tablet&#8221; module_class=&#8221;four-columns&#8221; _builder_version=&#8221;4.16&#8243; _module_preset=&#8221;default&#8221; width=&#8221;95%&#8221; max_width=&#8221;1086px&#8221; custom_margin=&#8221;5px|auto|36px|auto||&#8221; global_colors_info=&#8221;{}&#8221;][et_pb_column type=&#8221;1_4&#8243; _builder_version=&#8221;4.16&#8243; _module_preset=&#8221;default&#8221; global_colors_info=&#8221;{}&#8221;][et_pb_image src=&#8221;https:\/\/www.idisantiago.es\/wp-content\/uploads\/2022\/02\/todos-1.png&#8221; title_text=&#8221;todos&#8221; url=&#8221;https:\/\/sanidade.xunta.gal\/portada&#8221; module_class=&#8221;logo1&#8243; _builder_version=&#8221;4.16&#8243; _module_preset=&#8221;default&#8221; custom_margin=&#8221;4%||||false|false&#8221; global_colors_info=&#8221;{}&#8221;][\/et_pb_image][\/et_pb_column][et_pb_column type=&#8221;1_4&#8243; _builder_version=&#8221;4.16&#8243; _module_preset=&#8221;default&#8221; global_colors_info=&#8221;{}&#8221;][et_pb_image src=&#8221;https:\/\/www.idisantiago.es\/wp-content\/uploads\/2022\/02\/sergas-1.png&#8221; title_text=&#8221;sergas&#8221; url=&#8221;https:\/\/www.sergas.es\/&#8221; align=&#8221;center&#8221; module_class=&#8221;logo2&#8243; _builder_version=&#8221;4.16&#8243; _module_preset=&#8221;default&#8221; custom_margin=&#8221;|||14px||&#8221; global_colors_info=&#8221;{}&#8221;][\/et_pb_image][\/et_pb_column][et_pb_column type=&#8221;1_4&#8243; _builder_version=&#8221;4.16&#8243; _module_preset=&#8221;default&#8221; global_colors_info=&#8221;{}&#8221;][et_pb_image src=&#8221;https:\/\/www.idisantiago.es\/wp-content\/uploads\/2022\/02\/usc-2.png&#8221; title_text=&#8221;usc&#8221; url=&#8221;https:\/\/www.usc.gal\/gl&#8221; align=&#8221;center&#8221; module_class=&#8221;logo3&#8243; _builder_version=&#8221;4.16&#8243; _module_preset=&#8221;default&#8221; custom_margin=&#8221;|||-2px||&#8221; custom_padding=&#8221;|||15px||&#8221; global_colors_info=&#8221;{}&#8221;][\/et_pb_image][\/et_pb_column][et_pb_column type=&#8221;1_4&#8243; _builder_version=&#8221;4.16&#8243; _module_preset=&#8221;default&#8221; global_colors_info=&#8221;{}&#8221;][et_pb_image src=&#8221;https:\/\/www.idisantiago.es\/wp-content\/uploads\/2022\/02\/idis-2.png&#8221; title_text=&#8221;idis&#8221; module_class=&#8221;logo4&#8243; _builder_version=&#8221;4.16&#8243; _module_preset=&#8221;default&#8221; global_colors_info=&#8221;{}&#8221;][\/et_pb_image][\/et_pb_column][\/et_pb_row][et_pb_row column_structure=&#8221;1_2,1_2&#8243; use_custom_gutter=&#8221;on&#8221; gutter_width=&#8221;1&#8243; disabled_on=&#8221;off|on|on&#8221; admin_label=&#8221;Fila m\u00f3vil&#8221; _builder_version=&#8221;4.16&#8243; _module_preset=&#8221;default&#8221; width=&#8221;90%&#8221; max_width=&#8221;1376px&#8221; custom_margin=&#8221;|auto||auto|false|false&#8221; custom_css_main_element=&#8221;display:flex;&#8221; locked=&#8221;off&#8221; global_colors_info=&#8221;{}&#8221;][et_pb_column type=&#8221;1_2&#8243; _builder_version=&#8221;4.16&#8243; _module_preset=&#8221;default&#8221; global_colors_info=&#8221;{}&#8221;][et_pb_image src=&#8221;https:\/\/www.idisantiago.es\/wp-content\/uploads\/2022\/02\/todos-1.png&#8221; title_text=&#8221;todos&#8221; url=&#8221;https:\/\/sanidade.xunta.gal\/&#8221; align=&#8221;center&#8221; module_class=&#8221;logo1&#8243; _builder_version=&#8221;4.16&#8243; _module_preset=&#8221;default&#8221; custom_margin=&#8221;||||false|false&#8221; custom_padding=&#8221;||||false|false&#8221; global_colors_info=&#8221;{}&#8221;][\/et_pb_image][\/et_pb_column][et_pb_column type=&#8221;1_2&#8243; _builder_version=&#8221;4.16&#8243; _module_preset=&#8221;default&#8221; global_colors_info=&#8221;{}&#8221;][et_pb_image src=&#8221;https:\/\/www.idisantiago.es\/wp-content\/uploads\/2022\/02\/sergas-1.png&#8221; title_text=&#8221;todos&#8221; url=&#8221;https:\/\/www.sergas.es\/&#8221; align=&#8221;center&#8221; module_class=&#8221;logo1&#8243; _builder_version=&#8221;4.16&#8243; _module_preset=&#8221;default&#8221; custom_margin=&#8221;||||false|false&#8221; custom_padding=&#8221;||||false|false&#8221; global_colors_info=&#8221;{}&#8221;][\/et_pb_image][\/et_pb_column][\/et_pb_row][et_pb_row column_structure=&#8221;1_2,1_2&#8243; use_custom_gutter=&#8221;on&#8221; gutter_width=&#8221;1&#8243; disabled_on=&#8221;off|on|on&#8221; admin_label=&#8221;Fila m\u00f3vil&#8221; _builder_version=&#8221;4.16&#8243; _module_preset=&#8221;default&#8221; width=&#8221;90%&#8221; max_width=&#8221;1376px&#8221; custom_margin=&#8221;|auto|32px|auto|false|false&#8221; custom_css_main_element=&#8221;display:flex;&#8221; locked=&#8221;off&#8221; global_colors_info=&#8221;{}&#8221;][et_pb_column type=&#8221;1_2&#8243; _builder_version=&#8221;4.16&#8243; _module_preset=&#8221;default&#8221; global_colors_info=&#8221;{}&#8221;][et_pb_image src=&#8221;https:\/\/www.idisantiago.es\/wp-content\/uploads\/2022\/02\/usc-2.png&#8221; title_text=&#8221;todos&#8221; url=&#8221;https:\/\/www.usc.gal\/gl&#8221; align=&#8221;center&#8221; module_class=&#8221;logo1&#8243; _builder_version=&#8221;4.16&#8243; _module_preset=&#8221;default&#8221; custom_margin=&#8221;||||false|false&#8221; custom_padding=&#8221;||24px||false|false&#8221; global_colors_info=&#8221;{}&#8221;][\/et_pb_image][\/et_pb_column][et_pb_column type=&#8221;1_2&#8243; _builder_version=&#8221;4.16&#8243; _module_preset=&#8221;default&#8221; global_colors_info=&#8221;{}&#8221;][et_pb_image src=&#8221;https:\/\/www.idisantiago.es\/wp-content\/uploads\/2022\/02\/idis-2.png&#8221; title_text=&#8221;todos&#8221; align=&#8221;center&#8221; module_class=&#8221;logo1&#8243; _builder_version=&#8221;4.16&#8243; _module_preset=&#8221;default&#8221; custom_margin=&#8221;||||false|false&#8221; custom_padding=&#8221;||24px||false|false&#8221; locked=&#8221;off&#8221; global_colors_info=&#8221;{}&#8221;][\/et_pb_image][\/et_pb_column][\/et_pb_row][\/et_pb_section]<\/p>\n","protected":false},"excerpt":{"rendered":"<p>Obxectivos de investigaci\u00f3n Identificaci\u00f3n de biomarcadores xen\u00e9ticos de susceptibilidade e progn\u00f3stico de enfermidades. Mellora da capacidade de estratificaci\u00f3n das poboaci\u00f3ns para avanzar cara terapias personalizadas e reduci\u00f3n dos efectos secundarios. [&hellip;]<\/p>\n","protected":false},"author":11,"featured_media":0,"parent":13486,"menu_order":0,"comment_status":"closed","ping_status":"closed","template":"","meta":{"_et_pb_use_builder":"on","_et_pb_old_content":"","_et_gb_content_width":"","inline_featured_image":false,"footnotes":""},"class_list":["post-13508","page","type-page","status-publish","hentry"],"publishpress_future_workflow_manual_trigger":{"enabledWorkflows":[]},"_links":{"self":[{"href":"https:\/\/www.idisantiago.es\/gl\/wp-json\/wp\/v2\/pages\/13508","targetHints":{"allow":["GET"]}}],"collection":[{"href":"https:\/\/www.idisantiago.es\/gl\/wp-json\/wp\/v2\/pages"}],"about":[{"href":"https:\/\/www.idisantiago.es\/gl\/wp-json\/wp\/v2\/types\/page"}],"author":[{"embeddable":true,"href":"https:\/\/www.idisantiago.es\/gl\/wp-json\/wp\/v2\/users\/11"}],"replies":[{"embeddable":true,"href":"https:\/\/www.idisantiago.es\/gl\/wp-json\/wp\/v2\/comments?post=13508"}],"version-history":[{"count":13,"href":"https:\/\/www.idisantiago.es\/gl\/wp-json\/wp\/v2\/pages\/13508\/revisions"}],"predecessor-version":[{"id":27970,"href":"https:\/\/www.idisantiago.es\/gl\/wp-json\/wp\/v2\/pages\/13508\/revisions\/27970"}],"up":[{"embeddable":true,"href":"https:\/\/www.idisantiago.es\/gl\/wp-json\/wp\/v2\/pages\/13486"}],"wp:attachment":[{"href":"https:\/\/www.idisantiago.es\/gl\/wp-json\/wp\/v2\/media?parent=13508"}],"curies":[{"name":"wp","href":"https:\/\/api.w.org\/{rel}","templated":true}]}}