{"id":14777,"date":"2022-03-01T11:40:56","date_gmt":"2022-03-01T10:40:56","guid":{"rendered":"https:\/\/www.idisantiago.es\/xestion-economica\/"},"modified":"2025-10-24T10:37:13","modified_gmt":"2025-10-24T08:37:13","slug":"xestion-economica","status":"publish","type":"page","link":"https:\/\/www.idisantiago.es\/gl\/xestion-economica\/","title":{"rendered":"Xesti\u00f3n econ\u00f3mica"},"content":{"rendered":"<p>[et_pb_section fb_built=&#8221;1&#8243; _builder_version=&#8221;4.16&#8243; _module_preset=&#8221;default&#8221; custom_margin=&#8221;24px||0px||false|false&#8221; custom_padding=&#8221;0px||||false|false&#8221; da_disable_devices=&#8221;off|off|off&#8221; locked=&#8221;on&#8221; collapsed=&#8221;on&#8221; global_colors_info=&#8221;{}&#8221; da_is_popup=&#8221;off&#8221; da_exit_intent=&#8221;off&#8221; da_has_close=&#8221;on&#8221; da_alt_close=&#8221;off&#8221; da_dark_close=&#8221;off&#8221; da_not_modal=&#8221;on&#8221; da_is_singular=&#8221;off&#8221; da_with_loader=&#8221;off&#8221; da_has_shadow=&#8221;on&#8221;][et_pb_row _builder_version=&#8221;4.16&#8243; _module_preset=&#8221;default&#8221; width=&#8221;100%&#8221; custom_padding=&#8221;0px||||false|false&#8221; global_colors_info=&#8221;{}&#8221;][et_pb_column type=&#8221;4_4&#8243; _builder_version=&#8221;4.16&#8243; _module_preset=&#8221;default&#8221; global_colors_info=&#8221;{}&#8221;][et_pb_post_title meta=&#8221;off&#8221; featured_image=&#8221;off&#8221; _builder_version=&#8221;4.16&#8243; _module_preset=&#8221;default&#8221; global_colors_info=&#8221;{}&#8221;][\/et_pb_post_title][\/et_pb_column][\/et_pb_row][\/et_pb_section][et_pb_section fb_built=&#8221;1&#8243; _builder_version=&#8221;4.16&#8243; _module_preset=&#8221;default&#8221; da_disable_devices=&#8221;off|off|off&#8221; global_colors_info=&#8221;{}&#8221; da_is_popup=&#8221;off&#8221; da_exit_intent=&#8221;off&#8221; da_has_close=&#8221;on&#8221; da_alt_close=&#8221;off&#8221; da_dark_close=&#8221;off&#8221; da_not_modal=&#8221;on&#8221; da_is_singular=&#8221;off&#8221; da_with_loader=&#8221;off&#8221; da_has_shadow=&#8221;on&#8221;][et_pb_row column_structure=&#8221;2_3,1_3&#8243; _builder_version=&#8221;4.16&#8243; _module_preset=&#8221;default&#8221; global_colors_info=&#8221;{}&#8221;][et_pb_column type=&#8221;2_3&#8243; _builder_version=&#8221;4.16&#8243; _module_preset=&#8221;default&#8221; global_colors_info=&#8221;{}&#8221;][et_pb_text _builder_version=&#8221;4.16&#8243; _module_preset=&#8221;default&#8221; text_font=&#8221;|300|||||||&#8221; global_colors_info=&#8221;{}&#8221;]O foco da nosa labor de Xesti\u00f3n Especializada consiste en optimizar os recursos de investigaci\u00f3n obtidos polos grupos de investigaci\u00f3n que se integran no IDIS, tanto se eses recursos prove\u00f1en da captaci\u00f3n competitiva como da non competitiva.<\/p>\n<p>O departamento de xesti\u00f3n econ\u00f3mica do IDIS, ademais da xesti\u00f3n contable e fiscal propia dunha organizaci\u00f3n como a nosa, realiza as seguintes xesti\u00f3ns:<\/p>\n<h3>Apoio ao investigador<\/h3>\n<ul>\n<li>Seguimento e xustificaci\u00f3n de subvenci\u00f3ns en colaboraci\u00f3n co Departamento de Proxectos.<\/li>\n<li>Seguimento econ\u00f3mico de actividades de investigaci\u00f3n.<\/li>\n<li>Tramitaci\u00f3n de gastos e ingresos.<\/li>\n<li>Informaci\u00f3n econ\u00f3mica das actividades.<\/li>\n<\/ul>\n<h3>Servizos a empresas<\/h3>\n<ul>\n<li>Contrataci\u00f3n administrativa.<\/li>\n<li>Xesti\u00f3n de contratos, convenios, doaz\u00f3ns, etc.<\/li>\n<li>Xesti\u00f3n de facturas de gasto\/ingreso.<\/li>\n<li>Contacto con instituci\u00f3ns financeiras para a xesti\u00f3n de tesourer\u00eda.<\/li>\n<li>Tramitaci\u00f3n de doaz\u00f3ns.<\/li>\n<\/ul>\n<p>[\/et_pb_text][et_pb_toggle title=&#8221;Documentaci\u00f3n&#8221; admin_label=&#8221;Documentaci\u00f3n&#8221; _builder_version=&#8221;4.16&#8243; _module_preset=&#8221;default&#8221; body_font=&#8221;|300|||||||&#8221; global_colors_info=&#8221;{}&#8221;]<\/p>\n<p>[et_pb_section fb_built=&#8221;1&#8243; _builder_version=&#8221;4.16&#8243; _module_preset=&#8221;default&#8221; da_disable_devices=&#8221;off|off|off&#8221; global_colors_info=&#8221;{}&#8221; da_is_popup=&#8221;off&#8221; da_exit_intent=&#8221;off&#8221; da_has_close=&#8221;on&#8221; da_alt_close=&#8221;off&#8221; da_dark_close=&#8221;off&#8221; da_not_modal=&#8221;on&#8221; da_is_singular=&#8221;off&#8221; da_with_loader=&#8221;off&#8221; da_has_shadow=&#8221;on&#8221;][et_pb_row _builder_version=&#8221;4.16&#8243; _module_preset=&#8221;default&#8221; global_colors_info=&#8221;{}&#8221;][et_pb_column type=&#8221;4_4&#8243; _builder_version=&#8221;4.16&#8243; _module_preset=&#8221;default&#8221; global_colors_info=&#8221;{}&#8221;][et_pb_button button_url=&#8221;https:\/\/www.idisantiago.es\/download\/31720\/?tmstv=1704877603&#8243; button_text=&#8221;Formulario de pago de honorarios FIDIS&#8221; admin_label=&#8221;Pago_honorarios&#8221; _builder_version=&#8221;4.21.0&#8243; _module_preset=&#8221;default&#8221; button_text_size=&#8221;17px&#8221; background_layout=&#8221;dark&#8221; custom_css_main_element=&#8221;width:100%;&#8221; global_colors_info=&#8221;{}&#8221; button_bg_enable_color__hover=&#8221;on&#8221;][\/et_pb_button][et_pb_button button_url=&#8221;https:\/\/www.idisantiago.es\/download\/32883\/?tmstv=1726772760&#8243; button_text=&#8221;Modelo de solicitud de pedido e informe de necesidad (Servicios)&#8221; admin_label=&#8221;Servicios&#8221; _builder_version=&#8221;4.21.0&#8243; _module_preset=&#8221;default&#8221; button_text_size=&#8221;17px&#8221; background_layout=&#8221;dark&#8221; hover_enabled=&#8221;0&#8243; custom_css_main_element=&#8221;width:100%;&#8221; global_colors_info=&#8221;{}&#8221; button_bg_enable_color__hover=&#8221;on&#8221; sticky_enabled=&#8221;0&#8243;][\/et_pb_button][et_pb_button button_url=&#8221;https:\/\/www.idisantiago.es\/download\/32886\/?tmstv=1726772798&#8243; button_text=&#8221;Modelo de solicitud de pedido e informe de necesidad (Fungible)&#8221; admin_label=&#8221;Fungible&#8221; _builder_version=&#8221;4.21.0&#8243; _module_preset=&#8221;default&#8221; button_text_size=&#8221;17px&#8221; background_layout=&#8221;dark&#8221; hover_enabled=&#8221;0&#8243; custom_css_main_element=&#8221;width:100%;&#8221; global_colors_info=&#8221;{}&#8221; button_bg_enable_color__hover=&#8221;on&#8221; sticky_enabled=&#8221;0&#8243;][\/et_pb_button][et_pb_button button_url=&#8221;https:\/\/www.idisantiago.es\/download\/32887\/?tmstv=1726772830&#8243; button_text=&#8221;Modelo de solicitud de pedido e informe de necesidad (Equipamiento)&#8221; admin_label=&#8221;Equipamiento&#8221; _builder_version=&#8221;4.21.0&#8243; _module_preset=&#8221;default&#8221; button_text_size=&#8221;17px&#8221; background_layout=&#8221;dark&#8221; hover_enabled=&#8221;0&#8243; custom_css_main_element=&#8221;width:100%;&#8221; global_colors_info=&#8221;{}&#8221; button_bg_enable_color__hover=&#8221;on&#8221; sticky_enabled=&#8221;0&#8243;][\/et_pb_button][et_pb_button button_url=&#8221;https:\/\/www.idisantiago.es\/download\/35894\/?tmstv=1726773076&#8243; button_text=&#8221;Modelo de solicitud de pedido e informe de necesidad (Otros)&#8221; admin_label=&#8221;Otros&#8221; _builder_version=&#8221;4.21.0&#8243; _module_preset=&#8221;default&#8221; button_text_size=&#8221;17px&#8221; background_layout=&#8221;dark&#8221; hover_enabled=&#8221;0&#8243; custom_css_main_element=&#8221;width:100%;&#8221; global_colors_info=&#8221;{}&#8221; button_bg_enable_color__hover=&#8221;on&#8221; sticky_enabled=&#8221;0&#8243;][\/et_pb_button][et_pb_button button_url=&#8221;https:\/\/www.idisantiago.es\/download\/33270\/?tmstv=1712740616&#8243; button_text=&#8221;Modelo de abono de gastos de locomoci\u00f3n, manutenci\u00f3n, estancia e inscripci\u00f3n.&#8221; admin_label=&#8221;Gastos_locomocion&#8221; _builder_version=&#8221;4.21.0&#8243; _module_preset=&#8221;default&#8221; button_text_size=&#8221;17px&#8221; background_layout=&#8221;dark&#8221; custom_css_main_element=&#8221;width:100%;&#8221; global_colors_info=&#8221;{}&#8221; button_bg_enable_color__hover=&#8221;on&#8221;][\/et_pb_button][et_pb_button button_url=&#8221;https:\/\/www.idisantiago.es\/download\/33590\/?tmstv=1713859818&#8243; button_text=&#8221;Modelo de abono gastos generales.&#8221; admin_label=&#8221;Gastos_generales&#8221; _builder_version=&#8221;4.21.0&#8243; _module_preset=&#8221;default&#8221; button_text_size=&#8221;17px&#8221; background_layout=&#8221;dark&#8221; custom_css_main_element=&#8221;width:100%;&#8221; global_colors_info=&#8221;{}&#8221; button_bg_enable_color__hover=&#8221;on&#8221;][\/et_pb_button][\/et_pb_column][\/et_pb_row][\/et_pb_section]<\/p>\n\n<p>[\/et_pb_toggle][\/et_pb_column][et_pb_column type=&#8221;1_3&#8243; _builder_version=&#8221;4.16&#8243; _module_preset=&#8221;default&#8221; global_colors_info=&#8221;{}&#8221;][et_pb_text admin_label=&#8221;Contacto&#8221; _builder_version=&#8221;4.16&#8243; _module_preset=&#8221;default&#8221; text_text_color=&#8221;#FFFFFF&#8221; header_text_color=&#8221;#FFFFFF&#8221; header_2_text_align=&#8221;left&#8221; header_2_text_color=&#8221;#FFFFFF&#8221; background_color=&#8221;#10294c&#8221; custom_margin=&#8221;0px||||false|false&#8221; custom_padding=&#8221;6px||0px|6px|false|false&#8221; locked=&#8221;on&#8221; global_colors_info=&#8221;{}&#8221;]<\/p>\n<h2>Contacto<\/h2>\n<p>[\/et_pb_text][et_pb_text _builder_version=&#8221;4.21.0&#8243; _module_preset=&#8221;default&#8221; hover_enabled=&#8221;0&#8243; locked=&#8221;off&#8221; global_colors_info=&#8221;{}&#8221; sticky_enabled=&#8221;0&#8243;]<\/p>\n<p>Lorena Veiga Santamarina<br \/>+34 981 951 448 (ext. 251 448)<br \/><a href=\"mailto:lorena.veiga.santamarina@sergas.es\">lorena.veiga.santamarina@sergas.es<\/a><\/p>\n<p>Andrea In\u00e9s Malvaso V\u00e1zquez<br \/>+34 981 950 278 (ext. 250278)<br \/><a href=\"mailto:andrea.ines.malvaso.vazquez@sergas.es\">andrea.ines.malvaso.vazquez@sergas.es<\/a><br \/>e\/ou para env\u00edo de facturas en <a href=\"mailto:gestioneconomica.fidis@sergas.es\">gestioneconomica.fidis@sergas.es<\/a><\/p>\n<p>Vanesa Garc\u00eda Mill\u00e1n<br \/>+34 981 955 361 (ext. 255361)<br \/><a href=\"mailto:vanesa.garcia.millan@sergas.es\">vanesa.garcia.millan@sergas.es<\/a><\/p>\n<p>Y\u00e9sika Torrado Mari\u00f1o<br \/>+34 981 955 674 (ext. 255 674)<br \/><a href=\"mailto:yesika.torrado.marino@sergas.es\">yesika.torrado.marino@sergas.es<\/a><\/p>\n<p>Antonio Pi\u00f1eiro Garc\u00eda<br \/>+34 981 955 264 (ext. 255264)<br \/><a href=\"mailto:antonio.pineiro.garcia2@sergas.es\">antonio.pineiro.garcia2@sergas.es<\/a><\/p>\n<p>\u00c1lvaro Castro Barreiro<br \/>+34 981 955 361 (ext. 255361)<br \/><a href=\"mailto:alvaro.castro.barreiro@sergas.es\">alvaro.castro.barreiro@sergas.es<\/a><\/p>\n<p>Teresa Bra\u00f1as (Oficina de Lugo)<br \/>+34 982 296 499 (ext. 536 499)<br \/><a href=\"mailto:gestionlugo.fidis@sergas.es\">gestionlugo.fidis@sergas.es<\/a><\/p>\n<p>[\/et_pb_text][\/et_pb_column][\/et_pb_row][\/et_pb_section][et_pb_section fb_built=&#8221;1&#8243; admin_label=&#8221;Logos_internas&#8221; _builder_version=&#8221;4.16&#8243; _module_preset=&#8221;default&#8221; background_color=&#8221;RGBA(255,255,255,0)&#8221; custom_margin=&#8221;5px|||||&#8221; custom_padding=&#8221;27px||0px|||&#8221; da_disable_devices=&#8221;off|off|off&#8221; saved_tabs=&#8221;all&#8221; locked=&#8221;off&#8221; collapsed=&#8221;on&#8221; global_colors_info=&#8221;{}&#8221; da_is_popup=&#8221;off&#8221; da_exit_intent=&#8221;off&#8221; da_has_close=&#8221;on&#8221; da_alt_close=&#8221;off&#8221; da_dark_close=&#8221;off&#8221; da_not_modal=&#8221;on&#8221; da_is_singular=&#8221;off&#8221; da_with_loader=&#8221;off&#8221; da_has_shadow=&#8221;on&#8221;][et_pb_row column_structure=&#8221;1_4,1_4,1_4,1_4&#8243; use_custom_gutter=&#8221;on&#8221; gutter_width=&#8221;1&#8243; admin_label=&#8221;Fila&#8221; _builder_version=&#8221;4.16&#8243; _module_preset=&#8221;default&#8221; width=&#8221;100%&#8221; max_width=&#8221;1086px&#8221; custom_margin=&#8221;5px|auto|36px|auto||&#8221; global_colors_info=&#8221;{}&#8221;][et_pb_column type=&#8221;1_4&#8243; _builder_version=&#8221;4.16&#8243; _module_preset=&#8221;default&#8221; global_colors_info=&#8221;{}&#8221;][et_pb_image src=&#8221;https:\/\/www.idisantiago.es\/wp-content\/uploads\/2022\/02\/todos-1.png&#8221; title_text=&#8221;todos&#8221; url=&#8221;https:\/\/sanidade.xunta.gal\/portada&#8221; module_class=&#8221;logo1&#8243; _builder_version=&#8221;4.16&#8243; _module_preset=&#8221;default&#8221; custom_margin=&#8221;4%||||false|false&#8221; global_colors_info=&#8221;{}&#8221;][\/et_pb_image][\/et_pb_column][et_pb_column type=&#8221;1_4&#8243; _builder_version=&#8221;4.16&#8243; _module_preset=&#8221;default&#8221; global_colors_info=&#8221;{}&#8221;][et_pb_image src=&#8221;https:\/\/www.idisantiago.es\/wp-content\/uploads\/2022\/02\/sergas-1.png&#8221; title_text=&#8221;sergas&#8221; url=&#8221;https:\/\/www.sergas.es\/&#8221; align=&#8221;center&#8221; module_class=&#8221;logo2&#8243; _builder_version=&#8221;4.16&#8243; _module_preset=&#8221;default&#8221; custom_margin=&#8221;|||14px||&#8221; global_colors_info=&#8221;{}&#8221;][\/et_pb_image][\/et_pb_column][et_pb_column type=&#8221;1_4&#8243; _builder_version=&#8221;4.16&#8243; _module_preset=&#8221;default&#8221; global_colors_info=&#8221;{}&#8221;][et_pb_image src=&#8221;https:\/\/www.idisantiago.es\/wp-content\/uploads\/2022\/02\/usc-2.png&#8221; title_text=&#8221;usc&#8221; url=&#8221;https:\/\/www.usc.gal\/gl&#8221; align=&#8221;center&#8221; module_class=&#8221;logo3&#8243; _builder_version=&#8221;4.16&#8243; _module_preset=&#8221;default&#8221; custom_margin=&#8221;|||-2px||&#8221; custom_padding=&#8221;|||15px||&#8221; global_colors_info=&#8221;{}&#8221;][\/et_pb_image][\/et_pb_column][et_pb_column type=&#8221;1_4&#8243; _builder_version=&#8221;4.16&#8243; _module_preset=&#8221;default&#8221; global_colors_info=&#8221;{}&#8221;][et_pb_image src=&#8221;https:\/\/www.idisantiago.es\/wp-content\/uploads\/2022\/02\/idis-2.png&#8221; title_text=&#8221;idis&#8221; module_class=&#8221;logo4&#8243; _builder_version=&#8221;4.16&#8243; _module_preset=&#8221;default&#8221; global_colors_info=&#8221;{}&#8221;][\/et_pb_image][\/et_pb_column][\/et_pb_row][\/et_pb_section]<\/p>\n","protected":false},"excerpt":{"rendered":"<p>O foco da nosa labor de Xesti\u00f3n Especializada consiste en optimizar os recursos de investigaci\u00f3n obtidos polos grupos de investigaci\u00f3n que se integran no IDIS, tanto se eses recursos prove\u00f1en [&hellip;]<\/p>\n","protected":false},"author":11,"featured_media":0,"parent":0,"menu_order":0,"comment_status":"closed","ping_status":"closed","template":"","meta":{"_et_pb_use_builder":"on","_et_pb_old_content":"","_et_gb_content_width":"","inline_featured_image":false,"footnotes":""},"class_list":["post-14777","page","type-page","status-publish","hentry"],"publishpress_future_workflow_manual_trigger":{"enabledWorkflows":[]},"_links":{"self":[{"href":"https:\/\/www.idisantiago.es\/gl\/wp-json\/wp\/v2\/pages\/14777","targetHints":{"allow":["GET"]}}],"collection":[{"href":"https:\/\/www.idisantiago.es\/gl\/wp-json\/wp\/v2\/pages"}],"about":[{"href":"https:\/\/www.idisantiago.es\/gl\/wp-json\/wp\/v2\/types\/page"}],"author":[{"embeddable":true,"href":"https:\/\/www.idisantiago.es\/gl\/wp-json\/wp\/v2\/users\/11"}],"replies":[{"embeddable":true,"href":"https:\/\/www.idisantiago.es\/gl\/wp-json\/wp\/v2\/comments?post=14777"}],"version-history":[{"count":4,"href":"https:\/\/www.idisantiago.es\/gl\/wp-json\/wp\/v2\/pages\/14777\/revisions"}],"predecessor-version":[{"id":42680,"href":"https:\/\/www.idisantiago.es\/gl\/wp-json\/wp\/v2\/pages\/14777\/revisions\/42680"}],"wp:attachment":[{"href":"https:\/\/www.idisantiago.es\/gl\/wp-json\/wp\/v2\/media?parent=14777"}],"curies":[{"name":"wp","href":"https:\/\/api.w.org\/{rel}","templated":true}]}}