{"id":14863,"date":"2022-03-01T12:57:06","date_gmt":"2022-03-01T11:57:06","guid":{"rendered":"https:\/\/www.idisantiago.es\/proximos-eventos\/"},"modified":"2022-03-01T12:57:06","modified_gmt":"2022-03-01T11:57:06","slug":"proximos-eventos","status":"publish","type":"page","link":"https:\/\/www.idisantiago.es\/gl\/proximos-eventos\/","title":{"rendered":"Pr\u00f3ximos eventos"},"content":{"rendered":"<p>[et_pb_section fb_built=&#8221;1&#8243; admin_label=&#8221;T\u00edtulo&#8221; _builder_version=&#8221;4.14.1&#8243; _module_preset=&#8221;default&#8221; custom_margin=&#8221;64px||0px||false|false&#8221; custom_padding=&#8221;0px||||false|false&#8221; da_disable_devices=&#8221;off|off|off&#8221; locked=&#8221;off&#8221; collapsed=&#8221;on&#8221; global_colors_info=&#8221;{}&#8221; da_is_popup=&#8221;off&#8221; da_exit_intent=&#8221;off&#8221; da_has_close=&#8221;on&#8221; da_alt_close=&#8221;off&#8221; da_dark_close=&#8221;off&#8221; da_not_modal=&#8221;on&#8221; da_is_singular=&#8221;off&#8221; da_with_loader=&#8221;off&#8221; da_has_shadow=&#8221;on&#8221;][et_pb_row _builder_version=&#8221;4.10.7&#8243; _module_preset=&#8221;default&#8221; width=&#8221;100%&#8221; custom_padding=&#8221;0px||||false|false&#8221; global_colors_info=&#8221;{}&#8221;][et_pb_column type=&#8221;4_4&#8243; _builder_version=&#8221;4.10.7&#8243; _module_preset=&#8221;default&#8221; global_colors_info=&#8221;{}&#8221;][et_pb_post_title meta=&#8221;off&#8221; featured_image=&#8221;off&#8221; _builder_version=&#8221;4.14.1&#8243; _module_preset=&#8221;default&#8221; global_colors_info=&#8221;{}&#8221;][\/et_pb_post_title][\/et_pb_column][\/et_pb_row][\/et_pb_section][et_pb_section fb_built=&#8221;1&#8243; _builder_version=&#8221;4.10.7&#8243; _module_preset=&#8221;default&#8221; da_disable_devices=&#8221;off|off|off&#8221; global_colors_info=&#8221;{}&#8221; da_is_popup=&#8221;off&#8221; da_exit_intent=&#8221;off&#8221; da_has_close=&#8221;on&#8221; da_alt_close=&#8221;off&#8221; da_dark_close=&#8221;off&#8221; da_not_modal=&#8221;on&#8221; da_is_singular=&#8221;off&#8221; da_with_loader=&#8221;off&#8221; da_has_shadow=&#8221;on&#8221;][et_pb_row _builder_version=&#8221;4.10.7&#8243; _module_preset=&#8221;default&#8221; global_colors_info=&#8221;{}&#8221;][et_pb_column type=&#8221;4_4&#8243; _builder_version=&#8221;4.10.7&#8243; _module_preset=&#8221;default&#8221; global_colors_info=&#8221;{}&#8221;][et_pb_text admin_label=&#8221;Shortcode calendario futuro&#8221; _builder_version=&#8221;4.14.7&#8243; _module_preset=&#8221;default&#8221; hover_enabled=&#8221;0&#8243; global_colors_info=&#8221;{}&#8221; sticky_enabled=&#8221;0&#8243;]<\/p>\n<!=========list Template 3.6.1=========><script type=\"application\/ld+json\">\r\n[{\"@context\":\"http:\/\/schema.org\",\"@type\":\"Event\",\"name\":\"I Taller Gallego de Actualizaci\\u00f3n en C\\u00e1ncer de Vejiga No M\\u00fasculo Invasivo de Alto Riesgo\",\"description\":\"&lt;p&gt;Presentamos el I Taller Gallego de Actualizaci\\u00f3n en C\\u00e1ncer de Vejiga No M\\u00fasculo Invasivo de Alto Riesgo \\u201cDe la evidencia a la organizaci\\u00f3n\\u201d Duraci\\u00f3n total del taller: 3 horas. (16:30 [&hellip;]&lt;\/p&gt;\\\\n\",\"image\":\"https:\/\/www.idisantiago.es\/wp-content\/uploads\/2026\/03\/Captura-de-pantalla-2026-03-06-104938.png\",\"url\":\"https:\/\/www.idisantiago.es\/gl\/event\/i-taller-gallego-de-actualizacion-en-cancer-de-vejiga-no-musculo-invasivo-de-alto-riesgo\/\",\"eventAttendanceMode\":\"https:\/\/schema.org\/OfflineEventAttendanceMode\",\"eventStatus\":\"https:\/\/schema.org\/EventScheduled\",\"startDate\":\"2026-04-15T16:30:00+02:00\",\"endDate\":\"2026-04-15T19:30:00+02:00\",\"performer\":\"Organization\"},{\"@context\":\"http:\/\/schema.org\",\"@type\":\"Event\",\"name\":\"XXXVIII Reuni\\u00f3n anual de la Sociedad Gallega de Medicina Intensiva y Unidades Coronarias (SOGAMIUC)\",\"description\":\"&lt;p&gt;La Sociedad Gallega de Medicina Intensiva y unidades coronarias (SOGAMIUC), comprometida con la formaci\\u00f3n continuada de los intensivistas gallegos, tal y como dice sus estatutos, organiza esta XXXVIII reuni\\u00f3n anual. [&hellip;]&lt;\/p&gt;\\\\n\",\"image\":\"https:\/\/www.idisantiago.es\/wp-content\/uploads\/2026\/03\/PHOTO-2026-03-17-21-21-54.jpg\",\"url\":\"https:\/\/www.idisantiago.es\/gl\/event\/xxxviii-reunion-anual-sogamiuc\/\",\"eventAttendanceMode\":\"https:\/\/schema.org\/OfflineEventAttendanceMode\",\"eventStatus\":\"https:\/\/schema.org\/EventScheduled\",\"startDate\":\"2026-05-07T16:00:00+02:00\",\"endDate\":\"2026-05-08T19:30:00+02:00\",\"location\":{\"@type\":\"Place\",\"name\":\"Hospital Cl\\u00ednico Universitario de Santiago de Compostela\",\"description\":\"\",\"url\":\"\",\"address\":{\"@type\":\"PostalAddress\"},\"telephone\":\"\",\"sameAs\":\"\"},\"performer\":\"Organization\"},{\"@context\":\"http:\/\/schema.org\",\"@type\":\"Event\",\"name\":\"4\\u00ba Curso Te\\u00f3rico-Pr\\u00e1ctico de Diagn\\u00f3stico en Patolog\\u00eda Tiroidea\",\"description\":\"&lt;p&gt;Directores del curso: Jos\\u00e9 Manuel Cameselle-Teijeiro, Ihab Abdulkader Nallib y Manuel Sobrinho-Sim\\u00f5es Caracter\\u00edsticas del curso: Este es un curso te\\u00f3rico-pr\\u00e1ctico intensivo sobre el diagn\\u00f3stico de patolog\\u00eda tiroidea con \\u00e9nfasis en [&hellip;]&lt;\/p&gt;\\\\n\",\"image\":\"https:\/\/www.idisantiago.es\/wp-content\/uploads\/2026\/03\/4cursoPatologiaTiroidea.png\",\"url\":\"https:\/\/www.idisantiago.es\/event\/4o-curso-teorico-practico-de-diagnostico-en-patologia-tiroidea\/\",\"eventAttendanceMode\":\"https:\/\/schema.org\/OfflineEventAttendanceMode\",\"eventStatus\":\"https:\/\/schema.org\/EventScheduled\",\"startDate\":\"2026-07-08T09:00:00+02:00\",\"endDate\":\"2026-07-10T13:30:00+02:00\",\"location\":{\"@type\":\"Place\",\"name\":\"Sal\\u00f3n de Actos 1. Hospital Cl\\u00ednico Universitario de Santiago de Compostela\",\"description\":\"\",\"url\":\"\",\"address\":{\"@type\":\"PostalAddress\",\"streetAddress\":\"R\\u00faa da Choupana, s\/n\",\"addressLocality\":\"Santiago de Compostela\",\"addressRegion\":\"A Coru\\u00f1a\",\"postalCode\":\"15706\",\"addressCountry\":\"Espa\\u00f1a\"},\"telephone\":\"\",\"sameAs\":\"https:\/\/xxisantiago.sergas.gal\"},\"organizer\":{\"@type\":\"Person\",\"name\":\"Fundaci\\u00f3n P\\u00fablica Galega Instituto de Investigaci\\u00f3n Sanitaria de Santiago de Compostela\",\"description\":\"\",\"url\":\"\",\"telephone\":\"\",\"email\":\"\",\"sameAs\":\"\"},\"offers\":{\"@type\":\"Offer\",\"price\":\"325\",\"priceCurrency\":\"USD\",\"url\":\"https:\/\/www.idisantiago.es\/event\/4o-curso-teorico-practico-de-diagnostico-en-patologia-tiroidea\/\",\"category\":\"primary\",\"availability\":\"inStock\",\"validFrom\":\"1970-01-01T00:00:00+00:00\"},\"performer\":\"Organization\"}]\r\n<\/script><div id=\"ect-events-list-content\" class=\"ectt-list-wrapper\"><div id=\"list-wrp\" class=\"ect-list-wrapper general, formacion\">\n\t<div id=\"event-45538\"  class=\"ect-list-post style-1 ect-simple-event\" >\n\t\t<div class=\"ect-list-post-left \">\n\t\t\t<div class=\"ect-list-img\" style=\"background-image:url(&#039;https:\/\/www.idisantiago.es\/wp-content\/uploads\/2026\/03\/Captura-de-pantalla-2026-03-06-104938.png&#039;);background-size:cover;\"><a href=\"https:\/\/www.idisantiago.es\/gl\/event\/i-taller-gallego-de-actualizacion-en-cancer-de-vejiga-no-musculo-invasivo-de-alto-riesgo\/\" alt=\"I Taller Gallego de Actualizaci\u00f3n en C\u00e1ncer de Vejiga No M\u00fasculo Invasivo de Alto Riesgo\" rel=\"bookmark\">\n\t\t\t\t\t<div class=\"ect-list-date\"><div class=\"ect-date-area default-schedule\">\n\t\t\t\t\t\t\t<span class=\"ev-day\">15<\/span>\n\t\t\t\t\t\t\t<span class=\"ev-mo\">Abril<\/span>\n\t\t\t\t\t\t\t<span class=\"ev-yr\">2026<\/span>\n\t\t\t\t\t\t\t<span class=\"ev-time\"><span class=\"ect-icon\"><i class=\"ect-icon-clock\" aria-hidden=\"true\"><\/i><\/span> 4:30 p.m. - 7:30 p.m.<\/span>\n\t\t\t\t\t\t\t<\/div><\/div>\n\t\t\t\t<\/a><\/div><\/div><!-- left-post close -->\n\t\t<div class=\"ect-list-post-right\">\n\t\t\t<div class=\"ect-list-post-right-table\"><div class=\"ect-list-description\" style=\"width:100%;\"><h2 class=\"ect-list-title\"><a class=\"ect-event-url\" href=\"https:\/\/www.idisantiago.es\/gl\/event\/i-taller-gallego-de-actualizacion-en-cancer-de-vejiga-no-musculo-invasivo-de-alto-riesgo\/\" rel=\"bookmark\">I Taller Gallego de Actualizaci\u00f3n en C\u00e1ncer de Vejiga No M\u00fasculo Invasivo de Alto Riesgo<\/a><\/h2><!-- Event Content --><div class=\"ect-event-content\"><p>Presentamos el I Taller Gallego de Actualizaci\u00f3n en C\u00e1ncer de Vejiga No M\u00fasculo Invasivo de Alto Riesgo \u201cDe la evidencia a la organizaci\u00f3n\u201d Duraci\u00f3n total del taller: 3 horas. (16:30[...]<\/p><\/div><a href=\"https:\/\/www.idisantiago.es\/gl\/event\/i-taller-gallego-de-actualizacion-en-cancer-de-vejiga-no-musculo-invasivo-de-alto-riesgo\/\" class=\"ect-events-read-more\" rel=\"bookmark\">Find out more<\/a><\/div><\/div><\/div><!-- right-wrapper close -->\n\t<\/div><!-- event-loop-end -->\n\t<div id=\"event-45822\"  class=\"ect-list-post style-1 ect-simple-event\" >\n\t\t<div class=\"ect-list-post-left \">\n\t\t\t<div class=\"ect-list-img\" style=\"background-image:url(&#039;https:\/\/www.idisantiago.es\/wp-content\/uploads\/2026\/03\/PHOTO-2026-03-17-21-21-54-683x1024.jpg&#039;);background-size:cover;\"><a href=\"https:\/\/www.idisantiago.es\/gl\/event\/xxxviii-reunion-anual-sogamiuc\/\" alt=\"XXXVIII Reuni\u00f3n anual de la Sociedad Gallega de Medicina Intensiva y Unidades Coronarias (SOGAMIUC)\" rel=\"bookmark\">\n\t\t\t\t\t<div class=\"ect-list-date\"><div class=\"ect-date-area default-schedule\">\n\t\t\t\t\t\t\t<span class=\"ev-day\">07<\/span>\n\t\t\t\t\t\t\t<span class=\"ev-mo\">Maio<\/span>\n\t\t\t\t\t\t\t<span class=\"ev-yr\">2026<\/span>\n\t\t\t\t\t\t\t<span class=\"ev-time\"><span class=\"ect-icon\"><i class=\"ect-icon-clock\" aria-hidden=\"true\"><\/i><\/span> 4:00 p.m. - 7:30 p.m.<\/span>\n\t\t\t\t\t\t\t<\/div><\/div>\n\t\t\t\t<\/a><\/div><\/div><!-- left-post close -->\n\t\t<div class=\"ect-list-post-right\">\n\t\t\t<div class=\"ect-list-post-right-table\"><div class=\"ect-list-description\"><h2 class=\"ect-list-title\"><a class=\"ect-event-url\" href=\"https:\/\/www.idisantiago.es\/gl\/event\/xxxviii-reunion-anual-sogamiuc\/\" rel=\"bookmark\">XXXVIII Reuni\u00f3n anual de la Sociedad Gallega de Medicina Intensiva y Unidades Coronarias (SOGAMIUC)<\/a><\/h2><!-- Event Content --><div class=\"ect-event-content\"><p>La Sociedad Gallega de Medicina Intensiva y unidades coronarias (SOGAMIUC), comprometida con la formaci\u00f3n continuada de los intensivistas gallegos, tal y como dice sus estatutos, organiza esta XXXVIII reuni\u00f3n anual.[...]<\/p><\/div><a href=\"https:\/\/www.idisantiago.es\/gl\/event\/xxxviii-reunion-anual-sogamiuc\/\" class=\"ect-events-read-more\" rel=\"bookmark\">Find out more<\/a><\/div><div class=\"ect-list-venue default-venue\"><span class=\"ect-icon\"><i class=\"ect-icon-location\" aria-hidden=\"true\"><\/i><\/span><!-- Venue Display Info -->\n                        <span class=\"ect-venue-details ect-address\">\n                       \n                        <div>Hospital Cl\u00ednico Universitario de Santiago de Compostela,<span class=\"tribe-address\">\n\n\n\n\n\n\n<\/span>\n<\/div><\/span><\/div><\/div><\/div><!-- right-wrapper close -->\n\t<\/div><!-- event-loop-end -->\n\t<div id=\"event-45100\"  class=\"ect-list-post style-1 ect-simple-event\" >\n\t\t<div class=\"ect-list-post-left \">\n\t\t\t<div class=\"ect-list-img\" style=\"background-image:url(&#039;https:\/\/www.idisantiago.es\/wp-content\/uploads\/2026\/03\/4cursoPatologiaTiroidea.png&#039;);background-size:cover;\"><a href=\"https:\/\/www.idisantiago.es\/event\/4o-curso-teorico-practico-de-diagnostico-en-patologia-tiroidea\/\" alt=\"4\u00ba Curso Te\u00f3rico-Pr\u00e1ctico de Diagn\u00f3stico en Patolog\u00eda Tiroidea\" rel=\"bookmark\">\n\t\t\t\t\t<div class=\"ect-list-date\"><div class=\"ect-date-area default-schedule\">\n\t\t\t\t\t\t\t<span class=\"ev-day\">08<\/span>\n\t\t\t\t\t\t\t<span class=\"ev-mo\">Xullo<\/span>\n\t\t\t\t\t\t\t<span class=\"ev-yr\">2026<\/span>\n\t\t\t\t\t\t\t<span class=\"ev-time\"><span class=\"ect-icon\"><i class=\"ect-icon-clock\" aria-hidden=\"true\"><\/i><\/span> 9:00 a.m. - 1:30 p.m.<\/span>\n\t\t\t\t\t\t\t<\/div><\/div>\n\t\t\t\t<\/a><\/div><\/div><!-- left-post close -->\n\t\t<div class=\"ect-list-post-right\">\n\t\t\t<div class=\"ect-list-post-right-table\"><div class=\"ect-list-description\"><h2 class=\"ect-list-title\"><a class=\"ect-event-url\" href=\"https:\/\/www.idisantiago.es\/event\/4o-curso-teorico-practico-de-diagnostico-en-patologia-tiroidea\/\" rel=\"bookmark\">4\u00ba Curso Te\u00f3rico-Pr\u00e1ctico de Diagn\u00f3stico en Patolog\u00eda Tiroidea<\/a><\/h2><!-- Event Content --><div class=\"ect-event-content\"><p>Directores del curso: Jos\u00e9 Manuel Cameselle-Teijeiro, Ihab Abdulkader Nallib y Manuel Sobrinho-Sim\u00f5es Caracter\u00edsticas del curso: Este es un curso te\u00f3rico-pr\u00e1ctico intensivo sobre el diagn\u00f3stico de patolog\u00eda tiroidea con \u00e9nfasis en[...]<\/p><\/div><div class=\"ect-list-cost\"><div class=\"ect-rate-area\">\n                <span class=\"ect-rate-icon\"><i class=\"ect-icon-ticket\" aria-hidden=\"true\"><\/i><\/span>\n                <span class=\"ect-rate\">325\u20ac<\/span><\/div><\/div><a href=\"https:\/\/www.idisantiago.es\/event\/4o-curso-teorico-practico-de-diagnostico-en-patologia-tiroidea\/\" class=\"ect-events-read-more\" rel=\"bookmark\">Find out more<\/a><\/div><div class=\"ect-list-venue default-venue\"><span class=\"ect-icon\"><i class=\"ect-icon-location\" aria-hidden=\"true\"><\/i><\/span><!-- Venue Display Info -->\n                        <span class=\"ect-venue-details ect-address\">\n                       \n                        <div>Sal\u00f3n de Actos 1. Hospital Cl\u00ednico Universitario de Santiago de Compostela,<span class=\"tribe-address\">\n\n<span class=\"tribe-street-address\">R\u00faa da Choupana, s\/n<\/span>\n\t\n\t\t<br>\n\t\t<span class=\"tribe-locality\">Santiago de Compostela<\/span><span class=\"tribe-delimiter\">,<\/span>\n\n\t<abbr class=\"tribe-region tribe-events-abbr\" title=\"A Coru\u00f1a\">A Coru\u00f1a<\/abbr>\n\n\t<span class=\"tribe-postal-code\">15706<\/span>\n\n\t<span class=\"tribe-country-name\">Espa\u00f1a<\/span>\n\n<\/span>\n<\/div><span class=\"ect-google\"><a class=\"tribe-events-gmap\" href=\"https:\/\/maps.google.com\/maps?f=q&#038;source=s_q&#038;hl=en&#038;geocode=&#038;q=R%C3%BAa+da+Choupana%2C+s%2Fn+Santiago+de+Compostela+A+Coru%C3%B1a+15706+Espa%C3%B1a\" title=\"Fai clic para ver un mapa de Google\" target=\"_blank\" rel=\"noreferrer noopener\">+ Google Map<\/a><\/span><\/span><\/div><\/div><\/div><!-- right-wrapper close -->\n\t<\/div><!-- event-loop-end --><\/div><\/div>\n<p>[\/et_pb_text][et_pb_button button_url=&#8221;@ET-DC@eyJkeW5hbWljIjp0cnVlLCJjb250ZW50IjoicG9zdF9saW5rX3VybF9wYWdlIiwic2V0dGluZ3MiOnsicG9zdF9pZCI6IjExMjMzIn19@&#8221; button_text=&#8221;VER EVENTOS ANTERIORES&#8221; button_alignment=&#8221;center&#8221; _builder_version=&#8221;4.14.7&#8243; _dynamic_attributes=&#8221;button_url&#8221; _module_preset=&#8221;default&#8221; custom_button=&#8221;on&#8221; button_text_size=&#8221;17px&#8221; button_text_color=&#8221;#FFFFFF&#8221; button_bg_color=&#8221;#8a730f&#8221; button_border_width=&#8221;0px&#8221; button_border_radius=&#8221;0px&#8221; button_letter_spacing=&#8221;0px&#8221; button_font=&#8221;Roboto|300|||||||&#8221; button_use_icon=&#8221;off&#8221; background_layout=&#8221;dark&#8221; custom_padding=&#8221;9px|81px|9px|81px|false|false&#8221; global_colors_info=&#8221;{}&#8221;][\/et_pb_button][\/et_pb_column][\/et_pb_row][\/et_pb_section][et_pb_section fb_built=&#8221;1&#8243; admin_label=&#8221;Logos_internas&#8221; _builder_version=&#8221;4.14.7&#8243; _module_preset=&#8221;default&#8221; background_color=&#8221;RGBA(255,255,255,0)&#8221; custom_margin=&#8221;5px|||||&#8221; custom_padding=&#8221;27px||0px|||&#8221; da_disable_devices=&#8221;off|off|off&#8221; global_module=&#8221;11879&#8243; saved_tabs=&#8221;all&#8221; locked=&#8221;off&#8221; collapsed=&#8221;on&#8221; global_colors_info=&#8221;{}&#8221; da_is_popup=&#8221;off&#8221; da_exit_intent=&#8221;off&#8221; da_has_close=&#8221;on&#8221; da_alt_close=&#8221;off&#8221; da_dark_close=&#8221;off&#8221; da_not_modal=&#8221;on&#8221; da_is_singular=&#8221;off&#8221; da_with_loader=&#8221;off&#8221; da_has_shadow=&#8221;on&#8221;][et_pb_row column_structure=&#8221;1_4,1_4,1_4,1_4&#8243; use_custom_gutter=&#8221;on&#8221; gutter_width=&#8221;1&#8243; admin_label=&#8221;Fila&#8221; _builder_version=&#8221;4.14.7&#8243; _module_preset=&#8221;default&#8221; width=&#8221;100%&#8221; max_width=&#8221;1086px&#8221; custom_margin=&#8221;5px|auto|36px|auto||&#8221; global_colors_info=&#8221;{}&#8221;][et_pb_column type=&#8221;1_4&#8243; _builder_version=&#8221;4.14.1&#8243; _module_preset=&#8221;default&#8221; global_colors_info=&#8221;{}&#8221;][et_pb_image src=&#8221;https:\/\/www.idisantiago.es\/wp-content\/uploads\/2022\/02\/todos-1.png&#8221; title_text=&#8221;todos&#8221; url=&#8221;https:\/\/sanidade.xunta.gal\/portada&#8221; module_class=&#8221;logo1&#8243; _builder_version=&#8221;4.14.7&#8243; _module_preset=&#8221;default&#8221; custom_margin=&#8221;4%||||false|false&#8221; global_colors_info=&#8221;{}&#8221;][\/et_pb_image][\/et_pb_column][et_pb_column type=&#8221;1_4&#8243; _builder_version=&#8221;4.14.1&#8243; _module_preset=&#8221;default&#8221; global_colors_info=&#8221;{}&#8221;][et_pb_image src=&#8221;https:\/\/www.idisantiago.es\/wp-content\/uploads\/2022\/02\/sergas-1.png&#8221; title_text=&#8221;sergas&#8221; url=&#8221;https:\/\/www.sergas.es\/&#8221; align=&#8221;center&#8221; module_class=&#8221;logo2&#8243; _builder_version=&#8221;4.14.7&#8243; _module_preset=&#8221;default&#8221; custom_margin=&#8221;|||14px||&#8221; global_colors_info=&#8221;{}&#8221;][\/et_pb_image][\/et_pb_column][et_pb_column type=&#8221;1_4&#8243; _builder_version=&#8221;4.14.1&#8243; _module_preset=&#8221;default&#8221; global_colors_info=&#8221;{}&#8221;][et_pb_image src=&#8221;https:\/\/www.idisantiago.es\/wp-content\/uploads\/2022\/02\/usc-2.png&#8221; title_text=&#8221;usc&#8221; url=&#8221;https:\/\/www.usc.gal\/gl&#8221; align=&#8221;center&#8221; module_class=&#8221;logo3&#8243; _builder_version=&#8221;4.14.7&#8243; _module_preset=&#8221;default&#8221; custom_margin=&#8221;|||-2px||&#8221; custom_padding=&#8221;|||15px||&#8221; global_colors_info=&#8221;{}&#8221;][\/et_pb_image][\/et_pb_column][et_pb_column type=&#8221;1_4&#8243; _builder_version=&#8221;4.14.1&#8243; _module_preset=&#8221;default&#8221; global_colors_info=&#8221;{}&#8221;][et_pb_image src=&#8221;https:\/\/www.idisantiago.es\/wp-content\/uploads\/2022\/02\/idis-2.png&#8221; title_text=&#8221;idis&#8221; module_class=&#8221;logo4&#8243; _builder_version=&#8221;4.14.7&#8243; _module_preset=&#8221;default&#8221; global_colors_info=&#8221;{}&#8221;][\/et_pb_image][\/et_pb_column][\/et_pb_row][\/et_pb_section]<\/p>\n","protected":false},"excerpt":{"rendered":"<p>[et_pb_section fb_built=&#8221;1&#8243; admin_label=&#8221;T\u00edtulo&#8221; _builder_version=&#8221;4.14.1&#8243; _module_preset=&#8221;default&#8221; custom_margin=&#8221;64px||0px||false|false&#8221; custom_padding=&#8221;0px||||false|false&#8221; da_disable_devices=&#8221;off|off|off&#8221; locked=&#8221;off&#8221; collapsed=&#8221;on&#8221; global_colors_info=&#8221;{}&#8221; da_is_popup=&#8221;off&#8221; da_exit_intent=&#8221;off&#8221; da_has_close=&#8221;on&#8221; da_alt_close=&#8221;off&#8221; da_dark_close=&#8221;off&#8221; da_not_modal=&#8221;on&#8221; da_is_singular=&#8221;off&#8221; da_with_loader=&#8221;off&#8221; da_has_shadow=&#8221;on&#8221;][et_pb_row _builder_version=&#8221;4.10.7&#8243; _module_preset=&#8221;default&#8221; width=&#8221;100%&#8221; custom_padding=&#8221;0px||||false|false&#8221; global_colors_info=&#8221;{}&#8221;][et_pb_column type=&#8221;4_4&#8243; _builder_version=&#8221;4.10.7&#8243; _module_preset=&#8221;default&#8221; global_colors_info=&#8221;{}&#8221;][et_pb_post_title meta=&#8221;off&#8221; [&hellip;]<\/p>\n","protected":false},"author":11,"featured_media":0,"parent":0,"menu_order":0,"comment_status":"closed","ping_status":"closed","template":"","meta":{"_et_pb_use_builder":"on","_et_pb_old_content":"","_et_gb_content_width":"","inline_featured_image":false,"footnotes":""},"class_list":["post-14863","page","type-page","status-publish","hentry","cat_formacion","cat_general"],"publishpress_future_workflow_manual_trigger":{"enabledWorkflows":[]},"_links":{"self":[{"href":"https:\/\/www.idisantiago.es\/gl\/wp-json\/wp\/v2\/pages\/14863","targetHints":{"allow":["GET"]}}],"collection":[{"href":"https:\/\/www.idisantiago.es\/gl\/wp-json\/wp\/v2\/pages"}],"about":[{"href":"https:\/\/www.idisantiago.es\/gl\/wp-json\/wp\/v2\/types\/page"}],"author":[{"embeddable":true,"href":"https:\/\/www.idisantiago.es\/gl\/wp-json\/wp\/v2\/users\/11"}],"replies":[{"embeddable":true,"href":"https:\/\/www.idisantiago.es\/gl\/wp-json\/wp\/v2\/comments?post=14863"}],"version-history":[{"count":1,"href":"https:\/\/www.idisantiago.es\/gl\/wp-json\/wp\/v2\/pages\/14863\/revisions"}],"predecessor-version":[{"id":14864,"href":"https:\/\/www.idisantiago.es\/gl\/wp-json\/wp\/v2\/pages\/14863\/revisions\/14864"}],"wp:attachment":[{"href":"https:\/\/www.idisantiago.es\/gl\/wp-json\/wp\/v2\/media?parent=14863"}],"curies":[{"name":"wp","href":"https:\/\/api.w.org\/{rel}","templated":true}]}}