{"id":14938,"date":"2022-02-25T15:20:26","date_gmt":"2022-02-25T14:20:26","guid":{"rendered":"https:\/\/www.idisantiago.es\/plataformas-de-apoio-comun\/biopsia-liquida\/"},"modified":"2024-12-27T10:57:30","modified_gmt":"2024-12-27T09:57:30","slug":"biopsia-liquida","status":"publish","type":"page","link":"https:\/\/www.idisantiago.es\/gl\/plataformas-de-apoyo-comun\/biopsia-liquida\/","title":{"rendered":"Biopsia l\u00edquida"},"content":{"rendered":"<p>[et_pb_section fb_built=&#8221;1&#8243; admin_label=&#8221;T\u00edtulo&#8221; _builder_version=&#8221;4.16&#8243; _module_preset=&#8221;default&#8221; custom_margin=&#8221;64px||0px||false|false&#8221; custom_padding=&#8221;0px||||false|false&#8221; da_disable_devices=&#8221;off|off|off&#8221; locked=&#8221;off&#8221; collapsed=&#8221;on&#8221; global_colors_info=&#8221;{}&#8221; da_is_popup=&#8221;off&#8221; da_exit_intent=&#8221;off&#8221; da_has_close=&#8221;on&#8221; da_alt_close=&#8221;off&#8221; da_dark_close=&#8221;off&#8221; da_not_modal=&#8221;on&#8221; da_is_singular=&#8221;off&#8221; da_with_loader=&#8221;off&#8221; da_has_shadow=&#8221;on&#8221;][et_pb_row _builder_version=&#8221;4.16&#8243; _module_preset=&#8221;default&#8221; width=&#8221;100%&#8221; custom_padding=&#8221;0px||||false|false&#8221; global_colors_info=&#8221;{}&#8221;][et_pb_column type=&#8221;4_4&#8243; _builder_version=&#8221;4.16&#8243; _module_preset=&#8221;default&#8221; global_colors_info=&#8221;{}&#8221;][et_pb_post_title meta=&#8221;off&#8221; featured_image=&#8221;off&#8221; _builder_version=&#8221;4.16&#8243; _module_preset=&#8221;default&#8221; global_colors_info=&#8221;{}&#8221;][\/et_pb_post_title][\/et_pb_column][\/et_pb_row][\/et_pb_section][et_pb_section fb_built=&#8221;1&#8243; _builder_version=&#8221;4.16&#8243; _module_preset=&#8221;default&#8221; custom_padding=&#8221;0px||||false|false&#8221; da_disable_devices=&#8221;off|off|off&#8221; global_colors_info=&#8221;{}&#8221; da_is_popup=&#8221;off&#8221; da_exit_intent=&#8221;off&#8221; da_has_close=&#8221;on&#8221; da_alt_close=&#8221;off&#8221; da_dark_close=&#8221;off&#8221; da_not_modal=&#8221;on&#8221; da_is_singular=&#8221;off&#8221; da_with_loader=&#8221;off&#8221; da_has_shadow=&#8221;on&#8221;][et_pb_row _builder_version=&#8221;4.16&#8243; _module_preset=&#8221;default&#8221; width=&#8221;100%&#8221; custom_padding=&#8221;0px||||false|false&#8221; locked=&#8221;on&#8221; collapsed=&#8221;on&#8221; global_colors_info=&#8221;{}&#8221;][et_pb_column type=&#8221;4_4&#8243; _builder_version=&#8221;4.16&#8243; _module_preset=&#8221;default&#8221; global_colors_info=&#8221;{}&#8221;][et_pb_text _builder_version=&#8221;4.16&#8243; _dynamic_attributes=&#8221;link_option_url&#8221; _module_preset=&#8221;default&#8221; link_option_url=&#8221;@ET-DC@eyJkeW5hbWljIjp0cnVlLCJjb250ZW50IjoicG9zdF9saW5rX3VybF9wYWdlIiwic2V0dGluZ3MiOnsicG9zdF9pZCI6Ijk1MDAifX0=@&#8221; global_colors_info=&#8221;{}&#8221;]PLATAFORMAS DE APOIO COM\u00daN[\/et_pb_text][\/et_pb_column][\/et_pb_row][et_pb_row column_structure=&#8221;2_3,1_3&#8243; _builder_version=&#8221;4.16&#8243; _module_preset=&#8221;default&#8221; width=&#8221;100%&#8221; global_colors_info=&#8221;{}&#8221;][et_pb_column type=&#8221;2_3&#8243; _builder_version=&#8221;4.16&#8243; _module_preset=&#8221;default&#8221; global_colors_info=&#8221;{}&#8221;][et_pb_toggle title=&#8221;Equipamento&#8221; admin_label=&#8221;Equipamento&#8221; _builder_version=&#8221;4.16&#8243; _module_preset=&#8221;default&#8221; body_font=&#8221;|300|||||||&#8221; global_colors_info=&#8221;{}&#8221;]<\/p>\n<p>Unidade de Biopsia L\u00edquida disp\u00f3n da seguinte tecnolox\u00eda de referencia para a an\u00e1lise de biopsia l\u00edquida:<\/p>\n<ul>\n<li>Sistema CellSearch (Silicon Biosystems, o \u00fanico sistema aprobado pola FDA para cuantificaci\u00f3n de CTCs).<\/li>\n<li>Sistema Parsortix (Angle) para o aillamento ant\u00edxeno-independente de CTCs.<\/li>\n<li>Equipo de PCR dixital (QX200, Biorad) que permite o estudo de mutaci\u00f3ns puntualis, CNVs e pequenos reordenamentos as\u00ed como a realizaci\u00f3n de estudos de metilaci\u00f3n.<\/li>\n<li>Termociclador Veriti Dx 96-well Thermal Cycler (Applied Biosystems)<\/li>\n<li>Cit\u00f3metro de \u00faltima xeraci\u00f3n Cube6i Flow Cytometer (Partek).<\/li>\n<li>Micromanipulador (Leica) e equipamento b\u00e1sico dun laboratorio de biolox\u00eda molecular (centr\u00edfugas, cabinas de seguridade biol\u00f3xica, cabinas de PCRs e equipamento para cultivo celular).<br \/>Adem\u00e1is deste equipamento propio, a plataforma ten a s\u00faa disposici\u00f3n outros equipos com\u00fans do Instituto de Investigaci\u00f3n Sanitaria de Santiago de Compostela (IDIS) necesarios para o estudo de biopsia l\u00edquida, como o microscopio confocal Leica SP8, o sistema DEParray (Silicon Biosystems, xestionado pola Fundaci\u00f3n de Medicina Xen\u00f3mica do IDIS) ou o secuenciador NexSeq (Illumina, da unidade de Epixen\u00f3mica do IDIS).<\/li>\n<\/ul>\n<p>&nbsp;<\/p>\n<p>[\/et_pb_toggle][et_pb_toggle title=&#8221;Descrici\u00f3n&#8221; admin_label=&#8221;Descrici\u00f3n&#8221; _builder_version=&#8221;4.16&#8243; _module_preset=&#8221;default&#8221; body_font=&#8221;|300|||||||&#8221; global_colors_info=&#8221;{}&#8221;]<\/p>\n<p>A Unidade de An\u00e1lises de Biopsia L\u00edquida \u00e9 un laboratorio especializado na an\u00e1lise de c\u00e9lulas tumorais circulantes (CTCs), DNA tumoral circulante (ctDNA) e outros elementos tumorais presentes en distintos flu\u00eddos biol\u00f3xicos como o sangue, saliva, l\u00edquido pleural ou l\u00edquido cefalorraqu\u00eddeo, entre outros. A unidade, creada en 2012, da servizo a distintos grupos cl\u00ednicos e de investigaci\u00f3n nacionais e internacionais para o estudo de biopsia l\u00edquida.<\/p>\n<p>O interese polo estudo do material tumoral presente en flu\u00eddos biol\u00f3xicos incrementouse de forma exponencial na \u00faltima d\u00e9cada, principalmente porque \u00e9 a estratexia menos invasiva e m\u00e1is din\u00e1mica de caracterizar os tumores. A nivel cl\u00ednico tanto a an\u00e1lise de alteraci\u00f3ns xen\u00e9ticas, utilizando o ctDNA como a cuantificaci\u00f3n e caracterizaci\u00f3n de CTCs demostrou ser de gran utilidade para a detecci\u00f3n de enfermidade m\u00ednima residual, como marcador pron\u00f3stico e predictivo de resposta e para a monitorizaci\u00f3n precisa da resposta \u00f3 tratamento. Por outro lado, a nivel de investigaci\u00f3n, a posibilidade de aillar e caracterizar as CTCs, principais responsables da formaci\u00f3n de met\u00e1stase, presenta un valor incalculable para comprender mellor o proceso de diseminaci\u00f3n tumoral e de desenvolvemento de resistencias.<\/p>\n<p><img loading=\"lazy\" decoding=\"async\" class=\"wp-image-14175 alignnone size-medium\" src=\"https:\/\/www.idisantiago.es\/wp-content\/uploads\/2022\/02\/EquipoBiopsia-300x228.png\" alt=\"\" width=\"300\" height=\"228\" \/><\/p>\n<p>[\/et_pb_toggle][et_pb_toggle title=&#8221;Servizos&#8221; admin_label=&#8221;Servizos&#8221; _builder_version=&#8221;4.16&#8243; _module_preset=&#8221;default&#8221; body_font=&#8221;|300|||||||&#8221; global_colors_info=&#8221;{}&#8221;]<\/p>\n<ul>\n<li>Aillamento de plasma e PBMC mediante centrifugaci\u00f3n e gradientes de densidade aillamento de exosomas.<\/li>\n<li>Aillamento e cuantificaci\u00f3n de CTCs cos sistemas CellSearch, Parsortix CELLection, Metacell y Cellcollector.<\/li>\n<li>Aillamento de DNA\/RNA de plasma.<\/li>\n<li>Estudos de expresi\u00f3n x\u00e9nica mediante q-RT-PCR.<\/li>\n<li>Estudos xen\u00e9ticos para identificar mutaci\u00f3ns mediante BEAMing e PCR dixital en ctDNA.<\/li>\n<li>Cuantificaci\u00f3n de cfDNA total en mostras de plasma.<\/li>\n<li>Estudos proteicos mediante Inmunofluorescencia e purificaci\u00f3n a nivel de c\u00e9lula \u00fanica de mostras enriquecidas en CTCs.<\/li>\n<li>Todos estos servizos p\u00f3dense levar a cabo en mostras humanas e en modelos animais.<\/li>\n<\/ul>\n<p>[\/et_pb_toggle][et_pb_toggle title=&#8221;Tarifas&#8221; disabled_on=&#8221;off|off|off&#8221; admin_label=&#8221;Tarifas&#8221; _builder_version=&#8221;4.21.0&#8243; _module_preset=&#8221;default&#8221; body_font=&#8221;|300|||||||&#8221; hover_enabled=&#8221;0&#8243; global_colors_info=&#8221;{}&#8221; sticky_enabled=&#8221;0&#8243;]<\/p>\n<p><a href=\"https:\/\/www.idisantiago.es\/wp-content\/uploads\/2024\/12\/Tarifas-Biopsia-Liquida_GAL.pdf\"><span style=\"color: #808000;\"><strong>Tarifas<\/strong><\/span>.<\/a><\/p>\n<p>IVE non inclu\u00eddo.<\/p>\n<p>[\/et_pb_toggle][\/et_pb_column][et_pb_column type=&#8221;1_3&#8243; _builder_version=&#8221;4.16&#8243; _module_preset=&#8221;default&#8221; global_colors_info=&#8221;{}&#8221;][et_pb_text admin_label=&#8221;Contacto&#8221; _builder_version=&#8221;4.16&#8243; _module_preset=&#8221;default&#8221; text_text_color=&#8221;#FFFFFF&#8221; header_text_color=&#8221;#FFFFFF&#8221; header_2_text_align=&#8221;left&#8221; header_2_text_color=&#8221;#FFFFFF&#8221; background_color=&#8221;#10294c&#8221; custom_margin=&#8221;0px||||false|false&#8221; custom_padding=&#8221;6px||0px|6px|false|false&#8221; locked=&#8221;on&#8221; global_colors_info=&#8221;{}&#8221;]<\/p>\n<h2>Contacto<\/h2>\n<p>[\/et_pb_text][et_pb_text _builder_version=&#8221;4.16&#8243; _module_preset=&#8221;default&#8221; global_colors_info=&#8221;{}&#8221;]<strong>Laura Muinelo Romay<\/strong><\/p>\n<p><a href=\"mailto:Laura.Muinelo.Romay@sergas.es\">Laura.Muinelo.Romay@sergas.es<\/a><\/p>\n<p>&nbsp;[\/et_pb_text][\/et_pb_column][\/et_pb_row][\/et_pb_section][et_pb_section fb_built=&#8221;1&#8243; admin_label=&#8221;Logos_internas&#8221; _builder_version=&#8221;4.16&#8243; _module_preset=&#8221;default&#8221; background_color=&#8221;RGBA(255,255,255,0)&#8221; custom_margin=&#8221;5px|||||&#8221; custom_padding=&#8221;27px||0px|||&#8221; da_disable_devices=&#8221;off|off|off&#8221; saved_tabs=&#8221;all&#8221; locked=&#8221;off&#8221; collapsed=&#8221;on&#8221; global_colors_info=&#8221;{}&#8221; da_is_popup=&#8221;off&#8221; da_exit_intent=&#8221;off&#8221; da_has_close=&#8221;on&#8221; da_alt_close=&#8221;off&#8221; da_dark_close=&#8221;off&#8221; da_not_modal=&#8221;on&#8221; da_is_singular=&#8221;off&#8221; da_with_loader=&#8221;off&#8221; da_has_shadow=&#8221;on&#8221;][et_pb_row column_structure=&#8221;1_4,1_4,1_4,1_4&#8243; use_custom_gutter=&#8221;on&#8221; gutter_width=&#8221;1&#8243; admin_label=&#8221;Fila&#8221; _builder_version=&#8221;4.16&#8243; _module_preset=&#8221;default&#8221; width=&#8221;100%&#8221; max_width=&#8221;1086px&#8221; custom_margin=&#8221;5px|auto|36px|auto||&#8221; global_colors_info=&#8221;{}&#8221;][et_pb_column type=&#8221;1_4&#8243; _builder_version=&#8221;4.16&#8243; _module_preset=&#8221;default&#8221; global_colors_info=&#8221;{}&#8221;][et_pb_image src=&#8221;https:\/\/www.idisantiago.es\/wp-content\/uploads\/2022\/02\/todos-1.png&#8221; title_text=&#8221;todos&#8221; url=&#8221;https:\/\/sanidade.xunta.gal\/portada&#8221; module_class=&#8221;logo1&#8243; _builder_version=&#8221;4.16&#8243; _module_preset=&#8221;default&#8221; custom_margin=&#8221;4%||||false|false&#8221; global_colors_info=&#8221;{}&#8221;][\/et_pb_image][\/et_pb_column][et_pb_column type=&#8221;1_4&#8243; _builder_version=&#8221;4.16&#8243; _module_preset=&#8221;default&#8221; global_colors_info=&#8221;{}&#8221;][et_pb_image src=&#8221;https:\/\/www.idisantiago.es\/wp-content\/uploads\/2022\/02\/sergas-1.png&#8221; title_text=&#8221;sergas&#8221; url=&#8221;https:\/\/www.sergas.es\/&#8221; align=&#8221;center&#8221; module_class=&#8221;logo2&#8243; _builder_version=&#8221;4.16&#8243; _module_preset=&#8221;default&#8221; custom_margin=&#8221;|||14px||&#8221; global_colors_info=&#8221;{}&#8221;][\/et_pb_image][\/et_pb_column][et_pb_column type=&#8221;1_4&#8243; _builder_version=&#8221;4.16&#8243; _module_preset=&#8221;default&#8221; global_colors_info=&#8221;{}&#8221;][et_pb_image src=&#8221;https:\/\/www.idisantiago.es\/wp-content\/uploads\/2022\/02\/usc-2.png&#8221; title_text=&#8221;usc&#8221; url=&#8221;https:\/\/www.usc.gal\/gl&#8221; align=&#8221;center&#8221; module_class=&#8221;logo3&#8243; _builder_version=&#8221;4.16&#8243; _module_preset=&#8221;default&#8221; custom_margin=&#8221;|||-2px||&#8221; custom_padding=&#8221;|||15px||&#8221; global_colors_info=&#8221;{}&#8221;][\/et_pb_image][\/et_pb_column][et_pb_column type=&#8221;1_4&#8243; _builder_version=&#8221;4.16&#8243; _module_preset=&#8221;default&#8221; global_colors_info=&#8221;{}&#8221;][et_pb_image src=&#8221;https:\/\/www.idisantiago.es\/wp-content\/uploads\/2022\/02\/idis-2.png&#8221; title_text=&#8221;idis&#8221; module_class=&#8221;logo4&#8243; _builder_version=&#8221;4.16&#8243; _module_preset=&#8221;default&#8221; global_colors_info=&#8221;{}&#8221;][\/et_pb_image][\/et_pb_column][\/et_pb_row][\/et_pb_section]<\/p>\n","protected":false},"excerpt":{"rendered":"<p>PLATAFORMAS DE APOIO COM\u00daNUnidade de Biopsia L\u00edquida disp\u00f3n da seguinte tecnolox\u00eda de referencia para a an\u00e1lise de biopsia l\u00edquida: Sistema CellSearch (Silicon Biosystems, o \u00fanico sistema aprobado pola FDA para [&hellip;]<\/p>\n","protected":false},"author":12,"featured_media":0,"parent":15368,"menu_order":0,"comment_status":"closed","ping_status":"closed","template":"","meta":{"_et_pb_use_builder":"on","_et_pb_old_content":"","_et_gb_content_width":"","inline_featured_image":false,"footnotes":""},"class_list":["post-14938","page","type-page","status-publish","hentry"],"publishpress_future_workflow_manual_trigger":{"enabledWorkflows":[]},"_links":{"self":[{"href":"https:\/\/www.idisantiago.es\/gl\/wp-json\/wp\/v2\/pages\/14938","targetHints":{"allow":["GET"]}}],"collection":[{"href":"https:\/\/www.idisantiago.es\/gl\/wp-json\/wp\/v2\/pages"}],"about":[{"href":"https:\/\/www.idisantiago.es\/gl\/wp-json\/wp\/v2\/types\/page"}],"author":[{"embeddable":true,"href":"https:\/\/www.idisantiago.es\/gl\/wp-json\/wp\/v2\/users\/12"}],"replies":[{"embeddable":true,"href":"https:\/\/www.idisantiago.es\/gl\/wp-json\/wp\/v2\/comments?post=14938"}],"version-history":[{"count":6,"href":"https:\/\/www.idisantiago.es\/gl\/wp-json\/wp\/v2\/pages\/14938\/revisions"}],"predecessor-version":[{"id":37910,"href":"https:\/\/www.idisantiago.es\/gl\/wp-json\/wp\/v2\/pages\/14938\/revisions\/37910"}],"up":[{"embeddable":true,"href":"https:\/\/www.idisantiago.es\/gl\/wp-json\/wp\/v2\/pages\/15368"}],"wp:attachment":[{"href":"https:\/\/www.idisantiago.es\/gl\/wp-json\/wp\/v2\/media?parent=14938"}],"curies":[{"name":"wp","href":"https:\/\/api.w.org\/{rel}","templated":true}]}}