{"id":14957,"date":"2022-03-01T14:56:10","date_gmt":"2022-03-01T13:56:10","guid":{"rendered":"https:\/\/www.idisantiago.es\/estancias-de-investigacion\/"},"modified":"2022-03-08T12:10:24","modified_gmt":"2022-03-08T11:10:24","slug":"estancias-de-investigacion","status":"publish","type":"page","link":"https:\/\/www.idisantiago.es\/gl\/estancias-de-investigacion\/","title":{"rendered":"Estancias de investigaci\u00f3n"},"content":{"rendered":"<p>[et_pb_section fb_built=&#8221;1&#8243; admin_label=&#8221;T\u00edtulo&#8221; _builder_version=&#8221;4.14.1&#8243; _module_preset=&#8221;default&#8221; custom_margin=&#8221;64px||0px||false|false&#8221; custom_padding=&#8221;0px||||false|false&#8221; da_disable_devices=&#8221;off|off|off&#8221; locked=&#8221;off&#8221; collapsed=&#8221;on&#8221; global_colors_info=&#8221;{}&#8221; da_is_popup=&#8221;off&#8221; da_exit_intent=&#8221;off&#8221; da_has_close=&#8221;on&#8221; da_alt_close=&#8221;off&#8221; da_dark_close=&#8221;off&#8221; da_not_modal=&#8221;on&#8221; da_is_singular=&#8221;off&#8221; da_with_loader=&#8221;off&#8221; da_has_shadow=&#8221;on&#8221;][et_pb_row _builder_version=&#8221;4.10.7&#8243; _module_preset=&#8221;default&#8221; width=&#8221;100%&#8221; custom_padding=&#8221;0px||||false|false&#8221; global_colors_info=&#8221;{}&#8221;][et_pb_column type=&#8221;4_4&#8243; _builder_version=&#8221;4.10.7&#8243; _module_preset=&#8221;default&#8221; global_colors_info=&#8221;{}&#8221;][et_pb_post_title meta=&#8221;off&#8221; featured_image=&#8221;off&#8221; _builder_version=&#8221;4.14.1&#8243; _module_preset=&#8221;default&#8221; global_colors_info=&#8221;{}&#8221;][\/et_pb_post_title][\/et_pb_column][\/et_pb_row][\/et_pb_section][et_pb_section fb_built=&#8221;1&#8243; _builder_version=&#8221;4.14.7&#8243; _module_preset=&#8221;default&#8221; da_disable_devices=&#8221;off|off|off&#8221; global_colors_info=&#8221;{}&#8221; da_is_popup=&#8221;off&#8221; da_exit_intent=&#8221;off&#8221; da_has_close=&#8221;on&#8221; da_alt_close=&#8221;off&#8221; da_dark_close=&#8221;off&#8221; da_not_modal=&#8221;on&#8221; da_is_singular=&#8221;off&#8221; da_with_loader=&#8221;off&#8221; da_has_shadow=&#8221;on&#8221;][et_pb_row column_structure=&#8221;1_2,1_2&#8243; _builder_version=&#8221;4.14.7&#8243; _module_preset=&#8221;default&#8221; global_colors_info=&#8221;{}&#8221;][et_pb_column type=&#8221;1_2&#8243; _builder_version=&#8221;4.14.7&#8243; _module_preset=&#8221;default&#8221; global_colors_info=&#8221;{}&#8221;][et_pb_text _builder_version=&#8221;4.14.7&#8243; _module_preset=&#8221;default&#8221; text_font=&#8221;|300|||||||&#8221; global_colors_info=&#8221;{}&#8221;]Entre os obxectivos e funci\u00f3ns do IDIS at\u00f3pase a docencia como un dos seus pilares principais, desenvolvendo pol\u00edticas activas de formaci\u00f3n e apoio a xoves investigadores, as\u00ed como de atracci\u00f3n e retenci\u00f3n de talento. A estreita colaboraci\u00f3n entre o persoal b\u00e1sico e cl\u00ednico crean o mellor ambiente para trasladar os co\u00f1ecementos da investigaci\u00f3n orientados \u00e1 aplicaci\u00f3n de resultados \u00e1 sa\u00fade das persoas.<\/p>\n<p>O IDIS conta cun Plan de Formaci\u00f3n que ten como obxectivos fomentar a investigaci\u00f3n traslacional e de excelencia entre as s\u00faas \u00e1reas cient\u00edficas, as\u00ed como potenciar a capacidade de traslaci\u00f3n e transferencia, co fin de mellorar a calidade da asistencia. Do mesmo xeito, pretende colaborar no incremento da masa cr\u00edtica investigadora no sector da sa\u00fade.<\/p>\n<p>Unha das entidades que forman parte do IDIS \u00e9 a Universidade de Santiago de Compostela, que conta cunha estrutura docente propia que capacita para impartir formaci\u00f3n universitaria oficial de nivel de grao e posgrao, as\u00ed como cursos de formaci\u00f3n no eido biosanitario. As\u00ed, incl\u00fae no seu programa docente, estudos relativos \u00e1 sa\u00fade que proporcionan unha formaci\u00f3n avanzada en t\u00e9cnicas de investigaci\u00f3n en disciplinas como a medicina, elo desenvolvemento de medicamentos, nanomedicina, a sanidade veterinaria, as ciencias odontol\u00f3xicas, a seguridade e tecnolox\u00eda alimentarias, ciencias forenses, ciencias da visi\u00f3n. Contando con 15 programas de doutorado e 12 m\u00e1steres na \u00e1rea das ciencias da sa\u00fade, abarcando estudos relativos \u00e1 sanidade, tanto na s\u00faa dimensi\u00f3n investigadora como da atenci\u00f3n cl\u00ednica nas s\u00faas diversas especialidades.<\/p>\n<p>O IDIS pretende que a nosa investigaci\u00f3n e docencia sigan xerando co\u00f1ecemento e se desenvolvan como un activo relevante e referente para a nosa sociedade e para o sistema de sa\u00fade en particular. Nesta li\u00f1a, pretende manter a s\u00faa posici\u00f3n de liderado \u00e1 hora de atraer talento e formar persoal investigador excelente capaz de liderar con \u00e9xito os retos da investigaci\u00f3n biom\u00e9dicca do futuro.<\/p>\n<p>Dende o Instituto ofr\u00e9cese a posibilidade de desenvolver estancias e pr\u00e1cticas de empresa a estudantes que queren ter un contacto profesional no \u00e1mbito da investigaci\u00f3n biosanitaria, dando a oportunidade \u00f3 alumnado de desenvolver sos seus co\u00f1ecementos nun centro de investigaci\u00f3n de referencia para completar a s\u00faa formaci\u00f3n. O IDIS conta con convenios de colaboraci\u00f3n firmados con distintos centros educativos para formalizar a incorporaci\u00f3n temporal deste persoal.<\/p>\n<p>Durante os \u00faltimos anos, os nosos grupos de investigaci\u00f3n ve\u00f1en acollendo a estudantes para formarse no eido da investigaci\u00f3n en sa\u00fade, permitindo profundizar no co\u00f1ecemento das principais patolox\u00edas, tendo acceso \u00e1 m\u00e1is avanzada tecnolox\u00eda, co fin de atopar soluci\u00f3ns aos problemas sanitarios.[\/et_pb_text][\/et_pb_column][et_pb_column type=&#8221;1_2&#8243; _builder_version=&#8221;4.14.7&#8243; _module_preset=&#8221;default&#8221; global_colors_info=&#8221;{}&#8221;][et_pb_text _builder_version=&#8221;4.14.8&#8243; _module_preset=&#8221;default&#8221; text_font=&#8221;|300|||||||&#8221; text_text_color=&#8221;#FFFFFF&#8221; header_3_text_color=&#8221;#FFFFFF&#8221; header_5_text_color=&#8221;#FFFFFF&#8221; background_color=&#8221;#10294c&#8221; custom_padding=&#8221;24px|12px|24px|12px|false|false&#8221; hover_enabled=&#8221;0&#8243; global_colors_info=&#8221;{}&#8221; sticky_enabled=&#8221;0&#8243;]<\/p>\n<h5>Quero realizar pr\u00e1cticas ou estancias no IDIS<\/h5>\n<p>Podes consultar o directorio de grupos no apartado<strong> <a style=\"color: #ffffff;\" href=\"https:\/\/www.idisantiago.es\/gl\/grupos-de-investigacion\/\">Grupos de investigaci\u00f3n<\/a> na nosa<\/strong> web e contactar co persoal investigador responsable para solicitar a disponibilidade de realizar unha actividade formativa.<\/p>\n<p>Se xa tes un grupo de investigaci\u00f3n no que realizar a t\u00faa formaci\u00f3n, consulta co teu centro de estudos ou a t\u00faa entidade para iniciar as xesti\u00f3ns precisas.<\/p>\n<p>No caso das pr\u00e1cticas acad\u00e9micas, \u00e9 necesario formalizar un convenio de colaboraci\u00f3n entre o centro de estudos e o IDIS, no caso de que non exista un previo, e acreditar que o estudante dis\u00f3n dun seguro de accidentes e responsabilidade civil no momento da s\u00faa suscrici\u00f3n.<\/p>\n<p>No caso de estar interesado en realizar as pr\u00e1cticas acad\u00e9micas podes po\u00f1erte en contacto co IDIS a trav\u00e9s do seguinte buz\u00f3n.<\/p>\n<p><p>[et_pb_section fb_built=&#8221;1&#8243; _builder_version=&#8221;4.15&#8243; _module_preset=&#8221;default&#8221; background_color=&#8221;#10294c&#8221; da_disable_devices=&#8221;off|off|off&#8221; global_colors_info=&#8221;{}&#8221; da_is_popup=&#8221;off&#8221; da_exit_intent=&#8221;off&#8221; da_has_close=&#8221;on&#8221; da_alt_close=&#8221;off&#8221; da_dark_close=&#8221;off&#8221; da_not_modal=&#8221;on&#8221; da_is_singular=&#8221;off&#8221; da_with_loader=&#8221;off&#8221; da_has_shadow=&#8221;on&#8221;][et_pb_row _builder_version=&#8221;4.15&#8243; _module_preset=&#8221;default&#8221; background_color=&#8221;#10294c&#8221; width=&#8221;100%&#8221; global_colors_info=&#8221;{}&#8221;][et_pb_column type=&#8221;4_4&#8243; _builder_version=&#8221;4.15&#8243; _module_preset=&#8221;default&#8221; global_colors_info=&#8221;{}&#8221;][et_pb_contact_form captcha=&#8221;off&#8221; email=&#8221;formacion@idisantiago.es&#8221; custom_message=&#8221;Mensaje escrito por %%name%%, en el formulario %22Quiero realizar pr\u00e1cticas o estancias en el IDIS%22 (galego), con los siguientes datos: ||et_pb_line_break_holder||||et_pb_line_break_holder||- Documento de identidad: %%dni%%||et_pb_line_break_holder||- Fecha de nacimiento: %%fecha_nacimiento%%||et_pb_line_break_holder||- Correo electr\u00f3nico: %%email%%||et_pb_line_break_holder||- Tel\u00e9fono: %%phone%%||et_pb_line_break_holder||- Direcci\u00f3n postal: %%address%%||et_pb_line_break_holder||- Centro de origen: %%centro%%||et_pb_line_break_holder||- Tipo de actividad: %%tipo_actividad%%||et_pb_line_break_holder||- Nombre del grupo de investigaci\u00f3n: %%nombre_grupo%%||et_pb_line_break_holder||- Nombre del responsable del grupo: %%nombre_responsable%%&#8221; success_message=&#8221;A s\u00faa mensaxe foi enviada correctamente. Grazas por po\u00f1erse en contacto co IDIS.&#8221; submit_button_text=&#8221;Enviar&#8221; _builder_version=&#8221;4.15.1&#8243; _module_preset=&#8221;default&#8221; _unique_id=&#8221;4dd51c22-9015-4a52-bf24-166aabc2d4f4&#8243; title_font=&#8221;Roboto||||||||&#8221; title_font_size=&#8221;21px&#8221; captcha_font=&#8221;Roboto||||||||&#8221; captcha_font_size=&#8221;14px&#8221; form_field_font=&#8221;Roboto||||||||&#8221; form_field_font_size=&#8221;14px&#8221; background_color=&#8221;#10294c&#8221; custom_button=&#8221;on&#8221; button_text_size=&#8221;14px&#8221; button_text_color=&#8221;#FFFFFF&#8221; button_bg_color=&#8221;#8a730f&#8221; button_border_width=&#8221;0px&#8221; button_border_color=&#8221;#FFFFFF&#8221; button_border_radius=&#8221;0px&#8221; button_font=&#8221;Roboto|||on|||||&#8221; button_use_icon=&#8221;off&#8221; button_custom_margin=&#8221;||||false|false&#8221; button_custom_padding=&#8221;9px|61px|9px|61px|false|false&#8221; custom_padding=&#8221;24px|8px|24px|8px|false|false&#8221; hover_enabled=&#8221;0&#8243; global_colors_info=&#8221;{}&#8221; sticky_enabled=&#8221;0&#8243;][et_pb_contact_field field_id=&#8221;name&#8221; field_title=&#8221;Nome e apelidos&#8221; fullwidth_field=&#8221;on&#8221; _builder_version=&#8221;4.15.1&#8243; global_colors_info=&#8221;{}&#8221; button_text_size__hover_enabled=&#8221;off&#8221; button_one_text_size__hover_enabled=&#8221;off&#8221; button_two_text_size__hover_enabled=&#8221;off&#8221; button_text_color__hover_enabled=&#8221;off&#8221; button_one_text_color__hover_enabled=&#8221;off&#8221; button_two_text_color__hover_enabled=&#8221;off&#8221; button_border_width__hover_enabled=&#8221;off&#8221; button_one_border_width__hover_enabled=&#8221;off&#8221; button_two_border_width__hover_enabled=&#8221;off&#8221; button_border_color__hover_enabled=&#8221;off&#8221; button_one_border_color__hover_enabled=&#8221;off&#8221; button_two_border_color__hover_enabled=&#8221;off&#8221; button_border_radius__hover_enabled=&#8221;off&#8221; button_one_border_radius__hover_enabled=&#8221;off&#8221; button_two_border_radius__hover_enabled=&#8221;off&#8221; button_letter_spacing__hover_enabled=&#8221;off&#8221; button_one_letter_spacing__hover_enabled=&#8221;off&#8221; button_two_letter_spacing__hover_enabled=&#8221;off&#8221; button_bg_color__hover_enabled=&#8221;off&#8221; button_one_bg_color__hover_enabled=&#8221;off&#8221; button_two_bg_color__hover_enabled=&#8221;off&#8221;][\/et_pb_contact_field][et_pb_contact_field field_id=&#8221;dni&#8221; field_title=&#8221;Documento de identidade&#8221; required_mark=&#8221;off&#8221; _builder_version=&#8221;4.15.1&#8243; _module_preset=&#8221;default&#8221; global_colors_info=&#8221;{}&#8221;][\/et_pb_contact_field][et_pb_contact_field field_id=&#8221;fecha_nacimiento&#8221; field_title=&#8221;Data de nacemento&#8221; _builder_version=&#8221;4.15.1&#8243; _module_preset=&#8221;default&#8221; global_colors_info=&#8221;{}&#8221;][\/et_pb_contact_field][et_pb_contact_field field_id=&#8221;email&#8221; field_title=&#8221;Correo electr\u00f3nico&#8221; field_type=&#8221;email&#8221; _builder_version=&#8221;4.15.1&#8243; global_colors_info=&#8221;{}&#8221; button_text_size__hover_enabled=&#8221;off&#8221; button_one_text_size__hover_enabled=&#8221;off&#8221; button_two_text_size__hover_enabled=&#8221;off&#8221; button_text_color__hover_enabled=&#8221;off&#8221; button_one_text_color__hover_enabled=&#8221;off&#8221; button_two_text_color__hover_enabled=&#8221;off&#8221; button_border_width__hover_enabled=&#8221;off&#8221; button_one_border_width__hover_enabled=&#8221;off&#8221; button_two_border_width__hover_enabled=&#8221;off&#8221; button_border_color__hover_enabled=&#8221;off&#8221; button_one_border_color__hover_enabled=&#8221;off&#8221; button_two_border_color__hover_enabled=&#8221;off&#8221; button_border_radius__hover_enabled=&#8221;off&#8221; button_one_border_radius__hover_enabled=&#8221;off&#8221; button_two_border_radius__hover_enabled=&#8221;off&#8221; button_letter_spacing__hover_enabled=&#8221;off&#8221; button_one_letter_spacing__hover_enabled=&#8221;off&#8221; button_two_letter_spacing__hover_enabled=&#8221;off&#8221; button_bg_color__hover_enabled=&#8221;off&#8221; button_one_bg_color__hover_enabled=&#8221;off&#8221; button_two_bg_color__hover_enabled=&#8221;off&#8221;][\/et_pb_contact_field][et_pb_contact_field field_id=&#8221;phone&#8221; field_title=&#8221;Tel\u00e9fono&#8221; _builder_version=&#8221;4.15.1&#8243; _module_preset=&#8221;default&#8221; global_colors_info=&#8221;{}&#8221;][\/et_pb_contact_field][et_pb_contact_field field_id=&#8221;address&#8221; field_title=&#8221;Enderezo postal&#8221; fullwidth_field=&#8221;on&#8221; _builder_version=&#8221;4.15.1&#8243; _module_preset=&#8221;default&#8221; global_colors_info=&#8221;{}&#8221;][\/et_pb_contact_field][et_pb_contact_field field_id=&#8221;centro&#8221; field_title=&#8221;Centro de orixe&#8221; fullwidth_field=&#8221;on&#8221; _builder_version=&#8221;4.15.1&#8243; _module_preset=&#8221;default&#8221; global_colors_info=&#8221;{}&#8221;][\/et_pb_contact_field][et_pb_contact_field field_id=&#8221;tipo_actividad&#8221; field_title=&#8221;Tipo de actividade&#8221; field_type=&#8221;select&#8221; select_options=&#8221;%91{%22value%22:%22Pr\u00e1cticas curriculares%22,%22checked%22:0,%22dragID%22:-1},{%22value%22:%22Pr\u00e1cticas extracurriculares%22,%22checked%22:0,%22dragID%22:0},{%22value%22:%22TFM%22,%22checked%22:0,%22dragID%22:1},{%22value%22:%22TGM%22,%22checked%22:0,%22dragID%22:2},{%22value%22:%22Estancia de investigaci\u00f3n%22,%22checked%22:0,%22dragID%22:3}%93&#8243; fullwidth_field=&#8221;on&#8221; _builder_version=&#8221;4.15.1&#8243; _module_preset=&#8221;default&#8221; global_colors_info=&#8221;{}&#8221;][\/et_pb_contact_field][et_pb_contact_field field_id=&#8221;nombre_grupo&#8221; field_title=&#8221;Nome do grupo de investigaci\u00f3n&#8221; fullwidth_field=&#8221;on&#8221; _builder_version=&#8221;4.15.1&#8243; _module_preset=&#8221;default&#8221; global_colors_info=&#8221;{}&#8221;][\/et_pb_contact_field][et_pb_contact_field field_id=&#8221;nombre_responsable&#8221; field_title=&#8221;Nome do responsable do grupo&#8221; fullwidth_field=&#8221;on&#8221; _builder_version=&#8221;4.15.1&#8243; _module_preset=&#8221;default&#8221; global_colors_info=&#8221;{}&#8221;][\/et_pb_contact_field][et_pb_contact_field field_id=&#8221;check&#8221; field_type=&#8221;checkbox&#8221; checkbox_options=&#8221;%91{%22value%22:%22Lin e acepto as condici\u00f3ns sobre protecci\u00f3n de datos persoais%22,%22checked%22:0,%22dragID%22:-1,%22link_url%22:%22%22}%93&#8243; _builder_version=&#8221;4.15&#8243; _module_preset=&#8221;default&#8221; global_colors_info=&#8221;{}&#8221;][\/et_pb_contact_field][\/et_pb_contact_form][\/et_pb_column][\/et_pb_row][\/et_pb_section]<\/p>\n[\/et_pb_text][\/et_pb_column][\/et_pb_row][\/et_pb_section][et_pb_section fb_built=&#8221;1&#8243; admin_label=&#8221;Logos_internas&#8221; _builder_version=&#8221;4.14.7&#8243; _module_preset=&#8221;default&#8221; background_color=&#8221;RGBA(255,255,255,0)&#8221; custom_margin=&#8221;5px|||||&#8221; custom_padding=&#8221;27px||0px|||&#8221; da_disable_devices=&#8221;off|off|off&#8221; global_module=&#8221;11879&#8243; saved_tabs=&#8221;all&#8221; locked=&#8221;off&#8221; collapsed=&#8221;on&#8221; global_colors_info=&#8221;{}&#8221; da_is_popup=&#8221;off&#8221; da_exit_intent=&#8221;off&#8221; da_has_close=&#8221;on&#8221; da_alt_close=&#8221;off&#8221; da_dark_close=&#8221;off&#8221; da_not_modal=&#8221;on&#8221; da_is_singular=&#8221;off&#8221; da_with_loader=&#8221;off&#8221; da_has_shadow=&#8221;on&#8221;][et_pb_row column_structure=&#8221;1_4,1_4,1_4,1_4&#8243; use_custom_gutter=&#8221;on&#8221; gutter_width=&#8221;1&#8243; admin_label=&#8221;Fila&#8221; _builder_version=&#8221;4.14.7&#8243; _module_preset=&#8221;default&#8221; width=&#8221;100%&#8221; max_width=&#8221;1086px&#8221; custom_margin=&#8221;5px|auto|36px|auto||&#8221; global_colors_info=&#8221;{}&#8221;][et_pb_column type=&#8221;1_4&#8243; _builder_version=&#8221;4.14.1&#8243; _module_preset=&#8221;default&#8221; global_colors_info=&#8221;{}&#8221;][et_pb_image src=&#8221;https:\/\/www.idisantiago.es\/wp-content\/uploads\/2022\/02\/todos-1.png&#8221; title_text=&#8221;todos&#8221; url=&#8221;https:\/\/sanidade.xunta.gal\/portada&#8221; module_class=&#8221;logo1&#8243; _builder_version=&#8221;4.14.7&#8243; _module_preset=&#8221;default&#8221; custom_margin=&#8221;4%||||false|false&#8221; global_colors_info=&#8221;{}&#8221;][\/et_pb_image][\/et_pb_column][et_pb_column type=&#8221;1_4&#8243; _builder_version=&#8221;4.14.1&#8243; _module_preset=&#8221;default&#8221; global_colors_info=&#8221;{}&#8221;][et_pb_image src=&#8221;https:\/\/www.idisantiago.es\/wp-content\/uploads\/2022\/02\/sergas-1.png&#8221; title_text=&#8221;sergas&#8221; url=&#8221;https:\/\/www.sergas.es\/&#8221; align=&#8221;center&#8221; module_class=&#8221;logo2&#8243; _builder_version=&#8221;4.14.7&#8243; _module_preset=&#8221;default&#8221; custom_margin=&#8221;|||14px||&#8221; global_colors_info=&#8221;{}&#8221;][\/et_pb_image][\/et_pb_column][et_pb_column type=&#8221;1_4&#8243; _builder_version=&#8221;4.14.1&#8243; _module_preset=&#8221;default&#8221; global_colors_info=&#8221;{}&#8221;][et_pb_image src=&#8221;https:\/\/www.idisantiago.es\/wp-content\/uploads\/2022\/02\/usc-2.png&#8221; title_text=&#8221;usc&#8221; url=&#8221;https:\/\/www.usc.gal\/gl&#8221; align=&#8221;center&#8221; module_class=&#8221;logo3&#8243; _builder_version=&#8221;4.14.7&#8243; _module_preset=&#8221;default&#8221; custom_margin=&#8221;|||-2px||&#8221; custom_padding=&#8221;|||15px||&#8221; global_colors_info=&#8221;{}&#8221;][\/et_pb_image][\/et_pb_column][et_pb_column type=&#8221;1_4&#8243; _builder_version=&#8221;4.14.1&#8243; _module_preset=&#8221;default&#8221; global_colors_info=&#8221;{}&#8221;][et_pb_image src=&#8221;https:\/\/www.idisantiago.es\/wp-content\/uploads\/2022\/02\/idis-2.png&#8221; title_text=&#8221;idis&#8221; module_class=&#8221;logo4&#8243; _builder_version=&#8221;4.14.7&#8243; _module_preset=&#8221;default&#8221; global_colors_info=&#8221;{}&#8221;][\/et_pb_image][\/et_pb_column][\/et_pb_row][\/et_pb_section]<\/p>\n","protected":false},"excerpt":{"rendered":"<p>Entre os obxectivos e funci\u00f3ns do IDIS at\u00f3pase a docencia como un dos seus pilares principais, desenvolvendo pol\u00edticas activas de formaci\u00f3n e apoio a xoves investigadores, as\u00ed como de atracci\u00f3n [&hellip;]<\/p>\n","protected":false},"author":11,"featured_media":0,"parent":0,"menu_order":0,"comment_status":"closed","ping_status":"closed","template":"","meta":{"_et_pb_use_builder":"on","_et_pb_old_content":"","_et_gb_content_width":"","inline_featured_image":false,"footnotes":""},"class_list":["post-14957","page","type-page","status-publish","hentry"],"publishpress_future_workflow_manual_trigger":{"enabledWorkflows":[]},"_links":{"self":[{"href":"https:\/\/www.idisantiago.es\/gl\/wp-json\/wp\/v2\/pages\/14957","targetHints":{"allow":["GET"]}}],"collection":[{"href":"https:\/\/www.idisantiago.es\/gl\/wp-json\/wp\/v2\/pages"}],"about":[{"href":"https:\/\/www.idisantiago.es\/gl\/wp-json\/wp\/v2\/types\/page"}],"author":[{"embeddable":true,"href":"https:\/\/www.idisantiago.es\/gl\/wp-json\/wp\/v2\/users\/11"}],"replies":[{"embeddable":true,"href":"https:\/\/www.idisantiago.es\/gl\/wp-json\/wp\/v2\/comments?post=14957"}],"version-history":[{"count":20,"href":"https:\/\/www.idisantiago.es\/gl\/wp-json\/wp\/v2\/pages\/14957\/revisions"}],"predecessor-version":[{"id":16254,"href":"https:\/\/www.idisantiago.es\/gl\/wp-json\/wp\/v2\/pages\/14957\/revisions\/16254"}],"wp:attachment":[{"href":"https:\/\/www.idisantiago.es\/gl\/wp-json\/wp\/v2\/media?parent=14957"}],"curies":[{"name":"wp","href":"https:\/\/api.w.org\/{rel}","templated":true}]}}