{"id":15002,"date":"2021-12-15T14:59:44","date_gmt":"2021-12-15T13:59:44","guid":{"rendered":"https:\/\/www.idisantiago.es\/spin-offs\/"},"modified":"2022-03-03T11:47:25","modified_gmt":"2022-03-03T10:47:25","slug":"spin-offs","status":"publish","type":"page","link":"https:\/\/www.idisantiago.es\/gl\/spin-offs\/","title":{"rendered":"Spin-offs"},"content":{"rendered":"<p>[et_pb_section fb_built=&#8221;1&#8243; admin_label=&#8221;T\u00edtulo&#8221; _builder_version=&#8221;4.14.1&#8243; _module_preset=&#8221;default&#8221; custom_margin=&#8221;64px||0px||false|false&#8221; custom_padding=&#8221;0px||||false|false&#8221; da_disable_devices=&#8221;off|off|off&#8221; locked=&#8221;on&#8221; collapsed=&#8221;on&#8221; global_colors_info=&#8221;{}&#8221; da_is_popup=&#8221;off&#8221; da_exit_intent=&#8221;off&#8221; da_has_close=&#8221;on&#8221; da_alt_close=&#8221;off&#8221; da_dark_close=&#8221;off&#8221; da_not_modal=&#8221;on&#8221; da_is_singular=&#8221;off&#8221; da_with_loader=&#8221;off&#8221; da_has_shadow=&#8221;on&#8221;][et_pb_row _builder_version=&#8221;4.10.7&#8243; _module_preset=&#8221;default&#8221; width=&#8221;100%&#8221; custom_padding=&#8221;0px||||false|false&#8221; global_colors_info=&#8221;{}&#8221;][et_pb_column type=&#8221;4_4&#8243; _builder_version=&#8221;4.10.7&#8243; _module_preset=&#8221;default&#8221; global_colors_info=&#8221;{}&#8221;][et_pb_post_title meta=&#8221;off&#8221; featured_image=&#8221;off&#8221; _builder_version=&#8221;4.14.1&#8243; _module_preset=&#8221;default&#8221; global_colors_info=&#8221;{}&#8221;][\/et_pb_post_title][\/et_pb_column][\/et_pb_row][\/et_pb_section][et_pb_section fb_built=&#8221;1&#8243; _builder_version=&#8221;4.14.1&#8243; _module_preset=&#8221;default&#8221; da_disable_devices=&#8221;off|off|off&#8221; collapsed=&#8221;off&#8221; global_colors_info=&#8221;{}&#8221; da_is_popup=&#8221;off&#8221; da_exit_intent=&#8221;off&#8221; da_has_close=&#8221;on&#8221; da_alt_close=&#8221;off&#8221; da_dark_close=&#8221;off&#8221; da_not_modal=&#8221;on&#8221; da_is_singular=&#8221;off&#8221; da_with_loader=&#8221;off&#8221; da_has_shadow=&#8221;on&#8221;][et_pb_row _builder_version=&#8221;4.14.1&#8243; _module_preset=&#8221;default&#8221; collapsed=&#8221;off&#8221; global_colors_info=&#8221;{}&#8221;][et_pb_column type=&#8221;4_4&#8243; _builder_version=&#8221;4.14.1&#8243; _module_preset=&#8221;default&#8221; global_colors_info=&#8221;{}&#8221;][et_pb_text _builder_version=&#8221;4.14.8&#8243; _module_preset=&#8221;default&#8221; text_font=&#8221;|300|||||||&#8221; global_colors_info=&#8221;{}&#8221;]<\/p>\n<p>As spin-off son iniciativas empresariais promovidas por ipersoal investigador do IDIS, e que se crean para explotar novos procesos, produtos ou servizos baseados en co\u00f1ecementos ou tecnolox\u00edas xurdidas da actividade investigadora do IDIS.<\/p>\n<p>A creaci\u00f3n de spin-offs xera vantaxes para os distintos axentes do noso contorno implicados:<\/p>\n<ul>\n<li>O personal investigador\/emprendedor pode seguir desenvolvendo a tecnolox\u00eda que se xerou no IDIS ata convertela en produto final, captar financiaci\u00f3n para impulsar o proxecto e obter rendementos econ\u00f3micos do proceso.<\/li>\n<li>O IDIS impulsa a transferencia dos resultados da investigaci\u00f3n \u00e1 Sociedade mediante a xeraci\u00f3n de produtos e servizos que den resposta a necesidades demandadas, e pode obter rendementos econ\u00f3micos pola licenza das tecnoloxg\u00edas que reverten na financiaci\u00f3n de novas<br \/>investigaci\u00f3ns.<\/li>\n<li>A Sociedade benef\u00edciase de servizos e produtos que dan resposta a necesidades sanitarias, as\u00ed como dos postos de traballo cualificado que xeran as spin-off, e os impostos que estas pagan.<\/li>\n<\/ul>\n<p>[\/et_pb_text][\/et_pb_column][\/et_pb_row][\/et_pb_section][et_pb_section fb_built=&#8221;1&#8243; _builder_version=&#8221;4.14.8&#8243; _module_preset=&#8221;default&#8221; da_disable_devices=&#8221;off|off|off&#8221; global_colors_info=&#8221;{}&#8221; da_is_popup=&#8221;off&#8221; da_exit_intent=&#8221;off&#8221; da_has_close=&#8221;on&#8221; da_alt_close=&#8221;off&#8221; da_dark_close=&#8221;off&#8221; da_not_modal=&#8221;on&#8221; da_is_singular=&#8221;off&#8221; da_with_loader=&#8221;off&#8221; da_has_shadow=&#8221;on&#8221;][et_pb_row column_structure=&#8221;2_5,3_5&#8243; admin_label=&#8221;DIVERSA&#8221; _builder_version=&#8221;4.14.8&#8243; _module_preset=&#8221;default&#8221; custom_margin=&#8221;||24px||false|false&#8221; global_colors_info=&#8221;{}&#8221;][et_pb_column type=&#8221;2_5&#8243; _builder_version=&#8221;4.14.8&#8243; _module_preset=&#8221;default&#8221; global_colors_info=&#8221;{}&#8221;][et_pb_image src=&#8221;https:\/\/www.idisantiago.es\/wp-content\/uploads\/2022\/03\/DIVERSA.TECH_.jpeg&#8221; title_text=&#8221;DIVERSA.TECH&#8221; url=&#8221;https:\/\/www.diversatechnologies.com\/&#8221; _builder_version=&#8221;4.14.8&#8243; _module_preset=&#8221;default&#8221; global_colors_info=&#8221;{}&#8221;][\/et_pb_image][\/et_pb_column][et_pb_column type=&#8221;3_5&#8243; _builder_version=&#8221;4.14.8&#8243; _module_preset=&#8221;default&#8221; global_colors_info=&#8221;{}&#8221;][et_pb_text _builder_version=&#8221;4.14.8&#8243; _module_preset=&#8221;default&#8221; text_font=&#8221;|300|||||||&#8221; global_colors_info=&#8221;{}&#8221;]<\/p>\n<h3>DIVERSA<\/h3>\n<p><span class=\"\">DIVERSA \u00e9 unha empresa\u00a0<\/span><span class=\"\">especializada en aportar soluci\u00f3ns para favorecer o acceso e desenvolvemento de novos\u00a0<\/span>medicamentos<span class=\"\">.\u00a0<\/span>Gracias \u00e1 nosa tecnolox\u00eda patentada para a liberaci\u00f3n de f\u00e1rmacos e biomol\u00e9culas, podemos\u00a0solucionar aqueles problemas que impiden o seu avance cara \u00e1 cl\u00ednica, sendo un dos principais a dificultade para acceder \u00e1 sua diana,\u00a0principalmente cuando esta se atopa no interior da c\u00e9lula. O noso modelo de negocio contempla tres\u00a0verticais, por unha parte, e coa finalidade de favorecer o acceso \u00e1 nosa tecnolox\u00eda a toda a comunidade investigadora, vendemos kits moi sinxelos de usar, a\u00a0trav\u00e9s de distribuidores \u00a0internacionais. Por outra parte, ofrecemos servizos a medida para empresas\u00a0farmac\u00e9uticas e biotecnol\u00f3xicas que\u00a0contan con mol\u00e9culas candidatas que precisan formular. E por \u00faltimo,\u00a0traballamos nos nosos propios desenvolvementos de nanomedicamentos, en tres \u00e1reas terap\u00e9uticas de interese, para resolver\u00a0necesidades m\u00e9dicas\u00a0non cubertas.<\/p>\n<p>[\/et_pb_text][\/et_pb_column][\/et_pb_row][et_pb_row column_structure=&#8221;2_5,3_5&#8243; admin_label=&#8221;FlowReserve&#8221; _builder_version=&#8221;4.14.8&#8243; _module_preset=&#8221;default&#8221; custom_margin=&#8221;||24px||false|false&#8221; global_colors_info=&#8221;{}&#8221;][et_pb_column type=&#8221;2_5&#8243; _builder_version=&#8221;4.14.8&#8243; _module_preset=&#8221;default&#8221; global_colors_info=&#8221;{}&#8221;][et_pb_image src=&#8221;https:\/\/www.idisantiago.es\/wp-content\/uploads\/2021\/12\/flowreserve.png&#8221; title_text=&#8221;flowreserve&#8221; url=&#8221;https:\/\/www.bioincubatech.com\/portfolio-item\/flowreserve\/&#8221; _builder_version=&#8221;4.14.8&#8243; _module_preset=&#8221;default&#8221; global_colors_info=&#8221;{}&#8221;][\/et_pb_image][\/et_pb_column][et_pb_column type=&#8221;3_5&#8243; _builder_version=&#8221;4.14.8&#8243; _module_preset=&#8221;default&#8221; global_colors_info=&#8221;{}&#8221;][et_pb_text _builder_version=&#8221;4.14.8&#8243; _module_preset=&#8221;default&#8221; text_font=&#8221;|300|||||||&#8221; global_colors_info=&#8221;{}&#8221;]<\/p>\n<h3>FlowReserve<\/h3>\n<p>FlowReserve \u00e9 unha spin-off do SERGAS e da Universidade de Santiago de Compostela, participada tam\u00e9n por l\u00edderes do \u00e1mbito de Cardiolox\u00eda e de F\u00edsica. O innovador produto \u00e9 un informe dixital con indicadores de medicina persoalizada en cardiolox\u00eda, ofreciendo de maneira non invasiva, a partir da imaxe do TAC, valores como o FFR e outros indicadores para apoiar a diagnose e a toma de decisi\u00f3ns de tratamento para os pacientes con cardiopat\u00eda isqu\u00e9mica. O valor da proposta de FlowReserve conleva notables aforros en custos, mellora de calidade de vida e reducci\u00f3n de presi\u00f3n hospitalaria.<\/p>\n<p>[\/et_pb_text][\/et_pb_column][\/et_pb_row][et_pb_row column_structure=&#8221;2_5,3_5&#8243; admin_label=&#8221;Nasasbiotech&#8221; _builder_version=&#8221;4.14.8&#8243; _module_preset=&#8221;default&#8221; custom_margin=&#8221;||24px||false|false&#8221; global_colors_info=&#8221;{}&#8221;][et_pb_column type=&#8221;2_5&#8243; _builder_version=&#8221;4.14.8&#8243; _module_preset=&#8221;default&#8221; global_colors_info=&#8221;{}&#8221;][et_pb_image src=&#8221;https:\/\/www.idisantiago.es\/wp-content\/uploads\/2019\/08\/nasasbiotech-logo.png&#8221; title_text=&#8221;nasasbiotech-logo&#8221; url=&#8221;https:\/\/www.nasasbiotech.com\/&#8221; _builder_version=&#8221;4.14.8&#8243; _module_preset=&#8221;default&#8221; global_colors_info=&#8221;{}&#8221;][\/et_pb_image][\/et_pb_column][et_pb_column type=&#8221;3_5&#8243; _builder_version=&#8221;4.14.8&#8243; _module_preset=&#8221;default&#8221; global_colors_info=&#8221;{}&#8221;][et_pb_text _builder_version=&#8221;4.14.8&#8243; _module_preset=&#8221;default&#8221; text_font=&#8221;|300|||||||&#8221; global_colors_info=&#8221;{}&#8221;]<\/p>\n<h3>Nasasbiotech, S.L.<\/h3>\n<p>Compa\u00f1\u00eda de biotecnolox\u00eda que desenvolve soluci\u00f3ns cl\u00ednicas para mellorar o diagn\u00f3stico, o pron\u00f3stico e o tratamento do cancro. Constitu\u00eduse en 2014 como resultado dun proxecto de investigaci\u00f3n en biomedicina desenvolto no Laboratorio de Oncolox\u00eda M\u00e9dica Traslacional do Instituto de Investigaci\u00f3n Sanitaria de Santiago de Compostela (IDIS).<\/p>\n<p>[\/et_pb_text][\/et_pb_column][\/et_pb_row][et_pb_row column_structure=&#8221;2_5,3_5&#8243; admin_label=&#8221;Qubiotech&#8221; _builder_version=&#8221;4.14.8&#8243; _module_preset=&#8221;default&#8221; custom_margin=&#8221;||24px||false|false&#8221; global_colors_info=&#8221;{}&#8221;][et_pb_column type=&#8221;2_5&#8243; _builder_version=&#8221;4.14.8&#8243; _module_preset=&#8221;default&#8221; global_colors_info=&#8221;{}&#8221;][et_pb_image src=&#8221;https:\/\/www.idisantiago.es\/wp-content\/uploads\/2021\/12\/qubio.png&#8221; title_text=&#8221;qubio&#8221; url=&#8221;https:\/\/www.qubiotech.com\/&#8221; _builder_version=&#8221;4.14.8&#8243; _module_preset=&#8221;default&#8221; global_colors_info=&#8221;{}&#8221;][\/et_pb_image][\/et_pb_column][et_pb_column type=&#8221;3_5&#8243; _builder_version=&#8221;4.14.8&#8243; _module_preset=&#8221;default&#8221; global_colors_info=&#8221;{}&#8221;][et_pb_text _builder_version=&#8221;4.14.8&#8243; _module_preset=&#8221;default&#8221; text_font=&#8221;|300|||||||&#8221; hover_enabled=&#8221;0&#8243; global_colors_info=&#8221;{}&#8221; sticky_enabled=&#8221;0&#8243;]<\/p>\n<h3>Qubiotech, Health Intelligence, S.L.<\/h3>\n<p>Adicada ao desenvolvemento e comercializaci\u00f3n de software para e procesamento avanzado de imaxes m\u00e9dicas. Qubio fundouse en decembro de 2014, a partir da transferencia dun algoritmo de cuantificaci\u00f3n de imaxe por Tomograf\u00eda de Emisi\u00f3n de Positr\u00f3ns (PET), desenvolto polo Grupo de investigaci\u00f3n en Medicina Nuclear e Imaxe Molecular do Instituto de Investigaci\u00f3n Sanitaria de Santiago de Compostela (IDIS).<\/p>\n<p>[\/et_pb_text][\/et_pb_column][\/et_pb_row][et_pb_row column_structure=&#8221;2_5,3_5&#8243; admin_label=&#8221;LincBiotech&#8221; _builder_version=&#8221;4.14.8&#8243; _module_preset=&#8221;default&#8221; custom_margin=&#8221;||24px||false|false&#8221; global_colors_info=&#8221;{}&#8221;][et_pb_column type=&#8221;2_5&#8243; _builder_version=&#8221;4.14.8&#8243; _module_preset=&#8221;default&#8221; global_colors_info=&#8221;{}&#8221;][et_pb_image src=&#8221;https:\/\/www.idisantiago.es\/wp-content\/uploads\/2019\/08\/Lincbiotech-logo.png&#8221; title_text=&#8221;Lincbiotech-logo&#8221; url=&#8221;https:\/\/lincbiotech.com\/&#8221; _builder_version=&#8221;4.14.8&#8243; _module_preset=&#8221;default&#8221; global_colors_info=&#8221;{}&#8221;][\/et_pb_image][\/et_pb_column][et_pb_column type=&#8221;3_5&#8243; _builder_version=&#8221;4.14.8&#8243; _module_preset=&#8221;default&#8221; global_colors_info=&#8221;{}&#8221;][et_pb_text _builder_version=&#8221;4.14.8&#8243; _module_preset=&#8221;default&#8221; text_font=&#8221;|300|||||||&#8221; hover_enabled=&#8221;0&#8243; global_colors_info=&#8221;{}&#8221; sticky_enabled=&#8221;0&#8243;]<\/p>\n<h3>LincBiotech, S.L.<\/h3>\n<p>Adicada \u00f3 desenvolvemento de soluci\u00f3ns innovadoras para un mellor manexo cl\u00ednico de pacientes que sofren enfermidades neurol\u00f3xicas altamente prevalentes como derrame cerebral e enfermidade de Alzheimer. Constitu\u00eduse en 2017 a ra\u00edz dun algoritmo desenvolto polo Grupo de Investigaci\u00f3n en Neurociencias Cl\u00ednicas (LINC) do Instituto de Investigaci\u00f3n Sanitaria de Santiago de Compostela (IDIS).<\/p>\n<p>[\/et_pb_text][\/et_pb_column][\/et_pb_row][et_pb_row column_structure=&#8221;2_5,3_5&#8243; admin_label=&#8221;bFLOW&#8221; _builder_version=&#8221;4.14.8&#8243; _module_preset=&#8221;default&#8221; custom_margin=&#8221;||24px||false|false&#8221; global_colors_info=&#8221;{}&#8221;][et_pb_column type=&#8221;2_5&#8243; _builder_version=&#8221;4.14.8&#8243; _module_preset=&#8221;default&#8221; global_colors_info=&#8221;{}&#8221;][et_pb_image src=&#8221;https:\/\/www.idisantiago.es\/wp-content\/uploads\/2020\/07\/bflow-logo.png&#8221; title_text=&#8221;bflow-logo&#8221; url=&#8221;https:\/\/b-flow.es\/&#8221; _builder_version=&#8221;4.14.8&#8243; _module_preset=&#8221;default&#8221; global_colors_info=&#8221;{}&#8221;][\/et_pb_image][\/et_pb_column][et_pb_column type=&#8221;3_5&#8243; _builder_version=&#8221;4.14.8&#8243; _module_preset=&#8221;default&#8221; global_colors_info=&#8221;{}&#8221;][et_pb_text _builder_version=&#8221;4.14.8&#8243; _module_preset=&#8221;default&#8221; text_font=&#8221;|300|||||||&#8221; hover_enabled=&#8221;0&#8243; global_colors_info=&#8221;{}&#8221; sticky_enabled=&#8221;0&#8243;]<\/p>\n<h3>bFLOW, S.L.<\/h3>\n<p>bFLOW ofrece soluci\u00f3ns de microflu\u00eddica mediante o dese\u00f1o e fabricaci\u00f3n por tecnolox\u00eda l\u00e1ser dun chip con microcanais sobre os que se pode realizar cultivo celular e \u00f3s que se lle aplican unha simulaci\u00f3n de fluxo. En investigaci\u00f3n precl\u00ednica, esta tecnolox\u00eda permite probar as mol\u00e9culas e f\u00e1rmacos nunhas condici\u00f3ns moi similares \u00e1s dun ser vivo, polo que, empregada antes de pasar o test en animais, permite identificar os mellores candidatos a superar ese test, reducindo e racionalizando as\u00ed tempo de investigaci\u00f3n, custos experimentais e n\u00famero de animais de experimentaci\u00f3n. Constitu\u00eduse en 2020 a ra\u00edz dunha investigaci\u00f3n desenvolta polo Grupo de Investigaci\u00f3n en Cardiolox\u00eda do Instituto de Investigaci\u00f3n Sanitaria de Santiago de Compostela (IDIS).<\/p>\n<p>[\/et_pb_text][\/et_pb_column][\/et_pb_row][\/et_pb_section][et_pb_section fb_built=&#8221;1&#8243; admin_label=&#8221;Logos_internas&#8221; _builder_version=&#8221;4.14.7&#8243; _module_preset=&#8221;default&#8221; background_color=&#8221;RGBA(255,255,255,0)&#8221; custom_margin=&#8221;5px|||||&#8221; custom_padding=&#8221;27px||0px|||&#8221; da_disable_devices=&#8221;off|off|off&#8221; saved_tabs=&#8221;all&#8221; locked=&#8221;off&#8221; collapsed=&#8221;on&#8221; global_colors_info=&#8221;{}&#8221; da_is_popup=&#8221;off&#8221; da_exit_intent=&#8221;off&#8221; da_has_close=&#8221;on&#8221; da_alt_close=&#8221;off&#8221; da_dark_close=&#8221;off&#8221; da_not_modal=&#8221;on&#8221; da_is_singular=&#8221;off&#8221; da_with_loader=&#8221;off&#8221; da_has_shadow=&#8221;on&#8221;][et_pb_row column_structure=&#8221;1_4,1_4,1_4,1_4&#8243; use_custom_gutter=&#8221;on&#8221; gutter_width=&#8221;1&#8243; admin_label=&#8221;Fila&#8221; _builder_version=&#8221;4.14.7&#8243; _module_preset=&#8221;default&#8221; width=&#8221;100%&#8221; max_width=&#8221;1086px&#8221; custom_margin=&#8221;5px|auto|36px|auto||&#8221; global_colors_info=&#8221;{}&#8221;][et_pb_column type=&#8221;1_4&#8243; _builder_version=&#8221;4.14.1&#8243; _module_preset=&#8221;default&#8221; global_colors_info=&#8221;{}&#8221;][et_pb_image src=&#8221;https:\/\/www.idisantiago.es\/wp-content\/uploads\/2022\/02\/todos-1.png&#8221; title_text=&#8221;todos&#8221; url=&#8221;https:\/\/sanidade.xunta.gal\/portada&#8221; module_class=&#8221;logo1&#8243; _builder_version=&#8221;4.14.7&#8243; _module_preset=&#8221;default&#8221; custom_margin=&#8221;4%||||false|false&#8221; global_colors_info=&#8221;{}&#8221;][\/et_pb_image][\/et_pb_column][et_pb_column type=&#8221;1_4&#8243; _builder_version=&#8221;4.14.1&#8243; _module_preset=&#8221;default&#8221; global_colors_info=&#8221;{}&#8221;][et_pb_image src=&#8221;https:\/\/www.idisantiago.es\/wp-content\/uploads\/2022\/02\/sergas-1.png&#8221; title_text=&#8221;sergas&#8221; url=&#8221;https:\/\/www.sergas.es\/&#8221; align=&#8221;center&#8221; module_class=&#8221;logo2&#8243; _builder_version=&#8221;4.14.7&#8243; _module_preset=&#8221;default&#8221; custom_margin=&#8221;|||14px||&#8221; global_colors_info=&#8221;{}&#8221;][\/et_pb_image][\/et_pb_column][et_pb_column type=&#8221;1_4&#8243; _builder_version=&#8221;4.14.1&#8243; _module_preset=&#8221;default&#8221; global_colors_info=&#8221;{}&#8221;][et_pb_image src=&#8221;https:\/\/www.idisantiago.es\/wp-content\/uploads\/2022\/02\/usc-2.png&#8221; title_text=&#8221;usc&#8221; url=&#8221;https:\/\/www.usc.gal\/gl&#8221; align=&#8221;center&#8221; module_class=&#8221;logo3&#8243; _builder_version=&#8221;4.14.7&#8243; _module_preset=&#8221;default&#8221; custom_margin=&#8221;|||-2px||&#8221; custom_padding=&#8221;|||15px||&#8221; global_colors_info=&#8221;{}&#8221;][\/et_pb_image][\/et_pb_column][et_pb_column type=&#8221;1_4&#8243; _builder_version=&#8221;4.14.1&#8243; _module_preset=&#8221;default&#8221; global_colors_info=&#8221;{}&#8221;][et_pb_image src=&#8221;https:\/\/www.idisantiago.es\/wp-content\/uploads\/2022\/02\/idis-2.png&#8221; title_text=&#8221;idis&#8221; module_class=&#8221;logo4&#8243; _builder_version=&#8221;4.14.7&#8243; _module_preset=&#8221;default&#8221; global_colors_info=&#8221;{}&#8221;][\/et_pb_image][\/et_pb_column][\/et_pb_row][\/et_pb_section]<\/p>\n","protected":false},"excerpt":{"rendered":"<p>As spin-off son iniciativas empresariais promovidas por ipersoal investigador do IDIS, e que se crean para explotar novos procesos, produtos ou servizos baseados en co\u00f1ecementos ou tecnolox\u00edas xurdidas da actividade [&hellip;]<\/p>\n","protected":false},"author":11,"featured_media":0,"parent":0,"menu_order":0,"comment_status":"closed","ping_status":"closed","template":"","meta":{"_et_pb_use_builder":"on","_et_pb_old_content":"","_et_gb_content_width":"","inline_featured_image":false,"footnotes":""},"class_list":["post-15002","page","type-page","status-publish","hentry"],"publishpress_future_workflow_manual_trigger":{"enabledWorkflows":[]},"_links":{"self":[{"href":"https:\/\/www.idisantiago.es\/gl\/wp-json\/wp\/v2\/pages\/15002","targetHints":{"allow":["GET"]}}],"collection":[{"href":"https:\/\/www.idisantiago.es\/gl\/wp-json\/wp\/v2\/pages"}],"about":[{"href":"https:\/\/www.idisantiago.es\/gl\/wp-json\/wp\/v2\/types\/page"}],"author":[{"embeddable":true,"href":"https:\/\/www.idisantiago.es\/gl\/wp-json\/wp\/v2\/users\/11"}],"replies":[{"embeddable":true,"href":"https:\/\/www.idisantiago.es\/gl\/wp-json\/wp\/v2\/comments?post=15002"}],"version-history":[{"count":9,"href":"https:\/\/www.idisantiago.es\/gl\/wp-json\/wp\/v2\/pages\/15002\/revisions"}],"predecessor-version":[{"id":15436,"href":"https:\/\/www.idisantiago.es\/gl\/wp-json\/wp\/v2\/pages\/15002\/revisions\/15436"}],"wp:attachment":[{"href":"https:\/\/www.idisantiago.es\/gl\/wp-json\/wp\/v2\/media?parent=15002"}],"curies":[{"name":"wp","href":"https:\/\/api.w.org\/{rel}","templated":true}]}}