{"id":16561,"date":"2022-03-18T15:43:02","date_gmt":"2022-03-18T14:43:02","guid":{"rendered":"https:\/\/www.idisantiago.es\/?page_id=16561"},"modified":"2026-02-04T10:14:23","modified_gmt":"2026-02-04T09:14:23","slug":"farmacocinetica-pk-pdrugs","status":"publish","type":"page","link":"https:\/\/www.idisantiago.es\/gl\/plataformas-de-apoyo-comun\/farmacocinetica-pk-pdrugs\/","title":{"rendered":"Farmacocin\u00e9tica"},"content":{"rendered":"<p>[et_pb_section fb_built=&#8221;1&#8243; admin_label=&#8221;T\u00edtulo&#8221; _builder_version=&#8221;4.16&#8243; _module_preset=&#8221;default&#8221; custom_margin=&#8221;64px||0px||false|false&#8221; custom_padding=&#8221;0px||||false|false&#8221; da_disable_devices=&#8221;off|off|off&#8221; locked=&#8221;off&#8221; collapsed=&#8221;on&#8221; global_colors_info=&#8221;{}&#8221; da_is_popup=&#8221;off&#8221; da_exit_intent=&#8221;off&#8221; da_has_close=&#8221;on&#8221; da_alt_close=&#8221;off&#8221; da_dark_close=&#8221;off&#8221; da_not_modal=&#8221;on&#8221; da_is_singular=&#8221;off&#8221; da_with_loader=&#8221;off&#8221; da_has_shadow=&#8221;on&#8221;][et_pb_row _builder_version=&#8221;4.16&#8243; _module_preset=&#8221;default&#8221; width=&#8221;100%&#8221; custom_padding=&#8221;0px||||false|false&#8221; global_colors_info=&#8221;{}&#8221;][et_pb_column type=&#8221;4_4&#8243; _builder_version=&#8221;4.16&#8243; _module_preset=&#8221;default&#8221; global_colors_info=&#8221;{}&#8221;][et_pb_post_title meta=&#8221;off&#8221; featured_image=&#8221;off&#8221; _builder_version=&#8221;4.16&#8243; _module_preset=&#8221;default&#8221; global_colors_info=&#8221;{}&#8221;][\/et_pb_post_title][\/et_pb_column][\/et_pb_row][\/et_pb_section][et_pb_section fb_built=&#8221;1&#8243; _builder_version=&#8221;4.16&#8243; _module_preset=&#8221;default&#8221; custom_padding=&#8221;0px||||false|false&#8221; da_disable_devices=&#8221;off|off|off&#8221; global_colors_info=&#8221;{}&#8221; da_is_popup=&#8221;off&#8221; da_exit_intent=&#8221;off&#8221; da_has_close=&#8221;on&#8221; da_alt_close=&#8221;off&#8221; da_dark_close=&#8221;off&#8221; da_not_modal=&#8221;on&#8221; da_is_singular=&#8221;off&#8221; da_with_loader=&#8221;off&#8221; da_has_shadow=&#8221;on&#8221;][et_pb_row _builder_version=&#8221;4.16&#8243; _module_preset=&#8221;default&#8221; width=&#8221;100%&#8221; custom_padding=&#8221;0px||||false|false&#8221; locked=&#8221;on&#8221; collapsed=&#8221;on&#8221; global_colors_info=&#8221;{}&#8221;][et_pb_column type=&#8221;4_4&#8243; _builder_version=&#8221;4.16&#8243; _module_preset=&#8221;default&#8221; global_colors_info=&#8221;{}&#8221;][et_pb_text _builder_version=&#8221;4.16&#8243; _dynamic_attributes=&#8221;link_option_url&#8221; _module_preset=&#8221;default&#8221; link_option_url=&#8221;@ET-DC@eyJkeW5hbWljIjp0cnVlLCJjb250ZW50IjoicG9zdF9saW5rX3VybF9wYWdlIiwic2V0dGluZ3MiOnsicG9zdF9pZCI6Ijk1MDAifX0=@&#8221; global_colors_info=&#8221;{}&#8221;]PLATAFORMAS DE APOIO COM\u00daN[\/et_pb_text][\/et_pb_column][\/et_pb_row][et_pb_row column_structure=&#8221;2_3,1_3&#8243; _builder_version=&#8221;4.16&#8243; _module_preset=&#8221;default&#8221; width=&#8221;100%&#8221; global_colors_info=&#8221;{}&#8221;][et_pb_column type=&#8221;2_3&#8243; _builder_version=&#8221;4.16&#8243; _module_preset=&#8221;default&#8221; global_colors_info=&#8221;{}&#8221;][et_pb_toggle title=&#8221;Equipamento&#8221; admin_label=&#8221;Equipamento&#8221; _builder_version=&#8221;4.16&#8243; _module_preset=&#8221;default&#8221; body_font=&#8221;|300|||||||&#8221; global_colors_info=&#8221;{}&#8221;]<\/p>\n<p><strong>Cromatograf\u00eda l\u00edquida de ultra alta resoluci\u00f3n e espectrometr\u00eda de masas<\/strong><\/p>\n<p>O equipo Xevo TQD\u00ae (Waters, Massachusets, USA) de cromatograf\u00eda l\u00edquida de ultra-alta resoluci\u00f3n conectado a un detector de espectrometr\u00eda de masas en t\u00e1ndem de tipo triple cuadrupolo, proporci\u00f3nanos a m\u00e1xima sensibilidade, especificidade e versatilidade anal\u00edtica para a determinaci\u00f3n de f\u00e1rmacos e metabolitos. \u00c9 a t\u00e9cnica de referencia para a determinaci\u00f3n da maior\u00eda de sustancias qu\u00edmicas. O equipo permite a interpretaci\u00f3n dos datos obtidos, principalmente os espectros de masas e a estrutura qu\u00edmica das mol\u00e9culas que se analizan.<\/p>\n<p><img loading=\"lazy\" decoding=\"async\" class=\"wp-image-16531 alignnone size-medium\" src=\"https:\/\/www.idisantiago.es\/wp-content\/uploads\/2022\/03\/PKDrugs-Xevo_TQD_H-Class_2-300x246.jpg\" alt=\"\" width=\"300\" height=\"246\" \/><\/p>\n<p>Por outra parte, tam\u00e9n se disp\u00f3n de equipos de cromatograf\u00eda l\u00edquida de ultra-alta resoluci\u00f3n con detectores de fotodiodos que cubren o espectro UV\/Vis e fluorescencia, e con detectores de radioactividade.<\/p>\n<p><strong>Analizador f\u00e1rmacos biol\u00f3xicos e inmunoxenicidade<\/strong><\/p>\n<p>A monitorizaci\u00f3n de f\u00e1rmacos biol\u00f3xicos ofrece informaci\u00f3n clave sobre a exposici\u00f3n e inmunoxenicidade nos pacientes aos que se lles prescribe estas terapias biol\u00f3xicas, amplamente empregadas para o tratamento de enfermidades inflamatorias cr\u00f3nicas, procesos oncol\u00f3xicos, etc.<\/p>\n<p><img loading=\"lazy\" decoding=\"async\" class=\"wp-image-16525 alignnone size-medium\" src=\"https:\/\/www.idisantiago.es\/wp-content\/uploads\/2022\/03\/PKDrugs-ELISA--300x257.jpg\" alt=\"\" width=\"300\" height=\"257\" \/><\/p>\n<p>Adem\u00e1is, dispo\u00f1emos do dispositivo Promonitor Quick (PQ Reader), un equipo portable e compacto que permite a cuantificaci\u00f3n instant\u00e1nea destas terapias biol\u00f3xicas.<\/p>\n<p><strong>Sistema de inmunoan\u00e1lise<\/strong><\/p>\n<p>O equipo Alinity ci-series, un compacto sistema de inmunoan\u00e1lise, proporciona resultados con gran rapidez e reproducibilidade grazas \u00e1 contrastada tecnolox\u00eda de detecci\u00f3n quimioluminiscente CHEMIFLEX. Ofrece unha ampla variedade de ensaios, adem\u00e1is de permitir traballar con diferentes matrices (sangue total, plasma, soro, l\u00edquido cefalorraqu\u00eddeo, etc.)\u00a0 e pode realizar ata 1550 determinaci\u00f3ns por hora.<\/p>\n<p><img loading=\"lazy\" decoding=\"async\" class=\"wp-image-16522 alignnone size-medium\" src=\"https:\/\/www.idisantiago.es\/wp-content\/uploads\/2022\/03\/PKDrugsAlinity_C_Front-277x300.jpg\" alt=\"\" width=\"277\" height=\"300\" \/><\/p>\n<p>&nbsp;<\/p>\n<p>[\/et_pb_toggle][et_pb_toggle title=&#8221;Descrici\u00f3n&#8221; admin_label=&#8221;Descrici\u00f3n&#8221; _builder_version=&#8221;4.18.0&#8243; _module_preset=&#8221;default&#8221; body_font=&#8221;|300|||||||&#8221; global_colors_info=&#8221;{}&#8221;]<\/p>\n<p>A unidade (PK-PDrugs) coordinada dende a Unidade de Investigaci\u00f3n e Innovaci\u00f3n do Servizo de Farmacia de Santiago de Compostela, aposta polas tecnolox\u00edas anal\u00edticas m\u00e1is sofisticadas enfocadas \u00e1 determinaci\u00f3n de f\u00e1rmacos e metabolitos nos diferentes \u00e1mbitos da investigaci\u00f3n biom\u00e9dica.<\/p>\n<p><img loading=\"lazy\" decoding=\"async\" class=\"wp-image-26272 alignnone size-medium\" src=\"https:\/\/www.idisantiago.es\/wp-content\/uploads\/2022\/12\/LogoPKPDrugs-300x80.png\" alt=\"\" width=\"300\" height=\"80\" \/><\/p>\n<p>[\/et_pb_toggle][et_pb_toggle title=&#8221;Servizos&#8221; disabled_on=&#8221;off|off|off&#8221; admin_label=&#8221;Servizos&#8221; _builder_version=&#8221;4.16&#8243; _module_preset=&#8221;default&#8221; body_font=&#8221;|300|||||||&#8221; global_colors_info=&#8221;{}&#8221;]<\/p>\n<p><strong>INVESTIGACI\u00d3N CL\u00cdNICA<\/strong><\/p>\n<p><strong>Determinaci\u00f3n de f\u00e1rmacos e metabolitos en matrices biol\u00f3xicas:<\/strong> Para poder realizar determinaci\u00f3ns en todo tipo de matrices biol\u00f3xicas (sangue, plasma, soro, urina, bilis, l\u00edquido asc\u00edtico, cefalorraqu\u00eddeo\u2026) e formas farmac\u00e9uticas (soluci\u00f3ns, suspensi\u00f3ns, colirios, etc.), dispo\u00f1emos de equipamento preanal\u00edtico necesario con evaporadores de vac\u00edo, sistemas de nitr\u00f3xeno e cartuchos de fase de extracci\u00f3n s\u00f3lida. Adem\u00e1is disponse de conxeladores de ultrabaixa temperatura que garantizan o almacenamento seguro dos preparados, as\u00ed como a fixaci\u00f3n dos m\u00e1is altos est\u00e1ndares de seguridade para o usuario \u00f3 estar Conforme DIN 58375 e Dispositivos M\u00e9dicos seg\u00fan MDR (EU) 2017\/745, Clase IIa o 21CFR Part 864.9700, Clase II.<\/p>\n<p><strong>Estudos farmacocin\u00e9tica cl\u00ednica:<\/strong> Adem\u00e1is da determinaci\u00f3n plasm\u00e1tica de f\u00e1rmacos, ofr\u00e9cese un valor engadido fundamental como \u00e9 a an\u00e1lise farmacocin\u00e9tica e farmacodin\u00e1mico (PK\/PD) como ferramenta de medicina de precisi\u00f3n a nivel cl\u00ednico, podendo adem\u00e1is complementarse dito servizo co asesoramento e realizaci\u00f3n de estudos farmacoxen\u00e9ticos. Os estudos de farmacocin\u00e9tica poboacional (popPK) xa son un pilar fundamental en t\u00f3dalas etapas de desenvolvemento, tanto precl\u00ednicas como cl\u00ednicas e de post-comercializaci\u00f3n dun f\u00e1rmaco. Dende a plataforma PK\/PD drugs ofrecerase o desenvolvemento de modelos farmacocin\u00e9ticos e farmacodin\u00e1micos poboacionais e a s\u00faa posterior implementaci\u00f3n en aplicaci\u00f3ns web interactivas (R, shiny) que permitan \u00f3 usuario final traballar e realizar simulacio\u00f3ns nunha interfaz moito m\u00e1is user-friendly.<\/p>\n<p><strong>DESENVOLVEMENTO E CARACTERIZACI\u00d3N DE MEDICAMENTOS<\/strong><\/p>\n<p><strong>Caracterizaci\u00f3n biofarmac\u00e9utica de novas formulaci\u00f3ns en desenvolvemento:<\/strong> Os conceptos de biodispo\u00f1ibilidade e bioequivalencia est\u00e1n relacionados estreitamente co desenvolvemento farmac\u00e9utico e particularmente cos procedementos de fabricaci\u00f3n das formas farmac\u00e9uticas. A plataforma ten capacidade para realizar determinaci\u00f3ns anal\u00edticas de f\u00e1rmacos inclu\u00eddos en novas formulaci\u00f3ns en desenvolvemento, coa realizaci\u00f3n de estudos de liberaci\u00f3n, absorci\u00f3n, distribuci\u00f3n, metabolismo e excreci\u00f3n tanto in vitro como in vivo. Asimesmo, disponse dunha unidade de radiofarmacia para o radiomarcaxe de compostos e seguimento farmacocin\u00e9tico con equipos de imaxe molecular.<\/p>\n<p><strong>Estudos de estabilidade de medicamentos:<\/strong> Dispo\u00f1emos de salas brancas para a elaboraci\u00f3n de medicamentos que esixan as condicio\u00f3ns m\u00e1is estritas de esterilidade. Adem\u00e1is, c\u00f3ntase con equipamento espec\u00edfico para a realizaci\u00f3n de estudos de estabilidade de medicamentos e con c\u00e1maras clim\u00e1ticas Memmert que permiten manter temperaturas e humidades cunha homoxeneidade excelente, imprescindible para cumprir coas especificaci\u00f3ns ICH &#8211; OMS &#8211; EMA &#8211; ASEAN &#8211; GMP &#8211; GLP y GCCP.<\/p>\n<p>[\/et_pb_toggle][et_pb_toggle title=&#8221;Tarifas&#8221; disabled_on=&#8221;off|off|off&#8221; admin_label=&#8221;Tarifas&#8221; _builder_version=&#8221;4.21.0&#8243; _module_preset=&#8221;default&#8221; body_font=&#8221;|300|||||||&#8221; hover_enabled=&#8221;0&#8243; locked=&#8221;off&#8221; global_colors_info=&#8221;{}&#8221; sticky_enabled=&#8221;0&#8243;]<\/p>\n<p>Consulte as tarifas <span style=\"color: #808000;\"><a href=\"https:\/\/www.idisantiago.es\/wp-content\/uploads\/2026\/02\/Tarifas-farmacocinetica2026_GAL.pdf\"><strong>aqu\u00ed<\/strong><\/a>.<\/span><\/p>\n<p>Tarifas sen IVE.<\/p>\n<p>[\/et_pb_toggle][\/et_pb_column][et_pb_column type=&#8221;1_3&#8243; _builder_version=&#8221;4.16&#8243; _module_preset=&#8221;default&#8221; global_colors_info=&#8221;{}&#8221;][et_pb_text admin_label=&#8221;Contacto&#8221; _builder_version=&#8221;4.16&#8243; _module_preset=&#8221;default&#8221; text_text_color=&#8221;#FFFFFF&#8221; header_text_color=&#8221;#FFFFFF&#8221; header_2_text_align=&#8221;left&#8221; header_2_text_color=&#8221;#FFFFFF&#8221; background_color=&#8221;#10294c&#8221; custom_margin=&#8221;0px||||false|false&#8221; custom_padding=&#8221;6px||0px|6px|false|false&#8221; locked=&#8221;off&#8221; global_colors_info=&#8221;{}&#8221;]<\/p>\n<h2>Contacto<\/h2>\n<p>[\/et_pb_text][et_pb_text _builder_version=&#8221;4.21.0&#8243; _module_preset=&#8221;default&#8221; global_colors_info=&#8221;{}&#8221;]<\/p>\n<p><span style=\"color: #10294c;\"><strong>Anxo Fern\u00e1ndez Ferreiro<\/strong><\/span><\/p>\n<p><a href=\"mailto:anxordes@gmail.com\">anxordes@gmail.com<\/a><\/p>\n<p><span style=\"color: #10294c;\"><strong>Cristina Mondelo Garc\u00eda<\/strong><\/span><\/p>\n<p><a href=\"mailto:cristina.mondelo.garcia@sergas.es\">cristina.mondelo.garcia@sergas.es<\/a><\/p>\n<h6>\u00a0<\/h6>\n<h6><strong>Pablo Aguiar Fern\u00e1ndez<\/strong><\/h6>\n<h6><a href=\"pablo.aguiar.fernandez@sergas.es\">pablo.aguiar.fernandez@sergas.es<\/a><\/h6>\n<p>[\/et_pb_text][\/et_pb_column][\/et_pb_row][\/et_pb_section][et_pb_section fb_built=&#8221;1&#8243; admin_label=&#8221;Logos_internas&#8221; _builder_version=&#8221;4.16&#8243; _module_preset=&#8221;default&#8221; background_color=&#8221;RGBA(255,255,255,0)&#8221; custom_margin=&#8221;5px|||||&#8221; custom_padding=&#8221;27px||0px|||&#8221; da_disable_devices=&#8221;off|off|off&#8221; saved_tabs=&#8221;all&#8221; locked=&#8221;off&#8221; collapsed=&#8221;on&#8221; global_colors_info=&#8221;{}&#8221; da_is_popup=&#8221;off&#8221; da_exit_intent=&#8221;off&#8221; da_has_close=&#8221;on&#8221; da_alt_close=&#8221;off&#8221; da_dark_close=&#8221;off&#8221; da_not_modal=&#8221;on&#8221; da_is_singular=&#8221;off&#8221; da_with_loader=&#8221;off&#8221; da_has_shadow=&#8221;on&#8221;][et_pb_row column_structure=&#8221;1_4,1_4,1_4,1_4&#8243; use_custom_gutter=&#8221;on&#8221; gutter_width=&#8221;1&#8243; admin_label=&#8221;Fila&#8221; _builder_version=&#8221;4.16&#8243; _module_preset=&#8221;default&#8221; width=&#8221;100%&#8221; max_width=&#8221;1086px&#8221; custom_margin=&#8221;5px|auto|36px|auto||&#8221; global_colors_info=&#8221;{}&#8221;][et_pb_column type=&#8221;1_4&#8243; _builder_version=&#8221;4.16&#8243; _module_preset=&#8221;default&#8221; global_colors_info=&#8221;{}&#8221;][et_pb_image src=&#8221;https:\/\/www.idisantiago.es\/wp-content\/uploads\/2022\/02\/todos-1.png&#8221; title_text=&#8221;todos&#8221; url=&#8221;https:\/\/sanidade.xunta.gal\/portada&#8221; module_class=&#8221;logo1&#8243; _builder_version=&#8221;4.16&#8243; _module_preset=&#8221;default&#8221; custom_margin=&#8221;4%||||false|false&#8221; global_colors_info=&#8221;{}&#8221;][\/et_pb_image][\/et_pb_column][et_pb_column type=&#8221;1_4&#8243; _builder_version=&#8221;4.16&#8243; _module_preset=&#8221;default&#8221; global_colors_info=&#8221;{}&#8221;][et_pb_image src=&#8221;https:\/\/www.idisantiago.es\/wp-content\/uploads\/2022\/02\/sergas-1.png&#8221; title_text=&#8221;sergas&#8221; url=&#8221;https:\/\/www.sergas.es\/&#8221; align=&#8221;center&#8221; module_class=&#8221;logo2&#8243; _builder_version=&#8221;4.16&#8243; _module_preset=&#8221;default&#8221; custom_margin=&#8221;|||14px||&#8221; global_colors_info=&#8221;{}&#8221;][\/et_pb_image][\/et_pb_column][et_pb_column type=&#8221;1_4&#8243; _builder_version=&#8221;4.16&#8243; _module_preset=&#8221;default&#8221; global_colors_info=&#8221;{}&#8221;][et_pb_image src=&#8221;https:\/\/www.idisantiago.es\/wp-content\/uploads\/2022\/02\/usc-2.png&#8221; title_text=&#8221;usc&#8221; url=&#8221;https:\/\/www.usc.gal\/gl&#8221; align=&#8221;center&#8221; module_class=&#8221;logo3&#8243; _builder_version=&#8221;4.16&#8243; _module_preset=&#8221;default&#8221; custom_margin=&#8221;|||-2px||&#8221; custom_padding=&#8221;|||15px||&#8221; global_colors_info=&#8221;{}&#8221;][\/et_pb_image][\/et_pb_column][et_pb_column type=&#8221;1_4&#8243; _builder_version=&#8221;4.16&#8243; _module_preset=&#8221;default&#8221; global_colors_info=&#8221;{}&#8221;][et_pb_image src=&#8221;https:\/\/www.idisantiago.es\/wp-content\/uploads\/2022\/02\/idis-2.png&#8221; title_text=&#8221;idis&#8221; module_class=&#8221;logo4&#8243; _builder_version=&#8221;4.16&#8243; _module_preset=&#8221;default&#8221; global_colors_info=&#8221;{}&#8221;][\/et_pb_image][\/et_pb_column][\/et_pb_row][\/et_pb_section]<\/p>\n","protected":false},"excerpt":{"rendered":"<p>PLATAFORMAS DE APOIO COM\u00daNCromatograf\u00eda l\u00edquida de ultra alta resoluci\u00f3n e espectrometr\u00eda de masas O equipo Xevo TQD\u00ae (Waters, Massachusets, USA) de cromatograf\u00eda l\u00edquida de ultra-alta resoluci\u00f3n conectado a un detector [&hellip;]<\/p>\n","protected":false},"author":14,"featured_media":0,"parent":15368,"menu_order":0,"comment_status":"closed","ping_status":"closed","template":"","meta":{"_et_pb_use_builder":"on","_et_pb_old_content":"","_et_gb_content_width":"","inline_featured_image":false,"footnotes":""},"class_list":["post-16561","page","type-page","status-publish","hentry"],"publishpress_future_workflow_manual_trigger":{"enabledWorkflows":[]},"_links":{"self":[{"href":"https:\/\/www.idisantiago.es\/gl\/wp-json\/wp\/v2\/pages\/16561","targetHints":{"allow":["GET"]}}],"collection":[{"href":"https:\/\/www.idisantiago.es\/gl\/wp-json\/wp\/v2\/pages"}],"about":[{"href":"https:\/\/www.idisantiago.es\/gl\/wp-json\/wp\/v2\/types\/page"}],"author":[{"embeddable":true,"href":"https:\/\/www.idisantiago.es\/gl\/wp-json\/wp\/v2\/users\/14"}],"replies":[{"embeddable":true,"href":"https:\/\/www.idisantiago.es\/gl\/wp-json\/wp\/v2\/comments?post=16561"}],"version-history":[{"count":17,"href":"https:\/\/www.idisantiago.es\/gl\/wp-json\/wp\/v2\/pages\/16561\/revisions"}],"predecessor-version":[{"id":44732,"href":"https:\/\/www.idisantiago.es\/gl\/wp-json\/wp\/v2\/pages\/16561\/revisions\/44732"}],"up":[{"embeddable":true,"href":"https:\/\/www.idisantiago.es\/gl\/wp-json\/wp\/v2\/pages\/15368"}],"wp:attachment":[{"href":"https:\/\/www.idisantiago.es\/gl\/wp-json\/wp\/v2\/media?parent=16561"}],"curies":[{"name":"wp","href":"https:\/\/api.w.org\/{rel}","templated":true}]}}