{"id":19595,"date":"2022-03-22T12:34:28","date_gmt":"2022-03-22T11:34:28","guid":{"rendered":"https:\/\/www.idisantiago.es\/organizacion-da-fundacion\/"},"modified":"2025-10-24T10:51:20","modified_gmt":"2025-10-24T08:51:20","slug":"organizacion-da-fundacion","status":"publish","type":"page","link":"https:\/\/www.idisantiago.es\/gl\/organizacion-da-fundacion\/","title":{"rendered":"Organizaci\u00f3n da fundaci\u00f3n"},"content":{"rendered":"<p>[et_pb_section fb_built=&#8221;1&#8243; disabled_on=&#8221;off|off|off&#8221; _builder_version=&#8221;4.16&#8243; _module_preset=&#8221;default&#8221; custom_margin=&#8221;24px||0px||false|false&#8221; custom_padding=&#8221;0px||||false|false&#8221; da_disable_devices=&#8221;off|off|off&#8221; locked=&#8221;off&#8221; collapsed=&#8221;on&#8221; global_colors_info=&#8221;{}&#8221; da_is_popup=&#8221;off&#8221; da_exit_intent=&#8221;off&#8221; da_has_close=&#8221;on&#8221; da_alt_close=&#8221;off&#8221; da_dark_close=&#8221;off&#8221; da_not_modal=&#8221;on&#8221; da_is_singular=&#8221;off&#8221; da_with_loader=&#8221;off&#8221; da_has_shadow=&#8221;on&#8221;][et_pb_row _builder_version=&#8221;4.16&#8243; _module_preset=&#8221;default&#8221; width=&#8221;100%&#8221; custom_padding=&#8221;0px||||false|false&#8221; global_colors_info=&#8221;{}&#8221;][et_pb_column type=&#8221;4_4&#8243; _builder_version=&#8221;4.16&#8243; _module_preset=&#8221;default&#8221; global_colors_info=&#8221;{}&#8221;][et_pb_post_title meta=&#8221;off&#8221; featured_image=&#8221;off&#8221; _builder_version=&#8221;4.16&#8243; _module_preset=&#8221;default&#8221; global_colors_info=&#8221;{}&#8221;][\/et_pb_post_title][\/et_pb_column][\/et_pb_row][\/et_pb_section][et_pb_section fb_built=&#8221;1&#8243; _builder_version=&#8221;4.16&#8243; _module_preset=&#8221;default&#8221; custom_margin=&#8221;24px||||false|false&#8221; da_disable_devices=&#8221;off|off|off&#8221; global_colors_info=&#8221;{}&#8221; da_is_popup=&#8221;off&#8221; da_exit_intent=&#8221;off&#8221; da_has_close=&#8221;on&#8221; da_alt_close=&#8221;off&#8221; da_dark_close=&#8221;off&#8221; da_not_modal=&#8221;on&#8221; da_is_singular=&#8221;off&#8221; da_with_loader=&#8221;off&#8221; da_has_shadow=&#8221;on&#8221;][et_pb_row column_structure=&#8221;2_3,1_3&#8243; _builder_version=&#8221;4.21.0&#8243; _module_preset=&#8221;default&#8221; global_colors_info=&#8221;{}&#8221;][et_pb_column type=&#8221;2_3&#8243; _builder_version=&#8221;4.21.0&#8243; _module_preset=&#8221;default&#8221; global_colors_info=&#8221;{}&#8221;][et_pb_text admin_label=&#8221;Quienes somos&#8221; _builder_version=&#8221;4.16&#8243; _module_preset=&#8221;default&#8221; header_2_font_size=&#8221;32px&#8221; locked=&#8221;off&#8221; global_colors_info=&#8221;{}&#8221;]<\/p>\n<h2>Quen somos<\/h2>\n<p>[\/et_pb_text][et_pb_text _builder_version=&#8221;4.21.0&#8243; _module_preset=&#8221;default&#8221; text_font=&#8221;|300|||||||&#8221; global_colors_info=&#8221;{}&#8221;]<\/p>\n<p>A <strong>Fundaci\u00f3n P\u00fablica Galega de Investigaci\u00f3n Sanitaria Instituto de Santiago de Compostela (FIDIS) <\/strong>nace no ano 2001, froito da fusi\u00f3n da Fundaci\u00f3n IDICHUS do Complexo Hospitalario Universitario de Santiago e a Fundaci\u00f3n FIDI-Xeral Calde do Hospital Universitario Lucus Augusti de Lugo.<\/p>\n<p>A Fundaci\u00f3n P\u00fablica Galega para o Instituto de Investigaci\u00f3n Sanitaria de Santiago de Compostela (FIDIS) \u00e9 unha fundaci\u00f3n sen \u00e1nimo de lucro con personalidade xur\u00eddica propia, que ten como obxectivo final <strong>mellorar a sa\u00fade e a calidade de vida das persoas<\/strong>, creando un futuro m\u00e1is saudable e compartindo coa sociedade os resultados da investigaci\u00f3n biom\u00e9dica de vangarda.<\/p>\n<p>[\/et_pb_text][et_pb_toggle title=&#8221;Padroado&#8221; disabled_on=&#8221;off|off|off&#8221; admin_label=&#8221;Patronato&#8221; _builder_version=&#8221;4.21.0&#8243; _module_preset=&#8221;default&#8221; body_font=&#8221;|300|||||||&#8221; global_colors_info=&#8221;{}&#8221;]<\/p>\n<p><strong>Presidente:<\/strong> Jos\u00e9 \u00c1ngel Facio Villanueva. Xerente da \u00c1rea Sanitaria de Santiago de Compostela e Barbanza. <\/p>\n<p><strong>Vicepresidente:<\/strong> Ram\u00f3n Ares Rico. Xerente da \u00c1rea Sanitaria de Lugo, A Mari\u00f1a e Monforte de Lemos. <\/p>\n<p><strong>Membros:<\/strong><\/p>\n<ul>\n<li>Mar\u00eda Luz Couce Pico. Directora Cient\u00edfica do Instituto de Investigaci\u00f3n Sanitaria de Santiago de Compostela (IDIS). <\/li>\n<li>Jorge Aboal Vi\u00f1as. Responsable de Investigaci\u00f3n no organigrama directivo de Santiago de Compostela e Barbanza. <\/li>\n<li>Pilar Rodr\u00edguez Ledo. Responsable de Investigaci\u00f3n no organigrama directivo de Lugo, A Mari\u00f1a e Monforte de Lemos. <\/li>\n<li>Antonio Fern\u00e1ndez-Campa Garc\u00eda-Bernardo. Xerente Axencia Galega para a Xesti\u00f3n do Co\u00f1ecemento en Sa\u00fade. <\/li>\n<li>Mar\u00eda Isabel Loza Garc\u00eda. Directora Cient\u00edfica do Centro Singular de Investigaci\u00f3n en Medicina Molecular e Enfermidades Cr\u00f3nicas (CIMUS). <\/li>\n<li>Carmen Cotelo Queijo. Membro nomeado pola Direcci\u00f3n da Axencia Galega de Innovaci\u00f3n (GAIN). Directora da Axencia Galega de Innovaci\u00f3n (GAIN).  <\/li>\n<li>Pilar Bermejo Barrera. Membro nomeado pola Universidade de Santiago de Compostela (USC). Vicerreitora de Pol\u00edtica Cient\u00edfica da USC.  <\/li>\n<li>Javier Quiles del R\u00edo. Membro en representaci\u00f3n das Comisi\u00f3ns de Investigaci\u00f3n, Innovaci\u00f3n ou Docencia de Santiago. Designado pola Xerencia da \u00c1rea Sanitaria de Santiago de Compostela e Barbanza.  <\/li>\n<li>Luis P\u00e9rez de Llano. Membro en representaci\u00f3n das Comisi\u00f3ns de Investigaci\u00f3n, Innovaci\u00f3n ou Docencia de Lugo. Designado pola Xerencia da \u00c1rea Sanitaria de Lugo, A Mari\u00f1a e Monforte de Lemos.  <\/li>\n<li>Sergio V\u00e1zquez Est\u00e9vez. Membro nomeado pola Conseller\u00eda de Sanidade por proposta do Presidente do Padroado. Xefe do Servizo de Oncolox\u00eda M\u00e9dica do Hospital Universitario Lucus Augusti.  <\/li>\n<li>Jos\u00e9 Ram\u00f3n Gonz\u00e1lez Juanatey. Membro nomeado pola Conseller\u00eda de Sanidade por proposta do Presidente do Padroado. Xefe do Servizo de Cardiolox\u00eda da \u00c1rea Sanitaria de Santiago de Compostela e Barbanza. L\u00edder grupo IDIS.   <\/li>\n<li>Enrique Dom\u00ednguez Mu\u00f1oz. Membro nomeado pola Conseller\u00eda de Sanidade por proposta do Presidente do Padroado. Xefe do Servizo do Aparello Dixestivo da \u00c1rea Sanitaria de Santiago de Compostela e Barbanza. L\u00edder grupo IDIS.   <\/li>\n<li>Federico Martin\u00f3n Torres. Membro nomeado pola Conseller\u00eda de Sanidade por proposta do Presidente do Padroado. Xefe do Servizo de Pediatr\u00eda da \u00c1rea Sanitaria de Santiago de Compostela e Barbanza. L\u00edder grupo IDIS.   <\/li>\n<li>Juan Jos\u00e9 S\u00e1nchez Castro. Membro nomeado pola Conseller\u00eda de Sanidade por proposta do Presidente do Padroado. M\u00e9dico do Centro de Sa\u00fade da Estrada. Membro grupo IDIS.   <\/li>\n<li>Francisco Campos P\u00e9rez. Membro nomeado polo Padroado. Investigador do SNS Miguel Servet (ISCIII\/IDIS). L\u00edder grupo IDIS.   <\/li>\n<li>Rafael L\u00f3pez L\u00f3pez. Membro nomeado polo Padroado. Xefe do Servizo de Oncolox\u00eda da \u00c1rea Sanitaria de Santiago de Compostela e Barbanza. L\u00edder grupo IDIS.   <\/li>\n<li>Mar\u00eda Pardo P\u00e9rez. Membro nomeado polo Padroado. Investigadora do SNS Miguel Servet (ISCIII\/IDIS). L\u00edder grupo IDIS.   <\/li>\n<li>Carlos Gonz\u00e1lez Juanatey. Membro nomeado polo Padroado. Xefe do Servizo de Cardiolox\u00eda do Hospital Universitario Lucus Augusti.  <\/li>\n<\/ul>\n<p><strong>Secretaria:<\/strong> Isabel Lista Garc\u00eda. Directora da Fundaci\u00f3n P\u00fablica Galega Instituto de Investigaci\u00f3n Sanitaria de Santiago de Compostela (FIDIS) <\/p>\n<p>[\/et_pb_toggle][et_pb_toggle title=&#8221;Departamentos&#8221; admin_label=&#8221;Departamentos&#8221; _builder_version=&#8221;4.21.0&#8243; _module_preset=&#8221;default&#8221; body_font=&#8221;|300|||||||&#8221; hover_enabled=&#8221;0&#8243; global_colors_info=&#8221;{}&#8221; sticky_enabled=&#8221;0&#8243;]<\/p>\n<h4>Recursos Humanos<\/h4>\n<ul>\n<li>Tania Gonz\u00e1lez Fern\u00e1ndez<\/li>\n<li>Rut Pestonit Freire<\/li>\n<li>Desiree Mariano Cabreros<\/li>\n<\/ul>\n<h4>Xesti\u00f3n Econ\u00f3mica<\/h4>\n<ul>\n<li>Vanesa Garc\u00eda Mill\u00e1n<\/li>\n<li>Lorena Veiga Santamarina<\/li>\n<li>Andrea In\u00e9s Malvaso V\u00e1zquez<\/li>\n<li>Y\u00e9sika Torrado Mari\u00f1o<\/li>\n<li>Antonio Pi\u00f1eiro Garc\u00eda<\/li>\n<li>\u00c1lvaro Castro Barreiro<\/li>\n<li>Teresa Bra\u00f1as (Hospital de Lugo)<\/li>\n<\/ul>\n<h4>Proxectos<\/h4>\n<ul>\n<li>Victoria S\u00e1nchez Costa<\/li>\n<li>Eva Ben Garea<\/li>\n<li>Orlando Fern\u00e1ndez Lago<\/li>\n<li>Ana Igea Fern\u00e1ndez<\/li>\n<li>Mar\u00eda S\u00e1nchez Disla<\/li>\n<li>Alicia Ferreira Fern\u00e1ndez<\/li>\n<li>Eva Alonso L\u00f3pez (Hospital de Lugo)<\/li>\n<\/ul>\n<h4>Estudos Cl\u00ednicos<\/h4>\n<ul>\n<li>Teresa Cabaleiro Ocampo<\/li>\n<li>Loli Willisch Elorduy<\/li>\n<li>Eva Rial Pensado<\/li>\n<li>Ux\u00eda Blanco Pensado<\/li>\n<li>Mar\u00eda \u00c1lvarez Satta<\/li>\n<\/ul>\n<h4>Transferencia e Innovaci\u00f3n<\/h4>\n<ul>\n<li>Mabel Sampedro Parada<\/li>\n<li>Miriam Cebey L\u00f3pez<\/li>\n<li>Laura L\u00f3pez Su\u00e1rez<\/li>\n<li>Patricia Pereira Barreiro<\/li>\n<\/ul>\n<h4>Metodolox\u00eda da Investigaci\u00f3n<\/h4>\n<ul>\n<li>Ana Estany Gestal<\/li>\n<li>Andr\u00e9s Blanco Hortas (Hospital de Lugo)<\/li>\n<\/ul>\n<h4>Coordinaci\u00f3n Cient\u00edfico-T\u00e9cnica do Instituto de Investigaci\u00f3n Sanitaria de Santiago de Compostela (IDIS)<\/h4>\n<ul>\n<li>Jos\u00e9 Ram\u00f3n Castro Ruibal<\/li>\n<li>Yolanda Mar\u00eda Liste Mart\u00ednez<\/li>\n<li>Iria Mar\u00eda Louzao Pernas<\/li>\n<li>Mar\u00eda Rodr\u00edguez Carl\u00edn<\/li>\n<li>Agust\u00edn L\u00f3pez Sobrino<\/li>\n<li>Jos\u00e9 Luis Balsa Otero<\/li>\n<\/ul>\n<p>[\/et_pb_toggle][et_pb_text disabled_on=&#8221;on|on|on&#8221; admin_label=&#8221;Organizaci\u00f3n&#8221; _builder_version=&#8221;4.16&#8243; _module_preset=&#8221;default&#8221; header_2_font_size=&#8221;32px&#8221; hover_enabled=&#8221;0&#8243; disabled=&#8221;on&#8221; locked=&#8221;off&#8221; global_colors_info=&#8221;{}&#8221; sticky_enabled=&#8221;0&#8243;]<\/p>\n<h2>Organizaci\u00f3n<\/h2>\n<p>[\/et_pb_text][\/et_pb_column][et_pb_column type=&#8221;1_3&#8243; _builder_version=&#8221;4.21.0&#8243; _module_preset=&#8221;default&#8221; global_colors_info=&#8221;{}&#8221;][et_pb_text admin_label=&#8221;Direcci\u00f3n&#8221; _builder_version=&#8221;4.21.0&#8243; _module_preset=&#8221;default&#8221; text_text_color=&#8221;#FFFFFF&#8221; header_text_color=&#8221;#FFFFFF&#8221; header_2_text_align=&#8221;left&#8221; header_2_text_color=&#8221;#FFFFFF&#8221; background_color=&#8221;#10294c&#8221; custom_margin=&#8221;0px||||false|false&#8221; custom_padding=&#8221;6px||0px|6px|false|false&#8221; locked=&#8221;off&#8221; global_colors_info=&#8221;{}&#8221;]<\/p>\n<h2>Direcci\u00f3n<\/h2>\n<p>[\/et_pb_text][et_pb_text admin_label=&#8221;WP Team&#8221; _builder_version=&#8221;4.21.0&#8243; _module_preset=&#8221;default&#8221; locked=&#8221;off&#8221; global_colors_info=&#8221;{}&#8221;]<\/p>\n<div class=\"sp-wp-team-pro-wrapper wp-team-pro-preloader\" >\n\n<div id=\"sptp-41479\" class=\"sp-team-pro sptp-section sptp-new_page pagination_normal sptp-even\" >\n\n\t<div class=\"sp-team-pro-page-loading-image\"><\/div>\n\t<div class=\"sptp-grid\">\n\t\t<div class=\"sptp-row  \">\n\t\t\t\t\t<div class=\"sp-team-pro-item sptp-col-lg-1 sptp-col-md-1 sptp-col-sm-1 sptp-col-xs-1\"\n\t\t\t data-member=\"17477\">\n\t\t\t\t<div class=\"sptp-member  border-bg-around-member sptp-square\">\n\t<a class=\"sptp-member-avatar \"  href=https:\/\/www.idisantiago.es\/gl\/team\/isabel-lista-garcia\/ target=_blank >\n\t<div class=\"sptp-member-avatar-img-area\" data-id=\"17477\">\n\t\t<div class=\"sptp-member-avatar-img sptp-square sptp-icon-on-image none \">\n\t\t\t<div class=\"sptp-overflow-h\">\n\t\t\t\t\t\t\t\t\t<div class=\"sptp-icon text-center\">\n\t\t\t\t\t<i class=\"fa fa-plus\"><\/i>\t\t\t\t\t<\/div>\n\t\t\t\t\t\t\t\t<img loading=\"lazy\" decoding=\"async\" class=\"sptp_default_img\" srcset=\"https:\/\/www.idisantiago.es\/wp-content\/uploads\/2022\/02\/IsabelListaGarcia_CR-320x320.png\" src=\"https:\/\/www.idisantiago.es\/wp-content\/uploads\/2022\/02\/IsabelListaGarcia_CR-320x320.png\" alt=\"Isabel Lista Garc\u00eda\" width=\"320\" height=\"320\">\n\t\t\t\t\t\t\t<\/div>\n\t\t<\/div>\n\t<\/div>\n<\/a>\n\t<div class=\"sptp-member-name \">\n\t\t<h2>\n\t\t\t\t\tIsabel Lista Garc\u00eda\t\t\t\t<\/h2>\n\t<\/div>\n<div class=\"sptp-member-desc\">\n\t\tIsabel Lista Garc\u00eda \u00e9 directora da Fundaci\u00f3n P\u00fablica Galega Instituto de Investigaci\u00f3n Sanitaria de Santiago de Compostela (FIDIS) desde 2019.\r\n<\/div>\n<div class=\"sptp-read-more-button\">\n\t<a class=\"sptp-member-read-more-button\" href=\"https:\/\/www.idisantiago.es\/gl\/team\/isabel-lista-garcia\/\"> + INFO <\/a>\n<\/div>\n<\/div>\n\t\t\t\t<\/div>\n\t\t\t\t<\/div> <!-- end row -->\n\t<\/div> <!-- end grid -->\n\t\t\t<\/div>\n<\/div>\n\n<p>[\/et_pb_text][\/et_pb_column][\/et_pb_row][\/et_pb_section][et_pb_section fb_built=&#8221;1&#8243; admin_label=&#8221;Logos_internas&#8221; _builder_version=&#8221;4.16&#8243; _module_preset=&#8221;default&#8221; background_color=&#8221;RGBA(255,255,255,0)&#8221; custom_margin=&#8221;5px|||||&#8221; custom_padding=&#8221;27px||0px|||&#8221; da_disable_devices=&#8221;off|off|off&#8221; global_module=&#8221;11879&#8243; saved_tabs=&#8221;all&#8221; locked=&#8221;off&#8221; collapsed=&#8221;off&#8221; global_colors_info=&#8221;{}&#8221; da_is_popup=&#8221;off&#8221; da_exit_intent=&#8221;off&#8221; da_has_close=&#8221;on&#8221; da_alt_close=&#8221;off&#8221; da_dark_close=&#8221;off&#8221; da_not_modal=&#8221;on&#8221; da_is_singular=&#8221;off&#8221; da_with_loader=&#8221;off&#8221; da_has_shadow=&#8221;on&#8221;][et_pb_row column_structure=&#8221;1_4,1_4,1_4,1_4&#8243; use_custom_gutter=&#8221;on&#8221; gutter_width=&#8221;1&#8243; disabled_on=&#8221;on|on|off&#8221; admin_label=&#8221;Fila escritorio&#8221; _builder_version=&#8221;4.16&#8243; _module_preset=&#8221;default&#8221; width=&#8221;100%&#8221; max_width=&#8221;1086px&#8221; custom_margin=&#8221;5px|auto|36px|auto||&#8221; global_colors_info=&#8221;{}&#8221;][et_pb_column type=&#8221;1_4&#8243; _builder_version=&#8221;4.16&#8243; _module_preset=&#8221;default&#8221; global_colors_info=&#8221;{}&#8221;][et_pb_image src=&#8221;https:\/\/www.idisantiago.es\/wp-content\/uploads\/2022\/02\/todos-1.png&#8221; title_text=&#8221;todos&#8221; url=&#8221;https:\/\/sanidade.xunta.gal\/portada&#8221; module_class=&#8221;logo1&#8243; _builder_version=&#8221;4.21.0&#8243; _module_preset=&#8221;default&#8221; min_height=&#8221;47px&#8221; custom_margin=&#8221;4%||||false|false&#8221; custom_padding=&#8221;4px|||||&#8221; global_colors_info=&#8221;{}&#8221;][\/et_pb_image][\/et_pb_column][et_pb_column type=&#8221;1_4&#8243; _builder_version=&#8221;4.16&#8243; _module_preset=&#8221;default&#8221; global_colors_info=&#8221;{}&#8221;][et_pb_image src=&#8221;https:\/\/www.idisantiago.es\/wp-content\/uploads\/2022\/02\/sergas-1.png&#8221; title_text=&#8221;sergas&#8221; url=&#8221;https:\/\/www.sergas.es\/&#8221; align=&#8221;center&#8221; module_class=&#8221;logo2&#8243; _builder_version=&#8221;4.16&#8243; _module_preset=&#8221;default&#8221; custom_margin=&#8221;|||14px||&#8221; custom_padding=&#8221;12px|||||&#8221; global_colors_info=&#8221;{}&#8221;][\/et_pb_image][\/et_pb_column][et_pb_column type=&#8221;1_4&#8243; _builder_version=&#8221;4.16&#8243; _module_preset=&#8221;default&#8221; global_colors_info=&#8221;{}&#8221;][et_pb_image src=&#8221;https:\/\/www.idisantiago.es\/wp-content\/uploads\/2022\/02\/usc-2.png&#8221; title_text=&#8221;usc&#8221; url=&#8221;https:\/\/www.usc.gal\/gl&#8221; align=&#8221;center&#8221; module_class=&#8221;logo3&#8243; _builder_version=&#8221;4.16&#8243; _module_preset=&#8221;default&#8221; width=&#8221;102.2%&#8221; custom_margin=&#8221;3px|||-2px||&#8221; custom_padding=&#8221;7px|60px||0px||&#8221; global_colors_info=&#8221;{}&#8221;][\/et_pb_image][\/et_pb_column][et_pb_column type=&#8221;1_4&#8243; _builder_version=&#8221;4.16&#8243; _module_preset=&#8221;default&#8221; global_colors_info=&#8221;{}&#8221;][et_pb_image src=&#8221;https:\/\/www.idisantiago.es\/wp-content\/uploads\/2024\/09\/logo-FIDIS-31072024-2.png&#8221; title_text=&#8221;idis&#8221; module_class=&#8221;logo4&#8243; _builder_version=&#8221;4.21.0&#8243; _module_preset=&#8221;default&#8221; min_height=&#8221;59.7px&#8221; custom_margin=&#8221;||-5px|||&#8221; custom_padding=&#8221;0px||0px|||&#8221; custom_css_main_element=&#8221;padding-bottom: 10px;&#8221; global_colors_info=&#8221;{}&#8221;][\/et_pb_image][\/et_pb_column][\/et_pb_row][et_pb_row column_structure=&#8221;1_4,1_4,1_4,1_4&#8243; use_custom_gutter=&#8221;on&#8221; gutter_width=&#8221;1&#8243; disabled_on=&#8221;on|off|on&#8221; admin_label=&#8221;Fila tablet&#8221; module_class=&#8221;four-columns&#8221; _builder_version=&#8221;4.21.0&#8243; _module_preset=&#8221;default&#8221; width=&#8221;95%&#8221; max_width=&#8221;1086px&#8221; custom_margin=&#8221;5px|auto|36px|auto||&#8221; global_colors_info=&#8221;{}&#8221;][et_pb_column type=&#8221;1_4&#8243; _builder_version=&#8221;4.16&#8243; _module_preset=&#8221;default&#8221; global_colors_info=&#8221;{}&#8221;][et_pb_image src=&#8221;https:\/\/www.idisantiago.es\/wp-content\/uploads\/2022\/02\/todos-1.png&#8221; title_text=&#8221;todos&#8221; url=&#8221;https:\/\/sanidade.xunta.gal\/portada&#8221; disabled_on=&#8221;off|off|off&#8221; module_class=&#8221;logo1&#8243; _builder_version=&#8221;4.21.0&#8243; _module_preset=&#8221;default&#8221; custom_margin=&#8221;4%||||false|false&#8221; global_colors_info=&#8221;{}&#8221;][\/et_pb_image][\/et_pb_column][et_pb_column type=&#8221;1_4&#8243; _builder_version=&#8221;4.16&#8243; _module_preset=&#8221;default&#8221; global_colors_info=&#8221;{}&#8221;][et_pb_image src=&#8221;https:\/\/www.idisantiago.es\/wp-content\/uploads\/2022\/02\/sergas-1.png&#8221; title_text=&#8221;sergas&#8221; url=&#8221;https:\/\/www.sergas.es\/&#8221; align=&#8221;center&#8221; module_class=&#8221;logo2&#8243; _builder_version=&#8221;4.16&#8243; _module_preset=&#8221;default&#8221; custom_margin=&#8221;|||14px||&#8221; global_colors_info=&#8221;{}&#8221;][\/et_pb_image][\/et_pb_column][et_pb_column type=&#8221;1_4&#8243; _builder_version=&#8221;4.16&#8243; _module_preset=&#8221;default&#8221; global_colors_info=&#8221;{}&#8221;][et_pb_image src=&#8221;https:\/\/www.idisantiago.es\/wp-content\/uploads\/2022\/02\/usc-2.png&#8221; title_text=&#8221;usc&#8221; url=&#8221;https:\/\/www.usc.gal\/gl&#8221; align=&#8221;center&#8221; module_class=&#8221;logo3&#8243; _builder_version=&#8221;4.16&#8243; _module_preset=&#8221;default&#8221; custom_margin=&#8221;|||-2px||&#8221; custom_padding=&#8221;|||15px||&#8221; global_colors_info=&#8221;{}&#8221;][\/et_pb_image][\/et_pb_column][et_pb_column type=&#8221;1_4&#8243; _builder_version=&#8221;4.16&#8243; _module_preset=&#8221;default&#8221; global_colors_info=&#8221;{}&#8221;][et_pb_image src=&#8221;https:\/\/www.idisantiago.es\/wp-content\/uploads\/2022\/02\/idis-2.png&#8221; title_text=&#8221;idis&#8221; module_class=&#8221;logo4&#8243; _builder_version=&#8221;4.16&#8243; _module_preset=&#8221;default&#8221; global_colors_info=&#8221;{}&#8221;][\/et_pb_image][\/et_pb_column][\/et_pb_row][et_pb_row column_structure=&#8221;1_2,1_2&#8243; use_custom_gutter=&#8221;on&#8221; gutter_width=&#8221;1&#8243; disabled_on=&#8221;off|on|on&#8221; admin_label=&#8221;Fila m\u00f3vil&#8221; _builder_version=&#8221;4.21.0&#8243; _module_preset=&#8221;default&#8221; width=&#8221;90%&#8221; max_width=&#8221;1376px&#8221; custom_margin=&#8221;|auto||auto|false|false&#8221; custom_css_main_element=&#8221;display:flex;&#8221; locked=&#8221;off&#8221; global_colors_info=&#8221;{}&#8221;][et_pb_column type=&#8221;1_2&#8243; _builder_version=&#8221;4.16&#8243; _module_preset=&#8221;default&#8221; global_colors_info=&#8221;{}&#8221;][et_pb_image src=&#8221;https:\/\/www.idisantiago.es\/wp-content\/uploads\/2022\/02\/todos-1.png&#8221; title_text=&#8221;todos&#8221; url=&#8221;https:\/\/sanidade.xunta.gal\/&#8221; align=&#8221;center&#8221; module_class=&#8221;logo1&#8243; _builder_version=&#8221;4.16&#8243; _module_preset=&#8221;default&#8221; custom_margin=&#8221;||||false|false&#8221; custom_padding=&#8221;||||false|false&#8221; global_colors_info=&#8221;{}&#8221;][\/et_pb_image][\/et_pb_column][et_pb_column type=&#8221;1_2&#8243; _builder_version=&#8221;4.16&#8243; _module_preset=&#8221;default&#8221; global_colors_info=&#8221;{}&#8221;][et_pb_image src=&#8221;https:\/\/www.idisantiago.es\/wp-content\/uploads\/2022\/02\/sergas-1.png&#8221; title_text=&#8221;todos&#8221; url=&#8221;https:\/\/www.sergas.es\/&#8221; align=&#8221;center&#8221; module_class=&#8221;logo1&#8243; _builder_version=&#8221;4.16&#8243; _module_preset=&#8221;default&#8221; custom_margin=&#8221;||||false|false&#8221; custom_padding=&#8221;||||false|false&#8221; global_colors_info=&#8221;{}&#8221;][\/et_pb_image][\/et_pb_column][\/et_pb_row][et_pb_row column_structure=&#8221;1_2,1_2&#8243; use_custom_gutter=&#8221;on&#8221; gutter_width=&#8221;1&#8243; disabled_on=&#8221;off|on|on&#8221; admin_label=&#8221;Fila m\u00f3vil&#8221; _builder_version=&#8221;4.21.0&#8243; _module_preset=&#8221;default&#8221; width=&#8221;90%&#8221; max_width=&#8221;1376px&#8221; custom_margin=&#8221;|auto|32px|auto|false|false&#8221; custom_css_main_element=&#8221;display:flex;&#8221; locked=&#8221;off&#8221; global_colors_info=&#8221;{}&#8221;][et_pb_column type=&#8221;1_2&#8243; _builder_version=&#8221;4.16&#8243; _module_preset=&#8221;default&#8221; global_colors_info=&#8221;{}&#8221;][et_pb_image src=&#8221;https:\/\/www.idisantiago.es\/wp-content\/uploads\/2022\/02\/usc-2.png&#8221; title_text=&#8221;todos&#8221; url=&#8221;https:\/\/www.usc.gal\/gl&#8221; align=&#8221;center&#8221; module_class=&#8221;logo1&#8243; _builder_version=&#8221;4.16&#8243; _module_preset=&#8221;default&#8221; custom_margin=&#8221;||||false|false&#8221; custom_padding=&#8221;||24px||false|false&#8221; global_colors_info=&#8221;{}&#8221;][\/et_pb_image][\/et_pb_column][et_pb_column type=&#8221;1_2&#8243; _builder_version=&#8221;4.16&#8243; _module_preset=&#8221;default&#8221; global_colors_info=&#8221;{}&#8221;][et_pb_image src=&#8221;https:\/\/www.idisantiago.es\/wp-content\/uploads\/2022\/02\/idis-2.png&#8221; title_text=&#8221;todos&#8221; align=&#8221;center&#8221; module_class=&#8221;logo1&#8243; _builder_version=&#8221;4.16&#8243; _module_preset=&#8221;default&#8221; custom_margin=&#8221;||||false|false&#8221; custom_padding=&#8221;||24px||false|false&#8221; locked=&#8221;off&#8221; global_colors_info=&#8221;{}&#8221;][\/et_pb_image][\/et_pb_column][\/et_pb_row][\/et_pb_section]<\/p>\n","protected":false},"excerpt":{"rendered":"<p>Quen somos A Fundaci\u00f3n P\u00fablica Galega de Investigaci\u00f3n Sanitaria Instituto de Santiago de Compostela (FIDIS) nace no ano 2001, froito da fusi\u00f3n da Fundaci\u00f3n IDICHUS do Complexo Hospitalario Universitario de [&hellip;]<\/p>\n","protected":false},"author":11,"featured_media":0,"parent":0,"menu_order":0,"comment_status":"closed","ping_status":"closed","template":"","meta":{"_et_pb_use_builder":"on","_et_pb_old_content":"","_et_gb_content_width":"","inline_featured_image":false,"footnotes":""},"class_list":["post-19595","page","type-page","status-publish","hentry"],"publishpress_future_workflow_manual_trigger":{"enabledWorkflows":[]},"_links":{"self":[{"href":"https:\/\/www.idisantiago.es\/gl\/wp-json\/wp\/v2\/pages\/19595","targetHints":{"allow":["GET"]}}],"collection":[{"href":"https:\/\/www.idisantiago.es\/gl\/wp-json\/wp\/v2\/pages"}],"about":[{"href":"https:\/\/www.idisantiago.es\/gl\/wp-json\/wp\/v2\/types\/page"}],"author":[{"embeddable":true,"href":"https:\/\/www.idisantiago.es\/gl\/wp-json\/wp\/v2\/users\/11"}],"replies":[{"embeddable":true,"href":"https:\/\/www.idisantiago.es\/gl\/wp-json\/wp\/v2\/comments?post=19595"}],"version-history":[{"count":17,"href":"https:\/\/www.idisantiago.es\/gl\/wp-json\/wp\/v2\/pages\/19595\/revisions"}],"predecessor-version":[{"id":42687,"href":"https:\/\/www.idisantiago.es\/gl\/wp-json\/wp\/v2\/pages\/19595\/revisions\/42687"}],"wp:attachment":[{"href":"https:\/\/www.idisantiago.es\/gl\/wp-json\/wp\/v2\/media?parent=19595"}],"curies":[{"name":"wp","href":"https:\/\/api.w.org\/{rel}","templated":true}]}}