{"id":27891,"date":"2025-07-11T11:08:18","date_gmt":"2025-07-11T09:08:18","guid":{"rendered":"https:\/\/www.idisantiago.es\/?page_id=27891"},"modified":"2026-03-17T14:06:03","modified_gmt":"2026-03-17T13:06:03","slug":"unidade-de-imaxe-ecocardiografica","status":"publish","type":"page","link":"https:\/\/www.idisantiago.es\/gl\/plataformas-de-apoyo-comun\/unidade-de-imaxe-ecocardiografica\/","title":{"rendered":"Plataforma de Cardioimaxe cl\u00ednica e animal"},"content":{"rendered":"<p>[et_pb_section fb_built=&#8221;1&#8243; admin_label=&#8221;T\u00edtulo&#8221; _builder_version=&#8221;4.16&#8243; _module_preset=&#8221;default&#8221; custom_margin=&#8221;64px||0px||false|false&#8221; custom_padding=&#8221;0px||||false|false&#8221; da_disable_devices=&#8221;off|off|off&#8221; locked=&#8221;off&#8221; collapsed=&#8221;on&#8221; global_colors_info=&#8221;{}&#8221; da_is_popup=&#8221;off&#8221; da_exit_intent=&#8221;off&#8221; da_has_close=&#8221;on&#8221; da_alt_close=&#8221;off&#8221; da_dark_close=&#8221;off&#8221; da_not_modal=&#8221;on&#8221; da_is_singular=&#8221;off&#8221; da_with_loader=&#8221;off&#8221; da_has_shadow=&#8221;on&#8221;][et_pb_row _builder_version=&#8221;4.16&#8243; _module_preset=&#8221;default&#8221; width=&#8221;100%&#8221; custom_padding=&#8221;0px||||false|false&#8221; global_colors_info=&#8221;{}&#8221;][et_pb_column type=&#8221;4_4&#8243; _builder_version=&#8221;4.16&#8243; _module_preset=&#8221;default&#8221; global_colors_info=&#8221;{}&#8221;][et_pb_post_title meta=&#8221;off&#8221; featured_image=&#8221;off&#8221; _builder_version=&#8221;4.16&#8243; _module_preset=&#8221;default&#8221; global_colors_info=&#8221;{}&#8221;][\/et_pb_post_title][\/et_pb_column][\/et_pb_row][\/et_pb_section][et_pb_section fb_built=&#8221;1&#8243; _builder_version=&#8221;4.16&#8243; _module_preset=&#8221;default&#8221; custom_padding=&#8221;0px||||false|false&#8221; da_disable_devices=&#8221;off|off|off&#8221; global_colors_info=&#8221;{}&#8221; da_is_popup=&#8221;off&#8221; da_exit_intent=&#8221;off&#8221; da_has_close=&#8221;on&#8221; da_alt_close=&#8221;off&#8221; da_dark_close=&#8221;off&#8221; da_not_modal=&#8221;on&#8221; da_is_singular=&#8221;off&#8221; da_with_loader=&#8221;off&#8221; da_has_shadow=&#8221;on&#8221;][et_pb_row _builder_version=&#8221;4.16&#8243; _module_preset=&#8221;default&#8221; width=&#8221;100%&#8221; custom_padding=&#8221;0px||||false|false&#8221; locked=&#8221;on&#8221; collapsed=&#8221;on&#8221; global_colors_info=&#8221;{}&#8221;][et_pb_column type=&#8221;4_4&#8243; _builder_version=&#8221;4.16&#8243; _module_preset=&#8221;default&#8221; global_colors_info=&#8221;{}&#8221;][et_pb_text _builder_version=&#8221;4.16&#8243; _dynamic_attributes=&#8221;link_option_url&#8221; _module_preset=&#8221;default&#8221; link_option_url=&#8221;@ET-DC@eyJkeW5hbWljIjp0cnVlLCJjb250ZW50IjoicG9zdF9saW5rX3VybF9wYWdlIiwic2V0dGluZ3MiOnsicG9zdF9pZCI6Ijk1MDAifX0=@&#8221; global_colors_info=&#8221;{}&#8221;]<\/p>\n<p>PLATAFORMAS DE APOIO COM\u00daN<\/p>\n<p>[\/et_pb_text][\/et_pb_column][\/et_pb_row][et_pb_row column_structure=&#8221;2_3,1_3&#8243; _builder_version=&#8221;4.16&#8243; _module_preset=&#8221;default&#8221; width=&#8221;100%&#8221; global_colors_info=&#8221;{}&#8221;][et_pb_column type=&#8221;2_3&#8243; _builder_version=&#8221;4.16&#8243; _module_preset=&#8221;default&#8221; global_colors_info=&#8221;{}&#8221;][et_pb_toggle title=&#8221;Equipamento&#8221; disabled_on=&#8221;off|off|off&#8221; admin_label=&#8221;Equipamiento&#8221; _builder_version=&#8221;4.19.4&#8243; _module_preset=&#8221;default&#8221; body_font=&#8221;|300|||||||&#8221; hover_enabled=&#8221;0&#8243; global_colors_info=&#8221;{}&#8221; sticky_enabled=&#8221;0&#8243;]<\/p>\n<p>Actualmente contamos cun<strong> sistema de ecograf\u00eda dixital Vivid iq de altas prestaci\u00f3ns cunha sonda lineal 12S-RS (4,5-12,0 MHz)<\/strong> especialmente configurada para a ecograf\u00eda card\u00edaca en modelos murinos, que nos permite capturar imaxes simultaneamente coa gravaci\u00f3n electrocardiogr\u00e1fica.<\/p>\n<p><img loading=\"lazy\" decoding=\"async\" class=\"wp-image-28047 alignnone size-medium\" src=\"https:\/\/www.idisantiago.es\/wp-content\/uploads\/2023\/04\/ge-vivid-iq-on-cart-200x300.jpg\" alt=\"\" width=\"200\" height=\"300\" \/><img loading=\"lazy\" decoding=\"async\" class=\"wp-image-28050 alignnone size-medium\" src=\"https:\/\/www.idisantiago.es\/wp-content\/uploads\/2023\/04\/Ecocardio-224x300.jpg\" alt=\"\" width=\"224\" height=\"300\" \/><\/p>\n<p>&nbsp;<\/p>\n<p>&nbsp;<\/p>\n<p>[\/et_pb_toggle][et_pb_toggle title=&#8221;Descrici\u00f3n&#8221; disabled_on=&#8221;off|off|off&#8221; admin_label=&#8221;Descripci\u00f3n&#8221; _builder_version=&#8221;4.21.0&#8243; _module_preset=&#8221;default&#8221; body_font=&#8221;|300|||||||&#8221; hover_enabled=&#8221;0&#8243; global_colors_info=&#8221;{}&#8221; sticky_enabled=&#8221;0&#8243;]<\/p>\n<p>O obxectivo da unidade \u00e9 proporcionar aos profesionais da nosa contorna unha ferramenta eficaz para avaliar os cambios na funci\u00f3n card\u00edaca en diferentes modelos precl\u00ednicos, asociados ao proceso fisiopatol\u00f3xico ou \u00e1 intervenci\u00f3n terap\u00e9utica, favorecendo colaboraci\u00f3ns e creando sinerx\u00edas entre os profesionais sanitarios e os investigadores.<\/p>\n<p>A Plataforma de Cardioimaxe cl\u00ednica e animal ECOCARDIO est\u00e1 formada por un equipo multidisciplinar con ampla experiencia na an\u00e1lise da funci\u00f3n card\u00edaca, do SERGAS, IDIS e USC. As t\u00e9cnicas de imaxe non invasivas son unha peza fundamental da medicina cardiovascular actual, que proporcionan diagn\u00f3sticos precisos e proporcionan informaci\u00f3n pron\u00f3stica. Ademais, permiten o seguimento de diferentes procesos fisiopatol\u00f3xicos, orientando a mi\u00fado a propia intervenci\u00f3n terap\u00e9utica. A ecocardiograf\u00eda, pola s\u00faa ampla dispo\u00f1ibilidade, o seu baixo custo e a ausencia de radiaci\u00f3n, \u00e9 o m\u00e9todo m\u00e1is utilizado para a avaliaci\u00f3n dos par\u00e1metros card\u00edacos, tanto a nivel asistencial como investigador.<\/p>\n<p>[\/et_pb_toggle][et_pb_toggle title=&#8221;Servizos&#8221; disabled_on=&#8221;off|off|off&#8221; admin_label=&#8221;Servicios&#8221; _builder_version=&#8221;4.19.4&#8243; _module_preset=&#8221;default&#8221; body_font=&#8221;|300|||||||&#8221; global_colors_info=&#8221;{}&#8221;]<\/p>\n<p>A captura de imaxes real\u00edzase cos animais lixeiramente anestesiados con isoflurano. A captura de imaxe real\u00edzase realizando unha proxecci\u00f3n parastenal dun corte a nivel dos m\u00fasculos papilares mediante ecograf\u00eda bidimensional seguindo as recomendaci\u00f3ns das Sociedades Europeas e Americanas de Ecocardiograf\u00eda, o que nos permite avaliar:<\/p>\n<p>\u2022 Di\u00e1metro telediast\u00f3lico ventricular esquerdo<br \/>\u2022 Di\u00e1metro final sist\u00f3lico ventricular esquerdo<br \/>\u2022 Grosor do tabique interventricular<br \/>\u2022 Espesor da parede traseira<br \/>\u2022 Fracci\u00f3n de expulsi\u00f3n<br \/>\u2022 Fracci\u00f3n de acurtamento<\/p>\n<p>Exemplos:<\/p>\n<p><img loading=\"lazy\" decoding=\"async\" class=\"wp-image-28059 alignnone size-medium\" src=\"https:\/\/www.idisantiago.es\/wp-content\/uploads\/2023\/04\/1676466255256-300x176.jpg\" alt=\"\" width=\"300\" height=\"176\" \/><img loading=\"lazy\" decoding=\"async\" class=\"wp-image-28056 alignnone size-medium\" src=\"https:\/\/www.idisantiago.es\/wp-content\/uploads\/2023\/04\/1676466255277-300x177.jpg\" alt=\"\" width=\"300\" height=\"177\" \/><img loading=\"lazy\" decoding=\"async\" class=\"wp-image-28053 alignnone size-medium\" src=\"https:\/\/www.idisantiago.es\/wp-content\/uploads\/2023\/04\/1676466255296-300x169.jpg\" alt=\"\" width=\"300\" height=\"169\" \/><\/p>\n<p>[\/et_pb_toggle][et_pb_toggle title=&#8221;Tarifas&#8221; disabled_on=&#8221;off|off|off&#8221; admin_label=&#8221;Tarifas&#8221; _builder_version=&#8221;4.21.0&#8243; _module_preset=&#8221;default&#8221; body_font=&#8221;|300|||||||&#8221; global_colors_info=&#8221;{}&#8221;]<\/p>\n<p><a href=\"https:\/\/www.idisantiago.es\/wp-content\/uploads\/2025\/07\/Tarifas-Ecocardio_GAL_2025-1.pdf\"><span style=\"color: #808000;\"><strong>Tarifas<\/strong><\/span><\/a><\/p>\n<p>Tarifas sen IVE.<\/p>\n<p>[\/et_pb_toggle][\/et_pb_column][et_pb_column type=&#8221;1_3&#8243; _builder_version=&#8221;4.16&#8243; _module_preset=&#8221;default&#8221; global_colors_info=&#8221;{}&#8221;][et_pb_text admin_label=&#8221;Contacto&#8221; _builder_version=&#8221;4.19.4&#8243; _module_preset=&#8221;default&#8221; text_text_color=&#8221;#FFFFFF&#8221; header_text_color=&#8221;#FFFFFF&#8221; header_2_text_align=&#8221;left&#8221; header_2_text_color=&#8221;#FFFFFF&#8221; background_color=&#8221;#10294c&#8221; custom_margin=&#8221;0px||||false|false&#8221; custom_padding=&#8221;6px||0px|6px|false|false&#8221; locked=&#8221;off&#8221; global_colors_info=&#8221;{}&#8221;]<\/p>\n<h2>Contacto<\/h2>\n<p>[\/et_pb_text][et_pb_text _builder_version=&#8221;4.21.0&#8243; _module_preset=&#8221;default&#8221; hover_enabled=&#8221;0&#8243; global_colors_info=&#8221;{}&#8221; sticky_enabled=&#8221;0&#8243;]<\/p>\n<h6><b>Mar\u00eda Amparo Mart\u00ednez Monzon\u00eds<\/b><\/h6>\n<p><a href=\"mailto:cardioimagen@idisantiago.es\">cardioimagen@idisantiago.es<\/a><\/p>\n<p>&nbsp;<\/p>\n<p>[\/et_pb_text][\/et_pb_column][\/et_pb_row][\/et_pb_section][et_pb_section fb_built=&#8221;1&#8243; admin_label=&#8221;Logos_internas&#8221; _builder_version=&#8221;4.16&#8243; _module_preset=&#8221;default&#8221; background_color=&#8221;RGBA(255,255,255,0)&#8221; custom_margin=&#8221;5px|||||&#8221; custom_padding=&#8221;27px||0px|||&#8221; da_disable_devices=&#8221;off|off|off&#8221; saved_tabs=&#8221;all&#8221; locked=&#8221;off&#8221; collapsed=&#8221;off&#8221; global_colors_info=&#8221;{}&#8221; da_is_popup=&#8221;off&#8221; da_exit_intent=&#8221;off&#8221; da_has_close=&#8221;on&#8221; da_alt_close=&#8221;off&#8221; da_dark_close=&#8221;off&#8221; da_not_modal=&#8221;on&#8221; da_is_singular=&#8221;off&#8221; da_with_loader=&#8221;off&#8221; da_has_shadow=&#8221;on&#8221;][et_pb_row column_structure=&#8221;1_4,1_4,1_4,1_4&#8243; use_custom_gutter=&#8221;on&#8221; gutter_width=&#8221;1&#8243; disabled_on=&#8221;on|on|off&#8221; admin_label=&#8221;Fila escritorio&#8221; _builder_version=&#8221;4.16&#8243; _module_preset=&#8221;default&#8221; width=&#8221;100%&#8221; max_width=&#8221;1086px&#8221; custom_margin=&#8221;5px|auto|36px|auto||&#8221; global_colors_info=&#8221;{}&#8221;][et_pb_column type=&#8221;1_4&#8243; _builder_version=&#8221;4.16&#8243; _module_preset=&#8221;default&#8221; global_colors_info=&#8221;{}&#8221;][et_pb_image src=&#8221;https:\/\/www.idisantiago.es\/wp-content\/uploads\/2022\/02\/todos-1.png&#8221; title_text=&#8221;todos&#8221; url=&#8221;https:\/\/sanidade.xunta.gal\/portada&#8221; module_class=&#8221;logo1&#8243; _builder_version=&#8221;4.16&#8243; _module_preset=&#8221;default&#8221; custom_margin=&#8221;4%||||false|false&#8221; global_colors_info=&#8221;{}&#8221;][\/et_pb_image][\/et_pb_column][et_pb_column type=&#8221;1_4&#8243; _builder_version=&#8221;4.16&#8243; _module_preset=&#8221;default&#8221; global_colors_info=&#8221;{}&#8221;][et_pb_image src=&#8221;https:\/\/www.idisantiago.es\/wp-content\/uploads\/2022\/02\/sergas-1.png&#8221; title_text=&#8221;sergas&#8221; url=&#8221;https:\/\/www.sergas.es\/&#8221; align=&#8221;center&#8221; module_class=&#8221;logo2&#8243; _builder_version=&#8221;4.16&#8243; _module_preset=&#8221;default&#8221; custom_margin=&#8221;|||14px||&#8221; global_colors_info=&#8221;{}&#8221;][\/et_pb_image][\/et_pb_column][et_pb_column type=&#8221;1_4&#8243; _builder_version=&#8221;4.16&#8243; _module_preset=&#8221;default&#8221; global_colors_info=&#8221;{}&#8221;][et_pb_image src=&#8221;https:\/\/www.idisantiago.es\/wp-content\/uploads\/2022\/02\/usc-2.png&#8221; title_text=&#8221;usc&#8221; url=&#8221;https:\/\/www.usc.gal\/gl&#8221; align=&#8221;center&#8221; module_class=&#8221;logo3&#8243; _builder_version=&#8221;4.16&#8243; _module_preset=&#8221;default&#8221; custom_margin=&#8221;|||-2px||&#8221; custom_padding=&#8221;|||15px||&#8221; global_colors_info=&#8221;{}&#8221;][\/et_pb_image][\/et_pb_column][et_pb_column type=&#8221;1_4&#8243; _builder_version=&#8221;4.16&#8243; _module_preset=&#8221;default&#8221; global_colors_info=&#8221;{}&#8221;][et_pb_image src=&#8221;https:\/\/www.idisantiago.es\/wp-content\/uploads\/2022\/02\/idis-2.png&#8221; title_text=&#8221;idis&#8221; module_class=&#8221;logo4&#8243; _builder_version=&#8221;4.16&#8243; _module_preset=&#8221;default&#8221; global_colors_info=&#8221;{}&#8221;][\/et_pb_image][\/et_pb_column][\/et_pb_row][et_pb_row column_structure=&#8221;1_4,1_4,1_4,1_4&#8243; use_custom_gutter=&#8221;on&#8221; gutter_width=&#8221;1&#8243; disabled_on=&#8221;on|off|on&#8221; admin_label=&#8221;Fila tablet&#8221; module_class=&#8221;four-columns&#8221; _builder_version=&#8221;4.16&#8243; _module_preset=&#8221;default&#8221; width=&#8221;95%&#8221; max_width=&#8221;1086px&#8221; custom_margin=&#8221;5px|auto|36px|auto||&#8221; global_colors_info=&#8221;{}&#8221;][et_pb_column type=&#8221;1_4&#8243; _builder_version=&#8221;4.16&#8243; _module_preset=&#8221;default&#8221; global_colors_info=&#8221;{}&#8221;][et_pb_image src=&#8221;https:\/\/www.idisantiago.es\/wp-content\/uploads\/2022\/02\/todos-1.png&#8221; title_text=&#8221;todos&#8221; url=&#8221;https:\/\/sanidade.xunta.gal\/portada&#8221; module_class=&#8221;logo1&#8243; _builder_version=&#8221;4.16&#8243; _module_preset=&#8221;default&#8221; custom_margin=&#8221;4%||||false|false&#8221; global_colors_info=&#8221;{}&#8221;][\/et_pb_image][\/et_pb_column][et_pb_column type=&#8221;1_4&#8243; _builder_version=&#8221;4.16&#8243; _module_preset=&#8221;default&#8221; global_colors_info=&#8221;{}&#8221;][et_pb_image src=&#8221;https:\/\/www.idisantiago.es\/wp-content\/uploads\/2022\/02\/sergas-1.png&#8221; title_text=&#8221;sergas&#8221; url=&#8221;https:\/\/www.sergas.es\/&#8221; align=&#8221;center&#8221; module_class=&#8221;logo2&#8243; _builder_version=&#8221;4.16&#8243; _module_preset=&#8221;default&#8221; custom_margin=&#8221;|||14px||&#8221; global_colors_info=&#8221;{}&#8221;][\/et_pb_image][\/et_pb_column][et_pb_column type=&#8221;1_4&#8243; _builder_version=&#8221;4.16&#8243; _module_preset=&#8221;default&#8221; global_colors_info=&#8221;{}&#8221;][et_pb_image src=&#8221;https:\/\/www.idisantiago.es\/wp-content\/uploads\/2022\/02\/usc-2.png&#8221; title_text=&#8221;usc&#8221; url=&#8221;https:\/\/www.usc.gal\/gl&#8221; align=&#8221;center&#8221; module_class=&#8221;logo3&#8243; _builder_version=&#8221;4.16&#8243; _module_preset=&#8221;default&#8221; custom_margin=&#8221;|||-2px||&#8221; custom_padding=&#8221;|||15px||&#8221; global_colors_info=&#8221;{}&#8221;][\/et_pb_image][\/et_pb_column][et_pb_column type=&#8221;1_4&#8243; _builder_version=&#8221;4.16&#8243; _module_preset=&#8221;default&#8221; global_colors_info=&#8221;{}&#8221;][et_pb_image src=&#8221;https:\/\/www.idisantiago.es\/wp-content\/uploads\/2022\/02\/idis-2.png&#8221; title_text=&#8221;idis&#8221; module_class=&#8221;logo4&#8243; _builder_version=&#8221;4.16&#8243; _module_preset=&#8221;default&#8221; global_colors_info=&#8221;{}&#8221;][\/et_pb_image][\/et_pb_column][\/et_pb_row][et_pb_row column_structure=&#8221;1_2,1_2&#8243; use_custom_gutter=&#8221;on&#8221; gutter_width=&#8221;1&#8243; disabled_on=&#8221;off|on|on&#8221; admin_label=&#8221;Fila m\u00f3vil&#8221; _builder_version=&#8221;4.16&#8243; _module_preset=&#8221;default&#8221; width=&#8221;90%&#8221; max_width=&#8221;1376px&#8221; custom_margin=&#8221;|auto||auto|false|false&#8221; custom_css_main_element=&#8221;display:flex;&#8221; locked=&#8221;off&#8221; global_colors_info=&#8221;{}&#8221;][et_pb_column type=&#8221;1_2&#8243; _builder_version=&#8221;4.16&#8243; _module_preset=&#8221;default&#8221; global_colors_info=&#8221;{}&#8221;][et_pb_image src=&#8221;https:\/\/www.idisantiago.es\/wp-content\/uploads\/2022\/02\/todos-1.png&#8221; title_text=&#8221;todos&#8221; url=&#8221;https:\/\/sanidade.xunta.gal\/&#8221; align=&#8221;center&#8221; module_class=&#8221;logo1&#8243; _builder_version=&#8221;4.16&#8243; _module_preset=&#8221;default&#8221; custom_margin=&#8221;||||false|false&#8221; custom_padding=&#8221;||||false|false&#8221; global_colors_info=&#8221;{}&#8221;][\/et_pb_image][\/et_pb_column][et_pb_column type=&#8221;1_2&#8243; _builder_version=&#8221;4.16&#8243; _module_preset=&#8221;default&#8221; global_colors_info=&#8221;{}&#8221;][et_pb_image src=&#8221;https:\/\/www.idisantiago.es\/wp-content\/uploads\/2022\/02\/sergas-1.png&#8221; title_text=&#8221;todos&#8221; url=&#8221;https:\/\/www.sergas.es\/&#8221; align=&#8221;center&#8221; module_class=&#8221;logo1&#8243; _builder_version=&#8221;4.16&#8243; _module_preset=&#8221;default&#8221; custom_margin=&#8221;||||false|false&#8221; custom_padding=&#8221;||||false|false&#8221; global_colors_info=&#8221;{}&#8221;][\/et_pb_image][\/et_pb_column][\/et_pb_row][et_pb_row column_structure=&#8221;1_2,1_2&#8243; use_custom_gutter=&#8221;on&#8221; gutter_width=&#8221;1&#8243; disabled_on=&#8221;off|on|on&#8221; admin_label=&#8221;Fila m\u00f3vil&#8221; _builder_version=&#8221;4.16&#8243; _module_preset=&#8221;default&#8221; width=&#8221;90%&#8221; max_width=&#8221;1376px&#8221; custom_margin=&#8221;|auto|32px|auto|false|false&#8221; custom_css_main_element=&#8221;display:flex;&#8221; locked=&#8221;off&#8221; global_colors_info=&#8221;{}&#8221;][et_pb_column type=&#8221;1_2&#8243; _builder_version=&#8221;4.16&#8243; _module_preset=&#8221;default&#8221; global_colors_info=&#8221;{}&#8221;][et_pb_image src=&#8221;https:\/\/www.idisantiago.es\/wp-content\/uploads\/2022\/02\/usc-2.png&#8221; title_text=&#8221;todos&#8221; url=&#8221;https:\/\/www.usc.gal\/gl&#8221; align=&#8221;center&#8221; module_class=&#8221;logo1&#8243; _builder_version=&#8221;4.16&#8243; _module_preset=&#8221;default&#8221; custom_margin=&#8221;||||false|false&#8221; custom_padding=&#8221;||24px||false|false&#8221; global_colors_info=&#8221;{}&#8221;][\/et_pb_image][\/et_pb_column][et_pb_column type=&#8221;1_2&#8243; _builder_version=&#8221;4.16&#8243; _module_preset=&#8221;default&#8221; global_colors_info=&#8221;{}&#8221;][et_pb_image src=&#8221;https:\/\/www.idisantiago.es\/wp-content\/uploads\/2022\/02\/idis-2.png&#8221; title_text=&#8221;todos&#8221; align=&#8221;center&#8221; module_class=&#8221;logo1&#8243; _builder_version=&#8221;4.16&#8243; _module_preset=&#8221;default&#8221; custom_margin=&#8221;||||false|false&#8221; custom_padding=&#8221;||24px||false|false&#8221; locked=&#8221;off&#8221; global_colors_info=&#8221;{}&#8221;][\/et_pb_image][\/et_pb_column][\/et_pb_row][\/et_pb_section]<\/p>\n","protected":false},"excerpt":{"rendered":"<p>PLATAFORMAS DE APOIO COM\u00daNActualmente contamos cun sistema de ecograf\u00eda dixital Vivid iq de altas prestaci\u00f3ns cunha sonda lineal 12S-RS (4,5-12,0 MHz) especialmente configurada para a ecograf\u00eda card\u00edaca en modelos murinos, [&hellip;]<\/p>\n","protected":false},"author":14,"featured_media":0,"parent":15368,"menu_order":0,"comment_status":"closed","ping_status":"closed","template":"","meta":{"_et_pb_use_builder":"on","_et_pb_old_content":"","_et_gb_content_width":"","inline_featured_image":false,"footnotes":""},"class_list":["post-27891","page","type-page","status-publish","hentry"],"publishpress_future_workflow_manual_trigger":{"enabledWorkflows":[]},"_links":{"self":[{"href":"https:\/\/www.idisantiago.es\/gl\/wp-json\/wp\/v2\/pages\/27891","targetHints":{"allow":["GET"]}}],"collection":[{"href":"https:\/\/www.idisantiago.es\/gl\/wp-json\/wp\/v2\/pages"}],"about":[{"href":"https:\/\/www.idisantiago.es\/gl\/wp-json\/wp\/v2\/types\/page"}],"author":[{"embeddable":true,"href":"https:\/\/www.idisantiago.es\/gl\/wp-json\/wp\/v2\/users\/14"}],"replies":[{"embeddable":true,"href":"https:\/\/www.idisantiago.es\/gl\/wp-json\/wp\/v2\/comments?post=27891"}],"version-history":[{"count":13,"href":"https:\/\/www.idisantiago.es\/gl\/wp-json\/wp\/v2\/pages\/27891\/revisions"}],"predecessor-version":[{"id":45702,"href":"https:\/\/www.idisantiago.es\/gl\/wp-json\/wp\/v2\/pages\/27891\/revisions\/45702"}],"up":[{"embeddable":true,"href":"https:\/\/www.idisantiago.es\/gl\/wp-json\/wp\/v2\/pages\/15368"}],"wp:attachment":[{"href":"https:\/\/www.idisantiago.es\/gl\/wp-json\/wp\/v2\/media?parent=27891"}],"curies":[{"name":"wp","href":"https:\/\/api.w.org\/{rel}","templated":true}]}}