{"id":4353,"date":"2019-01-16T13:13:40","date_gmt":"2019-01-16T12:13:40","guid":{"rendered":"https:\/\/www.idisantiago.es\/empleo\/"},"modified":"2022-03-15T12:11:27","modified_gmt":"2022-03-15T11:11:27","slug":"emprego","status":"publish","type":"page","link":"https:\/\/www.idisantiago.es\/gl\/emprego\/","title":{"rendered":"Traballa connosco"},"content":{"rendered":"<p>[et_pb_section fb_built=&#8221;1&#8243; admin_label=&#8221;T\u00edtulo&#8221; _builder_version=&#8221;4.14.1&#8243; _module_preset=&#8221;default&#8221; custom_margin=&#8221;64px||||false|false&#8221; custom_padding=&#8221;0px||||false|false&#8221; locked=&#8221;off&#8221; collapsed=&#8221;off&#8221; global_colors_info=&#8221;{}&#8221;][et_pb_row _builder_version=&#8221;4.10.7&#8243; _module_preset=&#8221;default&#8221; width=&#8221;100%&#8221; custom_padding=&#8221;0px||||false|false&#8221; global_colors_info=&#8221;{}&#8221;][et_pb_column type=&#8221;4_4&#8243; _builder_version=&#8221;4.10.7&#8243; _module_preset=&#8221;default&#8221; global_colors_info=&#8221;{}&#8221;][et_pb_post_title meta=&#8221;off&#8221; featured_image=&#8221;off&#8221; _builder_version=&#8221;4.14.1&#8243; _module_preset=&#8221;default&#8221; global_colors_info=&#8221;{}&#8221;][\/et_pb_post_title][\/et_pb_column][\/et_pb_row][\/et_pb_section][et_pb_section fb_built=&#8221;1&#8243; _builder_version=&#8221;4.14.1&#8243; _module_preset=&#8221;default&#8221; global_colors_info=&#8221;{}&#8221;][et_pb_row column_structure=&#8221;1_2,1_2&#8243; _builder_version=&#8221;4.14.1&#8243; _module_preset=&#8221;default&#8221; global_colors_info=&#8221;{}&#8221;][et_pb_column type=&#8221;1_2&#8243; _builder_version=&#8221;4.14.1&#8243; _module_preset=&#8221;default&#8221; global_colors_info=&#8221;{}&#8221;][et_pb_text _builder_version=&#8221;4.14.1&#8243; _module_preset=&#8221;default&#8221; text_font=&#8221;|300|||||||&#8221; global_colors_info=&#8221;{}&#8221;]FIDIS somos un equipo multidisciplinar e comprometido con crear unha contorna inclusiva para todo o noso persoal.[\/et_pb_text][\/et_pb_column][et_pb_column type=&#8221;1_2&#8243; _builder_version=&#8221;4.14.1&#8243; _module_preset=&#8221;default&#8221; global_colors_info=&#8221;{}&#8221;][et_pb_text _builder_version=&#8221;4.14.1&#8243; _module_preset=&#8221;default&#8221; text_font=&#8221;|300|||||||&#8221; global_colors_info=&#8221;{}&#8221;]Estamos buscando persoas apaixonadas pola investigaci\u00f3n e cunha curiosidade insaciable para unirse \u00e1 nosa misi\u00f3n de brindar unha mellor sa\u00fade cada d\u00eda. Aqu\u00ed podes ver e solicitar as nosas vacantes actuais.[\/et_pb_text][\/et_pb_column][\/et_pb_row][\/et_pb_section][et_pb_section fb_built=&#8221;1&#8243; admin_label=&#8221;Iframe empleo&#8221; _builder_version=&#8221;4.10.7&#8243; _module_preset=&#8221;default&#8221; custom_padding=&#8221;1px||3px|||&#8221; global_colors_info=&#8221;{}&#8221;][et_pb_row _builder_version=&#8221;4.10.7&#8243; _module_preset=&#8221;default&#8221; global_colors_info=&#8221;{}&#8221; custom_padding=&#8221;||0px|||&#8221;][et_pb_column type=&#8221;4_4&#8243; _builder_version=&#8221;4.10.7&#8243; _module_preset=&#8221;default&#8221; global_colors_info=&#8221;{}&#8221;][et_pb_text _builder_version=&#8221;4.14.1&#8243; _module_preset=&#8221;default&#8221; header_font=&#8221;Roboto||||||||&#8221; header_2_font_size=&#8221;24px&#8221; text_orientation=&#8221;center&#8221; global_colors_info=&#8221;{}&#8221;]<\/p>\n<h2>Oportunidades para facer realidade o teu proxecto de investigaci\u00f3n<\/h2>\n<p>[\/et_pb_text][et_pb_code _builder_version=&#8221;4.14.7&#8243; _module_preset=&#8221;default&#8221; hover_enabled=&#8221;0&#8243; global_colors_info=&#8221;{}&#8221; sticky_enabled=&#8221;0&#8243;]<iframe id=\"idIframeEmpleo\"  src=\"<!-- [et_pb_line_break_holder] -->https:\/\/empleo.idisantiago.es\/ofertastrabajo\/publicadas&#8221;style=&#8221;width:100%;height:1000px&#8221;><\/iframe>[\/et_pb_code][\/et_pb_column][\/et_pb_row][\/et_pb_section][et_pb_section fb_built=&#8221;1&#8243; admin_label=&#8221;Logos_internas&#8221; _builder_version=&#8221;4.14.7&#8243; _module_preset=&#8221;default&#8221; background_color=&#8221;RGBA(255,255,255,0)&#8221; custom_margin=&#8221;5px|||||&#8221; custom_padding=&#8221;27px||0px|||&#8221; locked=&#8221;off&#8221; global_colors_info=&#8221;{}&#8221; global_module=&#8221;11879&#8243; theme_builder_area=&#8221;post_content&#8221;][et_pb_row column_structure=&#8221;1_4,1_4,1_4,1_4&#8243; use_custom_gutter=&#8221;on&#8221; gutter_width=&#8221;4&#8243; _builder_version=&#8221;4.14.7&#8243; _module_preset=&#8221;default&#8221; width=&#8221;100%&#8221; max_width=&#8221;957px&#8221; custom_margin=&#8221;5px|auto|36px|auto||&#8221; global_colors_info=&#8221;{}&#8221; theme_builder_area=&#8221;post_content&#8221;][et_pb_column type=&#8221;1_4&#8243; _builder_version=&#8221;4.14.1&#8243; _module_preset=&#8221;default&#8221; global_colors_info=&#8221;{}&#8221; theme_builder_area=&#8221;post_content&#8221;][et_pb_image src=&#8221;https:\/\/www.idisantiago.es\/wp-content\/uploads\/2022\/02\/consellaria.png&#8221; title_text=&#8221;consellaria&#8221; module_class=&#8221;logo1&#8243; _builder_version=&#8221;4.14.7&#8243; _module_preset=&#8221;default&#8221; global_colors_info=&#8221;{}&#8221; theme_builder_area=&#8221;post_content&#8221;][\/et_pb_image][\/et_pb_column][et_pb_column type=&#8221;1_4&#8243; _builder_version=&#8221;4.14.1&#8243; _module_preset=&#8221;default&#8221; global_colors_info=&#8221;{}&#8221; theme_builder_area=&#8221;post_content&#8221;][et_pb_image src=&#8221;https:\/\/www.idisantiago.es\/wp-content\/uploads\/2022\/02\/servizo_galego_saude.png&#8221; title_text=&#8221;servizo_galego_saude&#8221; module_class=&#8221;logo2&#8243; _builder_version=&#8221;4.14.7&#8243; _module_preset=&#8221;default&#8221; custom_margin=&#8221;|||14px||&#8221; global_colors_info=&#8221;{}&#8221; theme_builder_area=&#8221;post_content&#8221;][\/et_pb_image][\/et_pb_column][et_pb_column type=&#8221;1_4&#8243; _builder_version=&#8221;4.14.1&#8243; _module_preset=&#8221;default&#8221; global_colors_info=&#8221;{}&#8221; theme_builder_area=&#8221;post_content&#8221;][et_pb_image src=&#8221;https:\/\/www.idisantiago.es\/wp-content\/uploads\/2022\/02\/usc.png&#8221; title_text=&#8221;usc&#8221; module_class=&#8221;logo3&#8243; _builder_version=&#8221;4.14.7&#8243; _module_preset=&#8221;default&#8221; custom_margin=&#8221;|||-2px||&#8221; custom_padding=&#8221;|||15px||&#8221; global_colors_info=&#8221;{}&#8221; theme_builder_area=&#8221;post_content&#8221;][\/et_pb_image][\/et_pb_column][et_pb_column type=&#8221;1_4&#8243; _builder_version=&#8221;4.14.1&#8243; _module_preset=&#8221;default&#8221; global_colors_info=&#8221;{}&#8221; theme_builder_area=&#8221;post_content&#8221;][et_pb_image src=&#8221;https:\/\/www.idisantiago.es\/wp-content\/uploads\/2022\/02\/idis.png&#8221; title_text=&#8221;idis&#8221; module_class=&#8221;logo4&#8243; _builder_version=&#8221;4.14.7&#8243; _module_preset=&#8221;default&#8221; global_colors_info=&#8221;{}&#8221; theme_builder_area=&#8221;post_content&#8221;][\/et_pb_image][\/et_pb_column][\/et_pb_row][\/et_pb_section]<\/p>\n","protected":false},"excerpt":{"rendered":"<p>FIDIS somos un equipo multidisciplinar e comprometido con crear unha contorna inclusiva para todo o noso persoal.Estamos buscando persoas apaixonadas pola investigaci\u00f3n e cunha curiosidade insaciable para unirse \u00e1 nosa [&hellip;]<\/p>\n","protected":false},"author":6,"featured_media":0,"parent":0,"menu_order":0,"comment_status":"closed","ping_status":"closed","template":"","meta":{"_et_pb_use_builder":"on","_et_pb_old_content":"<p>[vc_row full_width=\"stretch_row\" foundry_padding=\"pt0\" css=\".vc_custom_1532428823554{background-color: rgba(0,56,100,0.06) !important;*background-color: rgb(0,56,100) !important;}\"][vc_column][vc_empty_space height=\"50px\"][vc_row_inner css=\".vc_custom_1530550943440{padding-left: 10% !important;}\"][vc_column_inner el_class=\"qsomos-titulo\" width=\"1\/3\"][vc_column_text el_class=\"qsomos-titulo-txt\"]<\/p><h2 style=\"text-align: left; font-weight: bold;\"><span lang=\"ES\">EMPLEO <\/span><\/h2><p>[\/vc_column_text][vc_empty_space height=\"60px\"][\/vc_column_inner][vc_column_inner el_class=\"qsomos-subtitulo\" width=\"1\/2\"][vc_column_text]<\/p><h3 style=\"text-align: left; color: #b29514;\"><span lang=\"ES\">buscamos <strong>personas apasionadas<\/strong><br \/>por la investigaci\u00f3n<\/span><\/h3><p>[\/vc_column_text][\/vc_column_inner][\/vc_row_inner][\/vc_column][\/vc_row][vc_row equal_height=\"yes\" foundry_padding=\"pt0 pb0\"][vc_column][vc_empty_space height=\"50px\"][\/vc_column][vc_column width=\"1\/2\" css=\".vc_custom_1532952077912{padding-top: 15px !important;padding-right: 15px !important;padding-bottom: 15px !important;padding-left: 15px !important;}\"][vc_column_text]<\/p><h5>FIDIS somos un equipo multidisciplinar y comprometido con crear un entorno inclusivo para todo nuestro personal.<\/h5><p>[\/vc_column_text][vc_column_text el_class=\"sin-margin-bottom gestion-preguntas hidden\"]<\/p><h3><strong>Oportunidades para hacer realidad tu proyecto de investigaci\u00f3n<\/strong><\/h3><p>[\/vc_column_text][\/vc_column][vc_column width=\"1\/2\" css=\".vc_custom_1532952072219{padding-top: 15px !important;padding-right: 15px !important;padding-bottom: 15px !important;padding-left: 15px !important;}\"][vc_column_text]<\/p><h5>Estamos buscando personas apasionadas por la investigaci\u00f3n y con una curiosidad insaciable para unirse a nuestra misi\u00f3n de brindar una mejor salud cada d\u00eda. Aqu\u00ed puedes ver y solicitar nuestras vacantes actuales.<\/h5><p>[\/vc_column_text][\/vc_column][\/vc_row][vc_row foundry_padding=\"pt0 pb0\"][vc_column][vc_raw_html]JTNDaWZyYW1lJTIwaWQlM0QlMjJpZElmcmFtZUVtcGxlbyUyMiUyMCUyMHNyYyUzRCUyMiUwQWh0dHBzJTNBJTJGJTJGZW1wbGVvLmlkaXNhbnRpYWdvLmVzJTJGb2ZlcnRhc3RyYWJham8lMkZwdWJsaWNhZGFzJTIyc3R5bGUlM0QlMjJ3aWR0aCUzQTEwMCUyNSUzQmhlaWdodCUzQTIwMDBweCUyMiUzRSUzQyUyRmlmcmFtZSUzRSVFMiU4MCU4Qg==[\/vc_raw_html][vc_empty_space height=\"50px\"][\/vc_column][\/vc_row][vc_row][vc_column][\/vc_column][\/vc_row]<\/p>","_et_gb_content_width":"","inline_featured_image":false,"footnotes":""},"class_list":["post-4353","page","type-page","status-publish","hentry"],"publishpress_future_workflow_manual_trigger":{"enabledWorkflows":[]},"_links":{"self":[{"href":"https:\/\/www.idisantiago.es\/gl\/wp-json\/wp\/v2\/pages\/4353","targetHints":{"allow":["GET"]}}],"collection":[{"href":"https:\/\/www.idisantiago.es\/gl\/wp-json\/wp\/v2\/pages"}],"about":[{"href":"https:\/\/www.idisantiago.es\/gl\/wp-json\/wp\/v2\/types\/page"}],"author":[{"embeddable":true,"href":"https:\/\/www.idisantiago.es\/gl\/wp-json\/wp\/v2\/users\/6"}],"replies":[{"embeddable":true,"href":"https:\/\/www.idisantiago.es\/gl\/wp-json\/wp\/v2\/comments?post=4353"}],"version-history":[{"count":6,"href":"https:\/\/www.idisantiago.es\/gl\/wp-json\/wp\/v2\/pages\/4353\/revisions"}],"predecessor-version":[{"id":16637,"href":"https:\/\/www.idisantiago.es\/gl\/wp-json\/wp\/v2\/pages\/4353\/revisions\/16637"}],"wp:attachment":[{"href":"https:\/\/www.idisantiago.es\/gl\/wp-json\/wp\/v2\/media?parent=4353"}],"curies":[{"name":"wp","href":"https:\/\/api.w.org\/{rel}","templated":true}]}}